{"id":20567,"date":"2026-03-05T12:12:22","date_gmt":"2026-03-05T11:12:22","guid":{"rendered":"https:\/\/ritosa.click.si\/?post_type=product&#038;p=20567"},"modified":"2026-03-05T12:32:45","modified_gmt":"2026-03-05T11:32:45","slug":"dalbello-veloce-max-gw-80-w","status":"publish","type":"product","link":"https:\/\/ritosa.click.si\/en\/trgovina\/skiing\/smucarska-oprema\/smucarski-cevlji\/zenski-smucarski-cevlji\/dalbello-veloce-max-gw-80-w\/","title":{"rendered":"Dalbello Veloce Max GW 80 W"},"content":{"rendered":"<p data-start=\"63\" data-end=\"167\"><strong data-start=\"63\" data-end=\"167\">Udobni, stabilni in enostavni za uporabo \u2013 idealni za za\u010detnice in smu\u010darke na srednji ravni znanja.<\/strong><\/p>\n<p data-start=\"169\" data-end=\"508\">Dalbello <strong data-start=\"178\" data-end=\"200\">Veloce Max GW 80 W<\/strong> so \u017eenski smu\u010darski \u010devlji, zasnovani za smu\u010darke, ki \u017eelijo kombinacijo <strong data-start=\"274\" data-end=\"333\">udobja, \u0161ir\u0161ega prileganja in dobrega nadzora na smu\u010deh<\/strong>. \u0160irina 103 mm zagotavlja ve\u010d prostora v \u010devlju, hkrati pa konstrukcija <strong data-start=\"406\" data-end=\"417\">Overlap<\/strong> in flex 80 omogo\u010data stabilnost ter zanesljiv prenos mo\u010di pri smu\u010danju na urejenih progah.<\/p>\n<p data-start=\"510\" data-end=\"715\">Toplotno prilagodljiv notranji \u010develj <strong data-start=\"548\" data-end=\"578\">Instant Fit Supercomfort W<\/strong> in tehnologija <strong data-start=\"594\" data-end=\"603\">MyFit<\/strong> omogo\u010data individualno prilagoditev, zato \u010devlji nudijo odli\u010dno prileganje in udobje tudi pri dalj\u0161em smu\u010danju.<\/p>\n<hr \/>\n<p><strong>Main features:<\/strong><\/p>\n<ul>\n<li><strong data-start=\"748\" data-end=\"780\">\u0160ir\u0161i in udoben fit (103 mm):<\/strong> idealno za smu\u010darke, ki potrebujejo ve\u010d prostora v prednjem delu stopala, a \u017eelijo stabilen oprijem.<\/li>\n<li><strong data-start=\"885\" data-end=\"920\">Flex 80 za nadzor in stabilnost: <\/strong>ravnote\u017eje med udobjem in podporo, primerno za za\u010detnice in srednje dobre smu\u010darke.<\/li>\n<li><strong>GripWalk soles:<\/strong> ve\u010d udobja pri hoji in bolj\u0161i oprijem, kompatibilni z GripWalk vezmi (ISO 23223).<\/li>\n<\/ul>\n<p><strong>Technical specifications:<\/strong><\/p>\n<ul>\n<li><strong>Flex:<\/strong> 80<\/li>\n<li><strong>\u0160irina (pri velikosti 265mm):<\/strong> 103 mm (Medium-Wide fit)<\/li>\n<li><strong>Shell material:<\/strong> DB Hyperlite<\/li>\n<li><strong>Material man\u0161ete:<\/strong>\u00a0DB Hyperlite<\/li>\n<li><strong>Power Strap:<\/strong>\u00a040 mm<\/li>\n<li><strong>Sistem prileganja:<\/strong>\u00a0MyFit<\/li>\n<li><strong>Notranji \u010develj:<\/strong> IF SUPERCOMFORT W<\/li>\n<li>Added inserts for size adjustment<\/li>\n<li><strong>Gender:\u00a0<\/strong>Women&#039;s<\/li>\n<li><strong>Raven znanja:<\/strong> Za\u010detni \u2013 Srednji<\/li>\n<li><strong>Color:<\/strong>\u00a0Black \/ Berry<\/li>\n<li><strong>Velikosti (MP):<\/strong> 22.5 \u2013 27.5<\/li>\n<\/ul>\n<p><strong>Tabela Velikosti<\/strong><\/p>\n<table class=\"w-fit min-w-(--thread-content-width)\">\n<thead>\n<tr>\n<th>Sole length (mm)<\/th>\n<th>Mondo Point<\/th>\n<th>US \u2013 Men<\/th>\n<th>US \u2013 Women<\/th>\n<th>EU<\/th>\n<th>UK<\/th>\n<\/tr>\n<\/thead>\n<tbody>\n<tr>\n<td>278<\/td>\n<td>23.5<\/td>\n<td>\u2013<\/td>\n<td>6.5<\/td>\n<td>37.5<\/td>\n<td>4.5<\/td>\n<\/tr>\n<tr>\n<td>288<\/td>\n<td>24.5<\/td>\n<td>6.5<\/td>\n<td>7.5<\/td>\n<td>39<\/td>\n<td>5.5<\/td>\n<\/tr>\n<tr>\n<td>298<\/td>\n<td>25.5<\/td>\n<td>7.5<\/td>\n<td>8.5<\/td>\n<td>40<\/td>\n<td>6.5<\/td>\n<\/tr>\n<tr>\n<td>308<\/td>\n<td>26.5<\/td>\n<td>8.5<\/td>\n<td>9.5<\/td>\n<td>41.5<\/td>\n<td>7.5<\/td>\n<\/tr>\n<tr>\n<td>318<\/td>\n<td>27.5<\/td>\n<td>9.5<\/td>\n<td>10.5<\/td>\n<td>42.5<\/td>\n<td>8.5<\/td>\n<\/tr>\n<tr>\n<td>328<\/td>\n<td>28.5<\/td>\n<td>10.5<\/td>\n<td>\u2013<\/td>\n<td>44<\/td>\n<td>9.5<\/td>\n<\/tr>\n<tr>\n<td>338<\/td>\n<td>29.5<\/td>\n<td>11.5<\/td>\n<td>\u2013<\/td>\n<td>45.5<\/td>\n<td>10.5<\/td>\n<\/tr>\n<tr>\n<td>348<\/td>\n<td>30.5<\/td>\n<td>12.5<\/td>\n<td>\u2013<\/td>\n<td>47.5<\/td>\n<td>11.5<\/td>\n<\/tr>\n<\/tbody>\n<\/table>","protected":false},"excerpt":{"rendered":"<p><span class=\"HwtZe\" lang=\"sl\" xml:lang=\"sl\"><span class=\"jCAhz ChMk0b\"><span class=\"ryNqvb\">Smu\u010darski \u010devlji Dalbello Veloce Max GW 80 W<\/span><\/span><\/span><\/p>","protected":false},"featured_media":20574,"template":"","meta":{"_acf_changed":false,"inline_featured_image":false},"product_brand":[1191],"product_cat":[603],"product_tag":[2160,1199,2184],"class_list":{"0":"post-20567","1":"product","2":"type-product","3":"status-publish","4":"has-post-thumbnail","6":"product_brand-dalbello","7":"product_cat-zenski-smucarski-cevlji","8":"product_tag-smucarski-cevlji-dalbello","9":"product_tag-zenske","10":"product_tag-zenski-smucarski-cevlji-dalbello","11":"pa_velikost-25-25-5","13":"first","14":"instock","15":"sale","16":"taxable","17":"shipping-taxable","18":"purchasable","19":"product-type-variable"},"acf":[],"_links":{"self":[{"href":"https:\/\/ritosa.click.si\/en\/wp-json\/wp\/v2\/product\/20567","targetHints":{"allow":["GET"]}}],"collection":[{"href":"https:\/\/ritosa.click.si\/en\/wp-json\/wp\/v2\/product"}],"about":[{"href":"https:\/\/ritosa.click.si\/en\/wp-json\/wp\/v2\/types\/product"}],"wp:featuredmedia":[{"embeddable":true,"href":"https:\/\/ritosa.click.si\/en\/wp-json\/wp\/v2\/media\/20574"}],"wp:attachment":[{"href":"https:\/\/ritosa.click.si\/en\/wp-json\/wp\/v2\/media?parent=20567"}],"wp:term":[{"taxonomy":"product_brand","embeddable":true,"href":"https:\/\/ritosa.click.si\/en\/wp-json\/wp\/v2\/product_brand?post=20567"},{"taxonomy":"product_cat","embeddable":true,"href":"https:\/\/ritosa.click.si\/en\/wp-json\/wp\/v2\/product_cat?post=20567"},{"taxonomy":"product_tag","embeddable":true,"href":"https:\/\/ritosa.click.si\/en\/wp-json\/wp\/v2\/product_tag?post=20567"}],"curies":[{"name":"wp","href":"https:\/\/api.w.org\/{rel}","templated":true}]}}