{"id":20106,"date":"2025-10-28T20:31:31","date_gmt":"2025-10-28T19:31:31","guid":{"rendered":"https:\/\/ritosa.click.si\/?post_type=product&#038;p=20106"},"modified":"2026-03-23T12:53:14","modified_gmt":"2026-03-23T11:53:14","slug":"sportna-ocala-alpina-twist-five-hr-vl-s1-3","status":"publish","type":"product","link":"https:\/\/ritosa.click.si\/en\/trgovina\/cycling\/kolesarska-oprema\/kolesarska-ocala\/sportna-ocala-alpina-twist-five-hr-vl-s1-3\/","title":{"rendered":"Sports glasses Alpina TWIST FIVE HR VL+ S1-3"},"content":{"rendered":"<p data-start=\"35\" data-end=\"422\">Kolesarska o\u010dala Alpina Twist Five HR VL+ S1-3 so zasnovana za aktivne kolesarje, ki i\u0161\u010dejo zanesljivo za\u0161\u010dito, udobje in prilagodljivost v vseh svetlobnih pogojih. Zahvaljujo\u010d <strong data-start=\"212\" data-end=\"257\">foto-kromatskim (samozatemnitvenim) le\u010dam<\/strong> se o\u010dala samodejno prilagajajo svetlobi (kategorija 1\u20133), kar omogo\u010da optimalno vidljivost tako v senci kot na mo\u010dnem soncu.<\/p>\n<p data-start=\"424\" data-end=\"772\">Lahka konstrukcija in polovi\u010dni okvir zagotavljata odli\u010dno prileganje ter \u0161iroko vidno polje, medtem ko <strong data-start=\"528\" data-end=\"569\">nastavljive nosne blazinice in ro\u010dice<\/strong> poskrbijo za stabilnost tudi med intenzivno vo\u017enjo. Le\u010de nudijo <strong data-start=\"634\" data-end=\"678\">100 % za\u0161\u010dito pred UVA, UVB in UVC \u017earki<\/strong> ter imajo <strong data-start=\"689\" data-end=\"708\">anti-fog premaz<\/strong>, ki prepre\u010duje rosenje.<\/p>\n<p data-start=\"774\" data-end=\"1007\">Zaradi svoje vsestranskosti so o\u010dala primerna za cestno in gorsko kolesarjenje, pa tudi za druge \u0161portne aktivnosti. Kombinacija funkcionalnosti, nizke te\u017ee in udobja jih naredi idealno izbiro za vsakodnevne treninge ali dalj\u0161e ture.<\/p>\n<p data-start=\"1014\" data-end=\"1037\"><strong data-start=\"1014\" data-end=\"1035\">Key features<\/strong><\/p>\n<ul data-start=\"1038\" data-end=\"1330\">\n<li data-section-id=\"dyzm15\" data-start=\"1038\" data-end=\"1112\">Foto-kromatske le\u010de (kategorija 1\u20133) \u2013 samodejno prilagajanje svetlobi<\/li>\n<li data-section-id=\"qt8mty\" data-start=\"1113\" data-end=\"1149\">100 % UV za\u0161\u010dita (UVA, UVB, UVC)<\/li>\n<li data-section-id=\"1vgrtnm\" data-start=\"1150\" data-end=\"1183\">Anti-fog premaz proti rosenju<\/li>\n<li data-section-id=\"u5zli3\" data-start=\"1184\" data-end=\"1237\">Nastavljiv nosnik in ro\u010dice za popolno prileganje<\/li>\n<li data-section-id=\"k391f3\" data-start=\"1238\" data-end=\"1284\">Lahek polovi\u010dni okvir za ve\u010dje vidno polje<\/li>\n<li data-section-id=\"1xnd45g\" data-start=\"1285\" data-end=\"1330\">Primerna za cestno in gorsko kolesarjenje<\/li>\n<\/ul>","protected":false},"excerpt":{"rendered":"<p data-start=\"35\" data-end=\"422\">Kolesarska o\u010dala Alpina Twist Five HR VL+ S1-3 so zasnovana za aktivne kolesarje, ki i\u0161\u010dejo zanesljivo za\u0161\u010dito, udobje in prilagodljivost v vseh svetlobnih pogojih. Zahvaljujo\u010d <strong data-start=\"212\" data-end=\"257\">foto-kromatskim (samozatemnitvenim) le\u010dam<\/strong> se o\u010dala samodejno prilagajajo svetlobi (kategorija 1\u20133), kar omogo\u010da optimalno vidljivost tako v senci kot na mo\u010dnem soncu.<\/p>","protected":false},"featured_media":22139,"template":"","meta":{"_acf_changed":false,"inline_featured_image":false},"product_brand":[678],"product_cat":[526],"product_tag":[1126,2046,2036,2038,2045,2040],"class_list":{"0":"post-20106","1":"product","2":"type-product","3":"status-publish","4":"has-post-thumbnail","6":"product_brand-alpina","7":"product_cat-kolesarska-ocala","8":"product_tag-alpina-2","9":"product_tag-alpina-twist-five-hr-v","10":"product_tag-sportna-ocala","11":"product_tag-sportna-ocala-alpina","12":"product_tag-sportna-ocala-alpina-twist-five-hr-v","13":"product_tag-sportna-soncna-ocala","15":"first","16":"instock","17":"sale","18":"taxable","19":"shipping-taxable","20":"purchasable","21":"product-type-simple"},"acf":[],"_links":{"self":[{"href":"https:\/\/ritosa.click.si\/en\/wp-json\/wp\/v2\/product\/20106","targetHints":{"allow":["GET"]}}],"collection":[{"href":"https:\/\/ritosa.click.si\/en\/wp-json\/wp\/v2\/product"}],"about":[{"href":"https:\/\/ritosa.click.si\/en\/wp-json\/wp\/v2\/types\/product"}],"wp:featuredmedia":[{"embeddable":true,"href":"https:\/\/ritosa.click.si\/en\/wp-json\/wp\/v2\/media\/22139"}],"wp:attachment":[{"href":"https:\/\/ritosa.click.si\/en\/wp-json\/wp\/v2\/media?parent=20106"}],"wp:term":[{"taxonomy":"product_brand","embeddable":true,"href":"https:\/\/ritosa.click.si\/en\/wp-json\/wp\/v2\/product_brand?post=20106"},{"taxonomy":"product_cat","embeddable":true,"href":"https:\/\/ritosa.click.si\/en\/wp-json\/wp\/v2\/product_cat?post=20106"},{"taxonomy":"product_tag","embeddable":true,"href":"https:\/\/ritosa.click.si\/en\/wp-json\/wp\/v2\/product_tag?post=20106"}],"curies":[{"name":"wp","href":"https:\/\/api.w.org\/{rel}","templated":true}]}}