{"id":14362,"date":"2025-06-11T12:55:01","date_gmt":"2025-06-11T12:55:01","guid":{"rendered":"https:\/\/ritosa.click.si\/?post_type=product&#038;p=14362"},"modified":"2026-03-12T12:42:24","modified_gmt":"2026-03-12T11:42:24","slug":"kolesarski-cevlji-zuatu-z002-2","status":"publish","type":"product","link":"https:\/\/ritosa.click.si\/en\/trgovina\/cycling\/kolesarska-oprema\/kolesarski-cevlji\/kolesarski-cevlji-zuatu-z002-2\/","title":{"rendered":"Cycling shoes ZUATU Z002"},"content":{"rendered":"<p>Zasnovan za vrhunsko cestno kolesarsko zmogljivost, model\u00a0Z002\u00a0zdru\u017euje inovativne materiale in napredno in\u017eenirstvo, da vam pomagajo voziti hitreje, dlje in udobneje.<\/p>\n<ul>\n<li>Zgornji del iz visoko trpe\u017ene\u00a0tkanine (Weft Knit)\u00a0za udobje kot druga ko\u017ea in odli\u010dno zra\u010dnost.<\/li>\n<li>TPU Hot-Melt konstrukcija\u00a0z obmo\u010dji podpore za stabilno in varno prileganje.<\/li>\n<li>Podplat iz\u00a0karbonskih vlaken T800\u00a0zagotavlja maksimalno togost in u\u010dinkovito prenos mo\u010di.<\/li>\n<li>Zra\u010den\u00a0podplat in mre\u017easti zgornji del\u00a0ohranjata stopala hladna in suha.<\/li>\n<li>Dvojni sistem zategovanja\u00a0omogo\u010da natan\u010dne\u00a0nastavitve med vo\u017enjo.<\/li>\n<li>Oja\u010dana karbonska peta\u00a0za bolj\u0161o stabilnost in za\u0161\u010dito pred udarci.<\/li>\n<li>Tehnologija 3M\u2122 Scotchgard\u2122 + Defender Repellent\u00a0za odpornost proti vodi in made\u017eem v vseh razmerah.<\/li>\n<li>Te\u017ea:\u00a0250 g (velikost 42).<\/li>\n<\/ul>\n<p>Lahek, natan\u010den in ustvarjen za zmogljivost \u2014\u00a0ZUATU Z002\u00a0je va\u0161 najbolj\u0161i sopotnik na cesti.<\/p>\n<p><img fetchpriority=\"high\" decoding=\"async\" src=\"https:\/\/ritosa.si\/img\/cms\/Brez%20naslova_1.png\" alt=\"\" width=\"425\" height=\"418\" \/><\/p>","protected":false},"excerpt":{"rendered":"<div class=\"copy\">ZUATU Z002 \u2013 Extremely lightweight road cycling shoes with an airy upper, T800 carbon sole for efficient power transfer, Hot-Melt TPU construction and a dual tightening system for a precise fit.<\/div>","protected":false},"featured_media":18895,"template":"","meta":{"_acf_changed":false,"inline_featured_image":false},"product_brand":[1197],"product_cat":[549],"product_tag":[1780,1809,1787,1806,1807,1804,1808],"class_list":{"0":"post-14362","1":"product","2":"type-product","3":"status-publish","4":"has-post-thumbnail","6":"product_brand-zuatu","7":"product_cat-kolesarski-cevlji","8":"product_tag-cevlji","9":"product_tag-cevlji-zuatu","10":"product_tag-kolesarski-cevlji","11":"product_tag-kolesarski-cevlji-zuatu","12":"product_tag-kolesarski-cevlji-zuatu-z002","13":"product_tag-zuatu","14":"product_tag-zuatu-z002","15":"pa_velikost-737","16":"pa_velikost-742","17":"pa_velikost-43-2","18":"pa_velikost-766","19":"pa_velikost-45-2","21":"first","22":"instock","23":"sale","24":"taxable","25":"shipping-taxable","26":"purchasable","27":"product-type-variable"},"acf":[],"_links":{"self":[{"href":"https:\/\/ritosa.click.si\/en\/wp-json\/wp\/v2\/product\/14362","targetHints":{"allow":["GET"]}}],"collection":[{"href":"https:\/\/ritosa.click.si\/en\/wp-json\/wp\/v2\/product"}],"about":[{"href":"https:\/\/ritosa.click.si\/en\/wp-json\/wp\/v2\/types\/product"}],"wp:featuredmedia":[{"embeddable":true,"href":"https:\/\/ritosa.click.si\/en\/wp-json\/wp\/v2\/media\/18895"}],"wp:attachment":[{"href":"https:\/\/ritosa.click.si\/en\/wp-json\/wp\/v2\/media?parent=14362"}],"wp:term":[{"taxonomy":"product_brand","embeddable":true,"href":"https:\/\/ritosa.click.si\/en\/wp-json\/wp\/v2\/product_brand?post=14362"},{"taxonomy":"product_cat","embeddable":true,"href":"https:\/\/ritosa.click.si\/en\/wp-json\/wp\/v2\/product_cat?post=14362"},{"taxonomy":"product_tag","embeddable":true,"href":"https:\/\/ritosa.click.si\/en\/wp-json\/wp\/v2\/product_tag?post=14362"}],"curies":[{"name":"wp","href":"https:\/\/api.w.org\/{rel}","templated":true}]}}