{"id":14233,"date":"2025-04-30T14:10:40","date_gmt":"2025-04-30T14:10:40","guid":{"rendered":"https:\/\/ritosa.click.si\/?post_type=product&#038;p=14233"},"modified":"2026-03-14T09:51:52","modified_gmt":"2026-03-14T08:51:52","slug":"specialized-riprock-20-2025","status":"publish","type":"product","link":"https:\/\/ritosa.click.si\/en\/trgovina\/cycling\/kolesa\/otroska-kolesa\/20\/specialized-riprock-20-2025\/","title":{"rendered":"Specialized Riprock 20&#8221;"},"content":{"rendered":"<p>Freedom means the absence of fear. And fearless riding is only possible on a bike that can follow your child\u2019s imagination. That\u2019s why we designed the Riprock as a mountain bike that includes all the features you need for a no-compromise ride\u2014modern geometry, Ground Control tires, hydraulic disc brakes, and internal cable routing. We added a drivetrain with a wider gear range to help you conquer climbs and descend trails with confidence.<\/p>\n<p>Riprock 20 je\u00a0prilagojen otro\u0161ki anatomiji\u00a0\u2013 od oprijema do sede\u017ea \u2013 s poudarkom na udobju, ki zagotavlja samozavestno vo\u017enjo. Prilagojen je potrebam mladih kolesarjev, tako da bo va\u0161a mala pustolovka ali pustolovec u\u017eival\/a v vsakem trenutku na poti.<\/p>\n<h3><strong>Technical specifications<\/strong><\/h3>\n<ul>\n<li>Frame: A1 Premium Butted Aluminum, unisex frame, internally routed, 148mm thru axle, 30.9mm seatpost ready, interchangeable derailleur hanger compatible<\/li>\n<li>Seatpost clamp: Bolt, 34.9 mm<\/li>\n<li>Fork: A1 Premium Butted Aluminum, Aluminum Steerer, 15\u00d7110 mm, with Mini Fender<\/li>\n<li>Front brake: Promax DSK-926, hydraulic disc, 160 mm rotor, adjustable reach<\/li>\n<li>Rear brake: Promax DSK-926, hydraulic disc, 160 mm rotor, adjustable reach<\/li>\n<li>Shift lever: MicroSHIFT SL-M6285-SR, 8-speed, short reach, for 19 mm handlebars, with gear indicator, not compatible with Shimano<\/li>\n<li>Rear derailleur: MicroSHIFT RD-M5185S, short cage, with tensioner<\/li>\n<li>Cassette: microSHIFT CS-H083, 11-38T, 8 gears<\/li>\n<li>Chain: KMC X8 with Missing Link\u2122<\/li>\n<li>Crankset: Forged alloy, 115mm length, narrower Q-factor, with chain guard<\/li>\n<li>Chainring: 40 teeth<\/li>\n<li>Bottom bracket: Square cone, 68 mm<\/li>\n<li>Rims: Aluminum, 16 mm depth, 25 mm inner width, 28 holes<\/li>\n<li>Front hub: Aluminum, 6 bolt, 28 holes, 15\u00d7110 Boost<\/li>\n<li>Rear hub: Aluminum, 6-bolt, 28 holes, 12\u00d7148 Boost, 11-speed compatible<\/li>\n<li>Spokes: Stainless steel, thickness 14 g<\/li>\n<li>Tires: Ground Control Sport, 20\u00d72.35\u2033<\/li>\n<li>Inner tubes: Schrader valve<\/li>\n<li>Handlebar stem: Stout, 3D forged alloy, 31.8mm, 6\u00b0 rise<\/li>\n<li>Handlebar: Mini Rise, double-walled aluminum, 6\u00b0 sweep angle, 600 mm width, 31.8 mm diameter, 19 mm dropouts<\/li>\n<li>Grips: Specialized Trail Grips, 19 mm diameter, with lock<\/li>\n<li>Seat: Kids Bridge child seat, width 130 mm<\/li>\n<li>Seatpost: Specialized, 6061 aluminum, double bolt, no offset, 30.9 mm diameter<\/li>\n<li>Pedal: Nylon pedal with reflectors<\/li>\n<li>Weight: 9.79 kg<\/li>\n<\/ul>","protected":false},"excerpt":{"rendered":"<p>Specialized Riprock 20\u201d Children&#039;s Mountain Bike \u2013 8 Gears<\/p>\n<ul>\n<li>Frame: A1 Premium Butted Aluminum, unisex frame, internally routed, 148mm thru axle, 30.9mm seatpost ready, interchangeable derailleur hanger compatible<\/li>\n<li>Brakes: Promax DSK-926, hydraulic disc brakes, 160 mm rotor, adjustable reach<\/li>\n<li>Weight: 9.79 kg<\/li>\n<\/ul>","protected":false},"featured_media":14234,"template":"","meta":{"_acf_changed":false,"inline_featured_image":false,"_monsterinsights_skip_tracking":false,"_monsterinsights_sitenote_active":false,"_monsterinsights_sitenote_note":"","_monsterinsights_sitenote_category":0},"product_brand":[673],"product_cat":[646],"product_tag":[1198,1202,1007],"class_list":{"0":"post-14233","1":"product","2":"type-product","3":"status-publish","4":"has-post-thumbnail","6":"product_brand-specialized","7":"product_cat-646","8":"product_tag-otroci","9":"product_tag-otroska-kolesa","10":"product_tag-otrosko-kolo","12":"first","13":"instock","14":"sale","15":"taxable","16":"shipping-taxable","17":"purchasable","18":"product-type-simple"},"acf":[],"aioseo_notices":[],"_links":{"self":[{"href":"https:\/\/ritosa.click.si\/en\/wp-json\/wp\/v2\/product\/14233","targetHints":{"allow":["GET"]}}],"collection":[{"href":"https:\/\/ritosa.click.si\/en\/wp-json\/wp\/v2\/product"}],"about":[{"href":"https:\/\/ritosa.click.si\/en\/wp-json\/wp\/v2\/types\/product"}],"wp:featuredmedia":[{"embeddable":true,"href":"https:\/\/ritosa.click.si\/en\/wp-json\/wp\/v2\/media\/14234"}],"wp:attachment":[{"href":"https:\/\/ritosa.click.si\/en\/wp-json\/wp\/v2\/media?parent=14233"}],"wp:term":[{"taxonomy":"product_brand","embeddable":true,"href":"https:\/\/ritosa.click.si\/en\/wp-json\/wp\/v2\/product_brand?post=14233"},{"taxonomy":"product_cat","embeddable":true,"href":"https:\/\/ritosa.click.si\/en\/wp-json\/wp\/v2\/product_cat?post=14233"},{"taxonomy":"product_tag","embeddable":true,"href":"https:\/\/ritosa.click.si\/en\/wp-json\/wp\/v2\/product_tag?post=14233"}],"curies":[{"name":"wp","href":"https:\/\/api.w.org\/{rel}","templated":true}]}}