{"id":14066,"date":"2025-03-31T15:19:49","date_gmt":"2025-03-31T15:19:49","guid":{"rendered":"https:\/\/ritosa.click.si\/?post_type=product&#038;p=14066"},"modified":"2026-03-24T11:36:23","modified_gmt":"2026-03-24T10:36:23","slug":"tempish-c-mee","status":"publish","type":"product","link":"https:\/\/ritosa.click.si\/en\/trgovina\/cycling\/kolesarska-oprema\/kolesarske-celade\/otroske-kolesarske-celade\/tempish-c-mee\/","title":{"rendered":"Tempish C-MEE"},"content":{"rendered":"<p>Otro\u0161ka \u010delada TEMPISH\u00a0C-MEE je dodatek h kolekciji za\u0161\u010ditnih \u010delad TEMPISH, primernih za vse vrste \u0161portov. Namenjena je predvsem rolanju, rolkanju, longboardu in skirojanju, primerna pa je tudi za kolesarjenje itd. Je klasi\u010dna oblika prosto\u010dasne \u010delade, ki je priljubljena predvsem pri vseh \u0161portnikih prostega sloga &#8211; rolanje, rolkanje, skiroji, spust, freeride,..<\/p>\n<p>\u010celada je zaradi EPS vlo\u017eka zelo odporna na velike udarce. Zunanja lupina ABS je zelo mo\u010dna in resni\u010dno zanesljivo \u0161\u010diti glavo. \u010celada je bogato prezra\u010dena z luknjami v zunanji lupini, notranji bla\u017eilni plasti EPS in tudi v podlogah. Notranji material podloge je izdelan iz hitro su\u0161e\u010de mikrovlaken. \u010celada je pritrjena na glavo z nastavljivim trakom po dol\u017eini in zapenjena z zaponko pod brado. V zadnjem delu \u010delade je \u0161koljka dvignjena za bolj\u0161o za\u0161\u010dito vratne hrbtenice v primeru padcev in trkov.<\/p>\n<p>XS (46-51cm) in S (51-55cm)<\/p>","protected":false},"excerpt":{"rendered":"<p>Otro\u0161ka \u010delada Tempish C-MEE<\/p>","protected":false},"featured_media":14069,"template":"","meta":{"_acf_changed":false,"inline_featured_image":false},"product_brand":[1219],"product_cat":[577],"product_tag":[1198],"class_list":{"0":"post-14066","1":"product","2":"type-product","3":"status-publish","4":"has-post-thumbnail","6":"product_brand-tempish","7":"product_cat-otroske-kolesarske-celade","8":"product_tag-otroci","9":"pa_velikost-s","11":"first","12":"instock","13":"sale","14":"taxable","15":"shipping-taxable","16":"purchasable","17":"product-type-variable"},"acf":[],"_links":{"self":[{"href":"https:\/\/ritosa.click.si\/en\/wp-json\/wp\/v2\/product\/14066","targetHints":{"allow":["GET"]}}],"collection":[{"href":"https:\/\/ritosa.click.si\/en\/wp-json\/wp\/v2\/product"}],"about":[{"href":"https:\/\/ritosa.click.si\/en\/wp-json\/wp\/v2\/types\/product"}],"wp:featuredmedia":[{"embeddable":true,"href":"https:\/\/ritosa.click.si\/en\/wp-json\/wp\/v2\/media\/14069"}],"wp:attachment":[{"href":"https:\/\/ritosa.click.si\/en\/wp-json\/wp\/v2\/media?parent=14066"}],"wp:term":[{"taxonomy":"product_brand","embeddable":true,"href":"https:\/\/ritosa.click.si\/en\/wp-json\/wp\/v2\/product_brand?post=14066"},{"taxonomy":"product_cat","embeddable":true,"href":"https:\/\/ritosa.click.si\/en\/wp-json\/wp\/v2\/product_cat?post=14066"},{"taxonomy":"product_tag","embeddable":true,"href":"https:\/\/ritosa.click.si\/en\/wp-json\/wp\/v2\/product_tag?post=14066"}],"curies":[{"name":"wp","href":"https:\/\/api.w.org\/{rel}","templated":true}]}}