{"id":14006,"date":"2025-03-24T10:37:55","date_gmt":"2025-03-24T10:37:55","guid":{"rendered":"https:\/\/ritosa.click.si\/?post_type=product&#038;p=14006"},"modified":"2026-03-24T16:24:42","modified_gmt":"2026-03-24T15:24:42","slug":"alpina-taunus-mips-2","status":"publish","type":"product","link":"https:\/\/ritosa.click.si\/en\/trgovina\/cycling\/kolesarska-oprema\/kolesarske-celade\/odrasle-kolesarske-celade\/alpina-taunus-mips-2\/","title":{"rendered":"Alpina Taunus Mips"},"content":{"rendered":"<div class=\"flex max-w-full flex-col flex-grow\">\n<div class=\"min-h-8 text-message relative flex w-full flex-col items-end gap-2 whitespace-normal break-words text-start [.text-message+&amp;]:mt-5\">\n<div class=\"flex w-full flex-col gap-1 empty:hidden first:pt-[3px]\">\n<div class=\"markdown prose w-full break-words dark:prose-invert light\">\n<p>Taunus Mips je popolna \u010delada za va\u0161o naslednjo MTB avanturo. Zdru\u017euje \u0161portni, klasi\u010dni slog z dinami\u010dnim dizajnom. Ne glede na to, ali se vozite po makadamskih poteh, flow trailih ali single trailih, je Taunus Mips va\u0161 idealni spremljevalec. &#8220;Mips&#8221; v imenu ozna\u010duje dodatno za\u0161\u010dito, natan\u010dneje Multi-Directional Impact Protection System, ki zmanj\u0161uje rotacijske sile ob udarcih in s tem zmanj\u0161uje tveganje za pretres mo\u017eganov. Varnost dodatno izbolj\u0161uje kombinacija kerami\u010dne zunanje \u0161koljke in notranje \u0161koljke EPS. Velike prezra\u010devalne odprtine omogo\u010dajo sve\u017e pretok zraka, medtem ko za\u0161\u010ditna mre\u017eica prepre\u010duje vdor insektov. Ne glede na to, ali se spu\u0161\u010date ali vzpenjate, Taunus Mips zagotavlja varnost, udobje in slog.<\/p>\n<ul>\n<li>Optimalna za\u0161\u010dita na zahtevnem terenu z raz\u0161irjenim zadnjim delom in globokimi stranskimi predeli<\/li>\n<li>Mips tehnologija zmanj\u0161uje rotacijske sile pri po\u0161evnih udarcih<\/li>\n<li>Enostavno nastavljiv sistem Ergo Flex Mips za prilagodljivo udobje<\/li>\n<li>Sistem za pritrditev o\u010dal omogo\u010da vstavljanje o\u010dal v \u010delado<\/li>\n<li>Nastavljiv vizir<\/li>\n<\/ul>\n<\/div>\n<\/div>\n<\/div>\n<\/div>\n<div class=\"mb-2 flex gap-3 -ml-2\">\n<div class=\"flex items-center justify-start rounded-xl p-1\">\n<div>\n<div class=\"flex items-center\"><\/div>\n<\/div>\n<\/div>\n<\/div>\n","protected":false},"excerpt":{"rendered":"<p>ALPINA TAUNUS MIPS cycling helmet<\/p>","protected":false},"featured_media":14010,"template":"","meta":{"_acf_changed":false,"inline_featured_image":false},"product_brand":[678],"product_cat":[662],"product_tag":[],"class_list":{"0":"post-14006","1":"product","2":"type-product","3":"status-publish","4":"has-post-thumbnail","6":"product_brand-alpina","7":"product_cat-odrasle-kolesarske-celade","8":"pa_velikost-52-56","9":"pa_velikost-55-59","10":"pa_velikost-59-61","12":"first","13":"instock","14":"sale","15":"taxable","16":"shipping-taxable","17":"purchasable","18":"product-type-variable"},"acf":[],"_links":{"self":[{"href":"https:\/\/ritosa.click.si\/en\/wp-json\/wp\/v2\/product\/14006","targetHints":{"allow":["GET"]}}],"collection":[{"href":"https:\/\/ritosa.click.si\/en\/wp-json\/wp\/v2\/product"}],"about":[{"href":"https:\/\/ritosa.click.si\/en\/wp-json\/wp\/v2\/types\/product"}],"wp:featuredmedia":[{"embeddable":true,"href":"https:\/\/ritosa.click.si\/en\/wp-json\/wp\/v2\/media\/14010"}],"wp:attachment":[{"href":"https:\/\/ritosa.click.si\/en\/wp-json\/wp\/v2\/media?parent=14006"}],"wp:term":[{"taxonomy":"product_brand","embeddable":true,"href":"https:\/\/ritosa.click.si\/en\/wp-json\/wp\/v2\/product_brand?post=14006"},{"taxonomy":"product_cat","embeddable":true,"href":"https:\/\/ritosa.click.si\/en\/wp-json\/wp\/v2\/product_cat?post=14006"},{"taxonomy":"product_tag","embeddable":true,"href":"https:\/\/ritosa.click.si\/en\/wp-json\/wp\/v2\/product_tag?post=14006"}],"curies":[{"name":"wp","href":"https:\/\/api.w.org\/{rel}","templated":true}]}}