{"id":13517,"date":"2024-12-02T18:13:54","date_gmt":"2024-12-02T18:13:54","guid":{"rendered":"https:\/\/ritosa.click.si\/?post_type=product&#038;p=13517"},"modified":"2026-03-06T19:20:29","modified_gmt":"2026-03-06T18:20:29","slug":"alpina-alto-q-lite-lilac-black","status":"publish","type":"product","link":"https:\/\/ritosa.click.si\/en\/trgovina\/skiing\/smucarska-oprema\/smucarske-celade\/odrasle-smucarske-celade\/alpina-alto-q-lite-lilac-black\/","title":{"rendered":"Alpina Alto Q-Lite \u2013 lilac-black"},"content":{"rendered":"<p>Style, aesthetics, innovation. Alpina ALTO Q-LITE is a new ski helmet with a visor, designed for skiers who like to look good and who like to see everything. The visor folding mechanism (TRM) has been redesigned, setting new standards in terms of comfort. The folding mechanism allows the visor to fit tightly to the face, thus providing good protection from wind and snow, while the glass improves contrasts. The visor also provides 100% UV protection and at the same time emphasizes contrasts. The helmet offers greater safety than conventional ski helmets thanks to Hard Shell technology, comfortable use with the unique Airstream control ventilation system. The Run System allows continuous size adjustment with Fidlock fastening. The helmet has removable ear pads and an additional neck warmer. A helmet storage bag is included.<\/p>\n<p>Visor features:<\/p>\n<ul>\n<li>Mirror: The lens has up to 16 layers of coating that protects against IR radiation. This filter is highly recommended for skiing in high altitudes, and also enhances contrasts.<\/li>\n<li>Jet vision: integrated visor offers a larger field of vision than classic ski goggles.<\/li>\n<li>TRM: preklopni mehanizem za vizir.<\/li>\n<li>Termoblock: tehnologija dveh le\u010d, ki ju lo\u010duje zrak med njima. Ustvari se blokada zunanjega mrzlega zraka z notranjim toplim, s \u010dimer se dodatno prepre\u010di rosenje na notranji strani le\u010d.<\/li>\n<li>Fog stop: coating on the inside of the lenses to protect the glasses from fogging.<\/li>\n<li>Protection: S2, 100% protection against UV-A, UV-B and UV-C rays up to 400nm.<\/li>\n<\/ul>\n<p>Helmet features:<\/p>\n<ul>\n<li>Hard shell: combination of a hard ABS shell and an inner frame made of EPS material. HI-EPS filling provides greater impact absorption. The helmet is also suitable for Freeride due to its better protection.<\/li>\n<li>Run system: allows individual size adjustment with a rotating knob at the back of the head<\/li>\n<li>Airstream control: omogo\u010da optimalno prezra\u010devanje in udobno po\u010dutje<\/li>\n<li>Removable earpads: Removable earpads<\/li>\n<li>NeckWarmer: Extended inner lining warms the back of the neck.<\/li>\n<li>Fidlock: magnetna sponka za zapenjanje \u010delade pod brado nudi hitrej\u0161e zapenjanje.<\/li>\n<li>Y-Clip: 3D strap adjustment system.<\/li>\n<li>Conforms to standard: CE EN 1077 B<\/li>\n<\/ul>","protected":false},"excerpt":{"rendered":"<p>Alpina Alto Q-Lite Adult Ski Helmet<\/p>","protected":false},"featured_media":13519,"template":"","meta":{"_acf_changed":false,"inline_featured_image":false,"_monsterinsights_skip_tracking":false,"_monsterinsights_sitenote_active":false,"_monsterinsights_sitenote_note":"","_monsterinsights_sitenote_category":0},"product_brand":[678],"product_cat":[509],"product_tag":[],"class_list":{"0":"post-13517","1":"product","2":"type-product","3":"status-publish","4":"has-post-thumbnail","6":"product_brand-alpina","7":"product_cat-odrasle-smucarske-celade","8":"pa_velikost-51-55","10":"first","11":"instock","12":"sale","13":"taxable","14":"shipping-taxable","15":"purchasable","16":"product-type-variable"},"acf":[],"aioseo_notices":[],"_links":{"self":[{"href":"https:\/\/ritosa.click.si\/en\/wp-json\/wp\/v2\/product\/13517","targetHints":{"allow":["GET"]}}],"collection":[{"href":"https:\/\/ritosa.click.si\/en\/wp-json\/wp\/v2\/product"}],"about":[{"href":"https:\/\/ritosa.click.si\/en\/wp-json\/wp\/v2\/types\/product"}],"wp:featuredmedia":[{"embeddable":true,"href":"https:\/\/ritosa.click.si\/en\/wp-json\/wp\/v2\/media\/13519"}],"wp:attachment":[{"href":"https:\/\/ritosa.click.si\/en\/wp-json\/wp\/v2\/media?parent=13517"}],"wp:term":[{"taxonomy":"product_brand","embeddable":true,"href":"https:\/\/ritosa.click.si\/en\/wp-json\/wp\/v2\/product_brand?post=13517"},{"taxonomy":"product_cat","embeddable":true,"href":"https:\/\/ritosa.click.si\/en\/wp-json\/wp\/v2\/product_cat?post=13517"},{"taxonomy":"product_tag","embeddable":true,"href":"https:\/\/ritosa.click.si\/en\/wp-json\/wp\/v2\/product_tag?post=13517"}],"curies":[{"name":"wp","href":"https:\/\/api.w.org\/{rel}","templated":true}]}}