{"id":13412,"date":"2024-11-19T13:29:51","date_gmt":"2024-11-19T13:29:51","guid":{"rendered":"https:\/\/ritosa.click.si\/?post_type=product&#038;p=13412"},"modified":"2026-03-07T18:44:24","modified_gmt":"2026-03-07T17:44:24","slug":"smucarske-rokavice-ziener-lonzalo-as-r-junior","status":"publish","type":"product","link":"https:\/\/ritosa.click.si\/en\/trgovina\/skiing\/smucarska-oprema\/smucarske-rokavice\/otroske-smucarske-rokavice\/smucarske-rokavice-ziener-lonzalo-as-r-junior\/","title":{"rendered":"Ziener Lonzalo AS(R) Junior Ski Gloves"},"content":{"rendered":"<div class=\"flex max-w-full flex-col flex-grow\">\n<div class=\"min-h-8 text-message flex w-full flex-col items-end gap-2 whitespace-normal break-words [.text-message+&amp;]:mt-5\">\n<div class=\"flex w-full flex-col gap-1 empty:hidden first:pt-[3px]\">\n<div class=\"markdown prose w-full break-words dark:prose-invert light\">\n<p>Otro\u0161ke smu\u010darske rokavice ZIENER LONZALO AS\u00ae PR JUNIOR so \u0161portne in moderne ter opremljene z vodoodporno in vetrobransko membrano ZIENER AQUASHIELD\u00ae, ki zagotavlja, da bodo roke va\u0161ega otroka ostale suhe. Topla in mehka podloga iz recikliranega PrimaLoft\u00ae materiala naredi rokavice popoln spremljevalec v hladnih dneh. Gripi na dlaneh omogo\u010dajo optimalen prenos mo\u010di na smu\u010darsko palico. Neoprenasti man\u0161eti s \u0161irokim je\u017ekom omogo\u010data no\u0161enje rokavic pod jakno in zagotavljata popoln oprijem na zapestju. Rokavice se lahko na zapestju tudi pritrdijo z Z-Leashom. Izdelek vsebuje reciklirane materiale, kar omogo\u010da var\u010devanje z viri, in je brez PFC.<\/p>\n<p>Vodoodporne, \u0161portne in moderne otro\u0161ke smu\u010darske rokavice<\/p>\n<p>\u2022 Topla in mehka flis podloga<br \/>\n\u2022 Izolacija PrimaLoft\u00ae Gold<br \/>\n\u2022 Neoprenasti man\u0161eti<br \/>\n\u2022 Z-Leash<br \/>\n\u2022 Vodoodporna in vetrobranska membrana AQUASHIELD\u00ae<br \/>\n\u2022 Impregnacija brez PFC<br \/>\n\u2022 Vsebuje reciklirane materiale<\/p>\n<\/div>\n<\/div>\n<\/div>\n<\/div>\n<div class=\"mb-2 flex gap-3 empty:hidden -ml-2\">\n<div class=\"items-center justify-start rounded-xl p-1 flex\">\n<div class=\"flex items-center\"><\/div>\n<\/div>\n<\/div>\n<p><!--StartFragment--><\/p>\n<p><!--StartFragment--><!--EndFragment--><!--StartFragment--><!--EndFragment--><!--StartFragment--><!--EndFragment--><\/p>\n<p><!--EndFragment--><\/p>\n<p><!--StartFragment--><!--EndFragment--><\/p>\n","protected":false},"excerpt":{"rendered":"<p>Children&#039;s ski gloves Ziener Lonzalo AS(R) Junior<\/p>","protected":false},"featured_media":13416,"template":"","meta":{"_acf_changed":false,"inline_featured_image":false},"product_brand":[682],"product_cat":[605],"product_tag":[1198],"class_list":{"0":"post-13412","1":"product","2":"type-product","3":"status-publish","4":"has-post-thumbnail","6":"product_brand-ziener","7":"product_cat-otroske-smucarske-rokavice","8":"product_tag-otroci","9":"pa_velikost-6-5","10":"pa_velikost-7-5","12":"first","13":"instock","14":"sale","15":"taxable","16":"shipping-taxable","17":"purchasable","18":"product-type-variable"},"acf":[],"_links":{"self":[{"href":"https:\/\/ritosa.click.si\/en\/wp-json\/wp\/v2\/product\/13412","targetHints":{"allow":["GET"]}}],"collection":[{"href":"https:\/\/ritosa.click.si\/en\/wp-json\/wp\/v2\/product"}],"about":[{"href":"https:\/\/ritosa.click.si\/en\/wp-json\/wp\/v2\/types\/product"}],"wp:featuredmedia":[{"embeddable":true,"href":"https:\/\/ritosa.click.si\/en\/wp-json\/wp\/v2\/media\/13416"}],"wp:attachment":[{"href":"https:\/\/ritosa.click.si\/en\/wp-json\/wp\/v2\/media?parent=13412"}],"wp:term":[{"taxonomy":"product_brand","embeddable":true,"href":"https:\/\/ritosa.click.si\/en\/wp-json\/wp\/v2\/product_brand?post=13412"},{"taxonomy":"product_cat","embeddable":true,"href":"https:\/\/ritosa.click.si\/en\/wp-json\/wp\/v2\/product_cat?post=13412"},{"taxonomy":"product_tag","embeddable":true,"href":"https:\/\/ritosa.click.si\/en\/wp-json\/wp\/v2\/product_tag?post=13412"}],"curies":[{"name":"wp","href":"https:\/\/api.w.org\/{rel}","templated":true}]}}