{"id":13337,"date":"2024-11-18T15:23:34","date_gmt":"2024-11-18T15:23:34","guid":{"rendered":"https:\/\/ritosa.click.si\/?post_type=product&#038;p=13337"},"modified":"2026-03-06T09:51:35","modified_gmt":"2026-03-06T08:51:35","slug":"volkl-racetiger-sc-limited-vmotion-11-gw-2025","status":"publish","type":"product","link":"https:\/\/ritosa.click.si\/en\/trgovina\/skiing\/smuci\/moske-smuci\/moske-testne-smuci\/volkl-racetiger-sc-limited-vmotion-11-gw-2025\/","title":{"rendered":"Test skis V\u00f6lkl Racetiger SC Limited + vMotion 11 GW 2025"},"content":{"rendered":"<div class=\"group w-full text-token-text-primary border-b border-black\/10 gizmo:border-0 dark:border-gray-900\/50 gizmo:dark:border-0 bg-gray-50 gizmo:bg-transparent dark:bg-[#444654] gizmo:dark:bg-transparent\">\n<div class=\"p-4 gizmo:py-2 justify-center text-base md:gap-6 md:py-6 m-auto\">\n<div class=\"flex flex-1 gap-4 text-base mx-auto md:gap-6 gizmo:gap-3 gizmo:md:px-5 gizmo:lg:px-1 gizmo:xl:px-5 md:max-w-2xl lg:max-w-[38rem] gizmo:md:max-w-3xl gizmo:lg:max-w-[40rem] gizmo:xl:max-w-[48rem] xl:max-w-3xl }\">\n<div class=\"relative flex w-[calc(100%-50px)] flex-col gizmo:w-full lg:w-[calc(100%-115px)] agent-turn\">\n<div class=\"flex-col gap-1 md:gap-3\">\n<div class=\"flex flex-grow flex-col max-w-full gap-3 gizmo:gap-0\">\n<div class=\"min-h-[20px] text-message peer flex flex-col items-start gap-3 whitespace-pre-wrap break-words peer-[.text-message]:mt-5 overflow-x-auto\">\n<div class=\"markdown prose w-full break-words dark:prose-invert light\">\n<p><strong>V\u00f6lkl Racetiger SC LTD<\/strong> so izjemno vsestranske allround smu\u010di, namenjene naprednim smu\u010darjem, ki si \u017eelijo hitro in agilno menjavati med razli\u010dnimi dol\u017einami zavojev na belih strminah, brez potrebe po prevelikih finan\u010dnih vlo\u017ekih. Navdih \u010drpajo iz tekmovalnega modela Racetiger SC, vendar so nekoliko manj oja\u010dane in \u0161ir\u0161e, kar zagotavlja dodatno stabilnost. Z lesenim jedrom in 3D.Glass oja\u010ditvijo iz steklenih vlaken nudijo odli\u010dno agilnost, odzivnost in stabilnost, ko je to najbolj potrebno.<\/p>\n<p>Prilo\u017eene vezi <strong>Marker vMotion 11 GW<\/strong> z GripWalk podplatom zagotavljajo u\u010dinkovit prenos mo\u010di s \u010devlja na smu\u010di, kar ustvarja nepozabno smu\u010darsko izku\u0161njo.<\/p>\n<p>Te smu\u010di so idealna izbira za zahtevnej\u0161e smu\u010darje z dobrim znanjem smu\u010danja.<\/p>\n<p><strong>Specifikacije:<\/strong><\/p>\n<ul>\n<li><strong>Vezi:<\/strong> Marker vMotion 11 GW (DIN 3.0 \u2013 11.0)<\/li>\n<li><strong>Stranski lok:<\/strong> 122 &#8211; 73 &#8211; 103<\/li>\n<li><strong>Radij:<\/strong> 13,4 m (158 cm), 15,0 m (168 cm)<\/li>\n<\/ul>\n<p><strong>Lastnosti:<\/strong><\/p>\n<ul>\n<li><strong>Full Sensor Woodcore<\/strong> \u2013 kompaktno leseno jedro, ki se razteza od konice do repa, omogo\u010da enakomeren prenos mo\u010di po celotni dol\u017eini smu\u010di. Rezultat je izjemna odzivnost, pospe\u0161evanje iz zavojev in stabilnost.<\/li>\n<li><strong>3D.Glass oja\u010ditev<\/strong> \u2013 tridimenzionalna ve\u010dplastna konstrukcija iz steklenih vlaken zagotavlja bolj\u0161i oprijem robnikov in natan\u010dnej\u0161e vodenje zavojev.<\/li>\n<li><strong>Tip Rocker<\/strong> \u2013 rahlo dvignjen nos smu\u010di omogo\u010da hiter vstop v zavoj in prehod v naslednjega z minimalnim naporom.<\/li>\n<li><strong>Full Sidewall<\/strong> \u2013 navpi\u010dni robovi po celotni dol\u017eini smu\u010di za neposreden in mo\u010dan prenos mo\u010di.<\/li>\n<li><strong>P-Tex 2100 Base<\/strong> \u2013 gosta sintrana drsna povr\u0161ina z odli\u010dno hitrostjo in trpe\u017enostjo<\/li>\n<\/ul>\n<\/div>\n<\/div>\n<\/div>\n<\/div>\n<\/div>\n<\/div>\n<\/div>\n<\/div>\n","protected":false},"excerpt":{"rendered":"<p>Skis V\u00f6lkl Racetiger SC Limited + vMotion 11 GW<\/p>\n<div id=\"short_description_content\" class=\"rte align_justify\">\n<div class=\"rte align_justify\">\n<p><span style=\"color: #d0121a\">VE\u010c INFO po elektronski po\u0161ti &#8211; info@ritosa.si<\/span><\/p>\n<\/div>\n<\/div>","protected":false},"featured_media":13339,"template":"","meta":{"_acf_changed":false,"inline_featured_image":false},"product_brand":[1190],"product_cat":[579,599],"product_tag":[],"class_list":{"0":"post-13337","1":"product","2":"type-product","3":"status-publish","4":"has-post-thumbnail","6":"product_brand-volkl","7":"product_cat-moske-testne-smuci","8":"product_cat-zenske-testne-smuci","9":"pa_velikost-784","11":"first","12":"instock","13":"sale","14":"taxable","15":"shipping-taxable","16":"purchasable","17":"product-type-variable"},"acf":[],"_links":{"self":[{"href":"https:\/\/ritosa.click.si\/en\/wp-json\/wp\/v2\/product\/13337","targetHints":{"allow":["GET"]}}],"collection":[{"href":"https:\/\/ritosa.click.si\/en\/wp-json\/wp\/v2\/product"}],"about":[{"href":"https:\/\/ritosa.click.si\/en\/wp-json\/wp\/v2\/types\/product"}],"wp:featuredmedia":[{"embeddable":true,"href":"https:\/\/ritosa.click.si\/en\/wp-json\/wp\/v2\/media\/13339"}],"wp:attachment":[{"href":"https:\/\/ritosa.click.si\/en\/wp-json\/wp\/v2\/media?parent=13337"}],"wp:term":[{"taxonomy":"product_brand","embeddable":true,"href":"https:\/\/ritosa.click.si\/en\/wp-json\/wp\/v2\/product_brand?post=13337"},{"taxonomy":"product_cat","embeddable":true,"href":"https:\/\/ritosa.click.si\/en\/wp-json\/wp\/v2\/product_cat?post=13337"},{"taxonomy":"product_tag","embeddable":true,"href":"https:\/\/ritosa.click.si\/en\/wp-json\/wp\/v2\/product_tag?post=13337"}],"curies":[{"name":"wp","href":"https:\/\/api.w.org\/{rel}","templated":true}]}}