{"id":13319,"date":"2024-11-18T12:56:52","date_gmt":"2024-11-18T12:56:52","guid":{"rendered":"https:\/\/ritosa.click.si\/?post_type=product&#038;p=13319"},"modified":"2026-03-05T10:57:55","modified_gmt":"2026-03-05T09:57:55","slug":"dalbello-veloce-max-gw-90-ms-2025","status":"publish","type":"product","link":"https:\/\/ritosa.click.si\/en\/trgovina\/skiing\/smucarska-oprema\/smucarski-cevlji\/moski-smucarski-cevlji\/dalbello-veloce-max-gw-90-ms-2025\/","title":{"rendered":"Dalbello Veloce Max GW 90 MS"},"content":{"rendered":"<div class=\"group w-full text-token-text-primary border-b border-black\/10 gizmo:border-0 dark:border-gray-900\/50 gizmo:dark:border-0 bg-gray-50 gizmo:bg-transparent dark:bg-[#444654] gizmo:dark:bg-transparent\">\n<div class=\"p-4 gizmo:py-2 justify-center text-base md:gap-6 md:py-6 m-auto\">\n<div class=\"flex flex-1 gap-4 text-base mx-auto md:gap-6 gizmo:gap-3 gizmo:md:px-5 gizmo:lg:px-1 gizmo:xl:px-5 md:max-w-2xl lg:max-w-[38rem] gizmo:md:max-w-3xl gizmo:lg:max-w-[40rem] gizmo:xl:max-w-[48rem] xl:max-w-3xl }\">\n<div class=\"relative flex w-[calc(100%-50px)] flex-col gizmo:w-full lg:w-[calc(100%-115px)] agent-turn\">\n<div class=\"flex-col gap-1 md:gap-3\">\n<div class=\"flex flex-grow flex-col max-w-full gap-3 gizmo:gap-0\">\n<div class=\"min-h-[20px] text-message peer flex flex-col items-start gap-3 whitespace-pre-wrap break-words peer-[.text-message]:mt-5 overflow-x-auto\">\n<div class=\"markdown prose w-full break-words dark:prose-invert light\">\n<p>Veloce Max GW 90 je zasnovan za smu\u010darje z \u0161ir\u0161imi stopali, ki \u017eelijo \u0161e izbolj\u0161ati svoje spretnosti na smu\u010di\u0161\u010du. \u0160irina podplata 104 mm je primerna za ve\u010dino oblik stopal in zagotavlja odli\u010dno udobje v kombinaciji s \u0161portnim indeksom upogiba 90. S standardno profiliranimi podplati ta model prina\u0161a tudi vse prednosti sistema GripWalk.<\/p>\n<table>\n<tbody>\n<tr>\n<td>Konstrukcija<\/td>\n<td>Overlap<\/td>\n<\/tr>\n<tr>\n<td>Flex<\/td>\n<td>90<\/td>\n<\/tr>\n<tr>\n<td>\u0160irina kopita<\/td>\n<td>104<\/td>\n<\/tr>\n<tr>\n<td>Trak<\/td>\n<td>Power strap 40mm<\/td>\n<\/tr>\n<\/tbody>\n<\/table>\n<h4><strong>Tabela velikosti<\/strong><\/h4>\n<table class=\"w-fit min-w-(--thread-content-width)\">\n<thead>\n<tr>\n<th>Dol\u017eina podplata (mm)<\/th>\n<th>Mondo Point<\/th>\n<th>US \u2013 Mo\u0161ki<\/th>\n<th>US \u2013 \u017denske<\/th>\n<th>EU<\/th>\n<th>UK<\/th>\n<\/tr>\n<\/thead>\n<tbody>\n<tr>\n<td>278<\/td>\n<td>23.5<\/td>\n<td>&#8211;<\/td>\n<td>6.5<\/td>\n<td>37.5<\/td>\n<td>4.5<\/td>\n<\/tr>\n<tr>\n<td>288<\/td>\n<td>24.5<\/td>\n<td>6.5<\/td>\n<td>7.5<\/td>\n<td>39<\/td>\n<td>5.5<\/td>\n<\/tr>\n<tr>\n<td>298<\/td>\n<td>25.5<\/td>\n<td>7.5<\/td>\n<td>8.5<\/td>\n<td>40<\/td>\n<td>6.5<\/td>\n<\/tr>\n<tr>\n<td>308<\/td>\n<td>26.5<\/td>\n<td>8.5<\/td>\n<td>9.5<\/td>\n<td>41.5<\/td>\n<td>7.5<\/td>\n<\/tr>\n<tr>\n<td>318<\/td>\n<td>27.5<\/td>\n<td>9.5<\/td>\n<td>10.5<\/td>\n<td>42.5<\/td>\n<td>8.5<\/td>\n<\/tr>\n<tr>\n<td>328<\/td>\n<td>28.5<\/td>\n<td>10.5<\/td>\n<td>&#8211;<\/td>\n<td>44<\/td>\n<td>9.5<\/td>\n<\/tr>\n<tr>\n<td>338<\/td>\n<td>29.5<\/td>\n<td>11.5<\/td>\n<td>&#8211;<\/td>\n<td>45.5<\/td>\n<td>10.5<\/td>\n<\/tr>\n<tr>\n<td>348<\/td>\n<td>30.5<\/td>\n<td>12.5<\/td>\n<td>&#8211;<\/td>\n<td>47.5<\/td>\n<td>11.5<\/td>\n<\/tr>\n<\/tbody>\n<\/table>\n<\/div>\n<\/div>\n<\/div>\n<\/div>\n<\/div>\n<\/div>\n<\/div>\n<\/div>\n","protected":false},"excerpt":{"rendered":"<p>Dalbello Veloce Max GW 90 ski boots<\/p>","protected":false},"featured_media":13323,"template":"","meta":{"_acf_changed":false,"inline_featured_image":false},"product_brand":[1191],"product_cat":[512],"product_tag":[],"class_list":{"0":"post-13319","1":"product","2":"type-product","3":"status-publish","4":"has-post-thumbnail","6":"product_brand-dalbello","7":"product_cat-moski-smucarski-cevlji","8":"pa_velikost-31-31-5","10":"first","11":"instock","12":"sale","13":"taxable","14":"shipping-taxable","15":"purchasable","16":"product-type-variable"},"acf":[],"_links":{"self":[{"href":"https:\/\/ritosa.click.si\/en\/wp-json\/wp\/v2\/product\/13319","targetHints":{"allow":["GET"]}}],"collection":[{"href":"https:\/\/ritosa.click.si\/en\/wp-json\/wp\/v2\/product"}],"about":[{"href":"https:\/\/ritosa.click.si\/en\/wp-json\/wp\/v2\/types\/product"}],"wp:featuredmedia":[{"embeddable":true,"href":"https:\/\/ritosa.click.si\/en\/wp-json\/wp\/v2\/media\/13323"}],"wp:attachment":[{"href":"https:\/\/ritosa.click.si\/en\/wp-json\/wp\/v2\/media?parent=13319"}],"wp:term":[{"taxonomy":"product_brand","embeddable":true,"href":"https:\/\/ritosa.click.si\/en\/wp-json\/wp\/v2\/product_brand?post=13319"},{"taxonomy":"product_cat","embeddable":true,"href":"https:\/\/ritosa.click.si\/en\/wp-json\/wp\/v2\/product_cat?post=13319"},{"taxonomy":"product_tag","embeddable":true,"href":"https:\/\/ritosa.click.si\/en\/wp-json\/wp\/v2\/product_tag?post=13319"}],"curies":[{"name":"wp","href":"https:\/\/api.w.org\/{rel}","templated":true}]}}