{"id":13311,"date":"2024-11-18T12:32:07","date_gmt":"2024-11-18T12:32:07","guid":{"rendered":"https:\/\/ritosa.click.si\/?post_type=product&#038;p=13311"},"modified":"2026-03-05T11:32:02","modified_gmt":"2026-03-05T10:32:02","slug":"dalbello-veloce-75-mv-w-2025","status":"publish","type":"product","link":"https:\/\/ritosa.click.si\/en\/trgovina\/skiing\/smucarska-oprema\/smucarski-cevlji\/zenski-smucarski-cevlji\/dalbello-veloce-75-mv-w-2025\/","title":{"rendered":"Dalbello Veloce 75 MV W 2026"},"content":{"rendered":"<div class=\"group w-full text-token-text-primary border-b border-black\/10 gizmo:border-0 dark:border-gray-900\/50 gizmo:dark:border-0 bg-gray-50 gizmo:bg-transparent dark:bg-[#444654] gizmo:dark:bg-transparent\">\n<div class=\"p-4 gizmo:py-2 justify-center text-base md:gap-6 md:py-6 m-auto\">\n<div class=\"flex flex-1 gap-4 text-base mx-auto md:gap-6 gizmo:gap-3 gizmo:md:px-5 gizmo:lg:px-1 gizmo:xl:px-5 md:max-w-2xl lg:max-w-[38rem] gizmo:md:max-w-3xl gizmo:lg:max-w-[40rem] gizmo:xl:max-w-[48rem] xl:max-w-3xl }\">\n<div class=\"relative flex w-[calc(100%-50px)] flex-col gizmo:w-full lg:w-[calc(100%-115px)] agent-turn\">\n<div class=\"flex-col gap-1 md:gap-3\">\n<div class=\"flex flex-grow flex-col max-w-full gap-3 gizmo:gap-0\">\n<div class=\"min-h-[20px] text-message peer flex flex-col items-start gap-3 whitespace-pre-wrap break-words peer-[.text-message]:mt-5 overflow-x-auto\">\n<p>Dalbello Veloce 75 MV W je \u017eenski smu\u010darski \u010develj, zasnovan za rekreativne in srednje napredne smu\u010darke, ki \u017eelijo zdru\u017eiti udobje in stabilno zmogljivost. S \u0161irino 99 mm in fleks indeksom 75 ponuja mehkej\u0161o, bolj odzivno smu\u010darsko izku\u0161njo z odli\u010dnim nadzorom nad smu\u010dko in celodnevnim udobjem.<\/p>\n<p>Njegova\u00a0<strong>overlap konstrukcija<\/strong>\u00a0z inovativno \u0161koljko iz\u00a0<strong>PU materiala<\/strong>\u00a0in man\u0161eto iz\u00a0<strong>DB Hyperlite<\/strong>\u00a0omogo\u010da enostavno obuvanje, natan\u010den prenos mo\u010di in uravnote\u017eeno fleksibilnost.<br \/>\nNotranji \u010develj\u00a0<strong>Veloce Sport W<\/strong>\u00a0zagotavlja anatomsko prileganje, toplotno izolacijo in udobno oporo peti.<br \/>\nTehnologija\u00a0<strong>Contour 5<\/strong>\u00a0oblikuje \u0161koljko glede na obliko \u017eenskega stopala in prepre\u010duje to\u010dke pritiska, medtem ko sistem\u00a0<strong>MyFit<\/strong>\u00a0omogo\u010da lo\u010deno toplotno prilagajanje notranjega \u010devlja in \u0161koljke za popolno individualno prileganje.<br \/>\nPredhodno name\u0161\u010deni\u00a0<strong>GripWalk podplati<\/strong>\u00a0izbolj\u0161ajo udobje pri hoji in oprijem na snegu ter ledu.<\/p>\n<hr \/>\n<p><strong>Glavne lastnosti:<\/strong><\/p>\n<p><strong>Contour 5 Fit Concept:<\/strong>\u00a0\u0161koljka in notranji \u010develj z dodatnim prostorom v klju\u010dnih to\u010dkah (nart, gle\u017enji, \u0161esti prst) za anatomsko prileganje in udobje brez to\u010dk pritiska.<\/p>\n<p><strong>Notranji \u010develj VELOCE SPORT W:<\/strong>\u00a0anatomsko oblikovan notranji \u010develj z dobro oporo peti in toplotno izolacijo za udobje v vseh razmerah.<\/p>\n<p><strong>Micro-Adjustable &amp; Women Buckles:<\/strong>\u00a0\u017eenske zaponke z natan\u010dno nastavitvijo in kraj\u0161imi osmi za la\u017eje zapenjanje in enakomeren pritisk.<\/p>\n<p><strong>GripWalk podplati:<\/strong>\u00a0izbolj\u0161an oprijem in udobnej\u0161a hoja; kompatibilni z GripWalk vezmi (ISO 23223) in turnimi vezmi (ISO 13992).<\/p>\n<hr \/>\n<p><strong>Tehni\u010dne specifikacije:<\/strong><\/p>\n<p>Flex: 75<br \/>\n\u0160irina (pri velikosti 265 mm): 99 mm<br \/>\nMaterial \u0161koljke: PU<br \/>\nMaterial man\u0161ete: DB Hyperlite<br \/>\nZapenjanje: 4 mikro nastavljive \u017eenske zaponke + Power Strap<br \/>\nPower Strap: 40 mm<br \/>\nSistem prileganja: MyFit<br \/>\nNotranji \u010develj: VELOCE SPORT W<br \/>\nToplotna izolacija: Primaloft\u00ae<br \/>\nDodani vlo\u017eki za prilagoditev velikosti<br \/>\nSpol: \u017denski<br \/>\nRaven znanja: Za\u010detni \u2013 Srednji<br \/>\nBarva: Opal<br \/>\nVelikosti (MP): 22.5 \u2013 27.5<\/p>\n<h4><strong>Tabela velikosti<\/strong><\/h4>\n<table class=\"w-fit min-w-(--thread-content-width)\">\n<thead>\n<tr>\n<th>Dol\u017eina podplata (mm)<\/th>\n<th>Mondo Point<\/th>\n<th>US \u2013 Mo\u0161ki<\/th>\n<th>US \u2013 \u017denske<\/th>\n<th>EU<\/th>\n<th>UK<\/th>\n<\/tr>\n<\/thead>\n<tbody>\n<tr>\n<td>278<\/td>\n<td>23.5<\/td>\n<td>&#8211;<\/td>\n<td>6.5<\/td>\n<td>37.5<\/td>\n<td>4.5<\/td>\n<\/tr>\n<tr>\n<td>288<\/td>\n<td>24.5<\/td>\n<td>6.5<\/td>\n<td>7.5<\/td>\n<td>39<\/td>\n<td>5.5<\/td>\n<\/tr>\n<tr>\n<td>298<\/td>\n<td>25.5<\/td>\n<td>7.5<\/td>\n<td>8.5<\/td>\n<td>40<\/td>\n<td>6.5<\/td>\n<\/tr>\n<tr>\n<td>308<\/td>\n<td>26.5<\/td>\n<td>8.5<\/td>\n<td>9.5<\/td>\n<td>41.5<\/td>\n<td>7.5<\/td>\n<\/tr>\n<tr>\n<td>318<\/td>\n<td>27.5<\/td>\n<td>9.5<\/td>\n<td>10.5<\/td>\n<td>42.5<\/td>\n<td>8.5<\/td>\n<\/tr>\n<tr>\n<td>328<\/td>\n<td>28.5<\/td>\n<td>10.5<\/td>\n<td>&#8211;<\/td>\n<td>44<\/td>\n<td>9.5<\/td>\n<\/tr>\n<tr>\n<td>338<\/td>\n<td>29.5<\/td>\n<td>11.5<\/td>\n<td>&#8211;<\/td>\n<td>45.5<\/td>\n<td>10.5<\/td>\n<\/tr>\n<tr>\n<td>348<\/td>\n<td>30.5<\/td>\n<td>12.5<\/td>\n<td>&#8211;<\/td>\n<td>47.5<\/td>\n<td>11.5<\/td>\n<\/tr>\n<\/tbody>\n<\/table>\n<\/div>\n<\/div>\n<\/div>\n<\/div>\n<\/div>\n<\/div>\n<\/div>\n","protected":false},"excerpt":{"rendered":"<p>Ski boots Dalbello Veloce 75 MV W opal green\/black<\/p>","protected":false},"featured_media":20537,"template":"","meta":{"_acf_changed":false,"inline_featured_image":false},"product_brand":[1191],"product_cat":[603],"product_tag":[2177,2166,2178,1199,2176],"class_list":{"0":"post-13311","1":"product","2":"type-product","3":"status-publish","4":"has-post-thumbnail","6":"product_brand-dalbello","7":"product_cat-zenski-smucarski-cevlji","8":"product_tag-dalbello-veloce-75-mv-w","9":"product_tag-smucarski-cevlji","10":"product_tag-veloce-75","11":"product_tag-zenske","12":"product_tag-zenski-rekreativni-smucarski-cevlji","13":"pa_velikost-27-27-5","15":"first","16":"instock","17":"sale","18":"taxable","19":"shipping-taxable","20":"purchasable","21":"product-type-variable"},"acf":[],"_links":{"self":[{"href":"https:\/\/ritosa.click.si\/en\/wp-json\/wp\/v2\/product\/13311","targetHints":{"allow":["GET"]}}],"collection":[{"href":"https:\/\/ritosa.click.si\/en\/wp-json\/wp\/v2\/product"}],"about":[{"href":"https:\/\/ritosa.click.si\/en\/wp-json\/wp\/v2\/types\/product"}],"wp:featuredmedia":[{"embeddable":true,"href":"https:\/\/ritosa.click.si\/en\/wp-json\/wp\/v2\/media\/20537"}],"wp:attachment":[{"href":"https:\/\/ritosa.click.si\/en\/wp-json\/wp\/v2\/media?parent=13311"}],"wp:term":[{"taxonomy":"product_brand","embeddable":true,"href":"https:\/\/ritosa.click.si\/en\/wp-json\/wp\/v2\/product_brand?post=13311"},{"taxonomy":"product_cat","embeddable":true,"href":"https:\/\/ritosa.click.si\/en\/wp-json\/wp\/v2\/product_cat?post=13311"},{"taxonomy":"product_tag","embeddable":true,"href":"https:\/\/ritosa.click.si\/en\/wp-json\/wp\/v2\/product_tag?post=13311"}],"curies":[{"name":"wp","href":"https:\/\/api.w.org\/{rel}","templated":true}]}}