{"id":13275,"date":"2024-11-18T11:41:14","date_gmt":"2024-11-18T11:41:14","guid":{"rendered":"https:\/\/ritosa.click.si\/?post_type=product&#038;p=13275"},"modified":"2026-03-05T10:36:21","modified_gmt":"2026-03-05T09:36:21","slug":"dalbello-veloce-100-mv-2025","status":"publish","type":"product","link":"https:\/\/ritosa.click.si\/en\/trgovina\/skiing\/smucarska-oprema\/smucarski-cevlji\/moski-smucarski-cevlji\/dalbello-veloce-100-mv-2025\/","title":{"rendered":"Dalbello Veloce 100 MV 2026"},"content":{"rendered":"<p>Dalbello Veloce 100 MV je udoben in zmogljiv smu\u010darski \u010develj, zasnovan za rekreativne in napredne smu\u010darje, ki \u017eelijo kombinacijo odzivnosti, stabilnosti in udobja. S \u0161irino 100 mm in fleks indeksom 100 ponuja odli\u010den prenos mo\u010di, natan\u010den nadzor nad smu\u010dko in celodnevno udobje \u2013 tudi pri dinami\u010dni vo\u017enji.<\/p>\n<p>His\u00a0<strong>overlap construction<\/strong>\u00a0with a double-layer shell made of\u00a0<strong>PU material<\/strong>\u00a0and a cuff made of\u00a0<strong>DB Hyperlite<\/strong>\u00a0omogo\u010da la\u017eje obuvanje, medtem ko tog spodnji del \u0161koljke skrbi za natan\u010den nadzor in stabilnost pri vi\u0161jih hitrostih.<br \/>\nZahvaljujo\u010d sistemu\u00a0<strong>MyFit<\/strong>\u00a0se lahko notranji \u010develj in \u0161koljka segrejeta lo\u010deno za popolno individualno prileganje.<br \/>\n<strong>Contour 5 tehnologija<\/strong>\u00a0zagotavlja anatomsko obliko brez to\u010dk pritiska, medtem ko predhodno name\u0161\u010deni\u00a0<strong>GripWalk soles<\/strong>\u00a0omogo\u010dajo udobno hojo in ve\u010d oprijema.<\/p>\n<hr \/>\n<p><strong>Main features:<\/strong><\/p>\n<ul>\n<li><strong>Contour 5 Fit Concept:<\/strong>\u00a0\u0161koljka in notranji \u010develj sta oblikovana z dodatnim prostorom v klju\u010dnih conah (nart, gle\u017enji, \u0161esti prst) za popolno udobje in natan\u010dno prileganje.<\/li>\n<li><strong>Notranji \u010develj VELOCE IF SPORT:<\/strong>\u00a0anatomsko oblikovan notranji \u010develj z dobro oporo v peti in toplotno izolacijo za tople noge v hladnih dneh.<\/li>\n<li><strong>Micro-Adjustable Buckles:<\/strong>\u00a0omogo\u010dajo natan\u010dno prilagoditev napetosti za popolno zapiranje brez to\u010dk pritiska.<\/li>\n<li><strong>GripWalk soles:<\/strong>\u00a0improved grip and more comfortable walking; compatible with GripWalk bindings (ISO 23223) and touring bindings (ISO 13992).<\/li>\n<\/ul>\n<hr \/>\n<p><strong>Technical specifications:<\/strong><\/p>\n<ul>\n<li><strong>Flex:<\/strong>\u00a0100<\/li>\n<li><strong>\u0160irina (pri velikosti 265mm):<\/strong>\u00a0100mm<\/li>\n<li><strong>Shell material:<\/strong>\u00a0PU<\/li>\n<li><strong>Material man\u0161ete:<\/strong>\u00a0DB Hyperlite<\/li>\n<li><strong>Fastening:<\/strong>\u00a04 mikro nastavljive zaponke + Power Strap<\/li>\n<li><strong>Power Strap:<\/strong>\u00a040 mm<\/li>\n<li><strong>Sistem prileganja:<\/strong>\u00a0MyFit<\/li>\n<li><strong>Notranji \u010develj:<\/strong>\u00a0VELOCE IF SPORT<\/li>\n<li>Added inserts for size adjustment<\/li>\n<li><strong>Gender:<\/strong>\u00a0Mo\u0161ki \/ Unisex<\/li>\n<li><strong>Raven znanja:<\/strong>\u00a0Za\u010detni \u2013 Napredni<\/li>\n<li><strong>Color:<\/strong>\u00a0Black \/\u00a0Anthracite<\/li>\n<li><strong>Velikosti (MP):<\/strong>\u00a024.5 \u2013 30.5<\/li>\n<\/ul>\n<h4><strong>Size chart<\/strong><\/h4>\n<table class=\"w-fit min-w-(--thread-content-width)\">\n<thead>\n<tr>\n<th>Sole length (mm)<\/th>\n<th>Mondo Point<\/th>\n<th>US \u2013 Men<\/th>\n<th>US \u2013 Women<\/th>\n<th>EU<\/th>\n<th>UK<\/th>\n<\/tr>\n<\/thead>\n<tbody>\n<tr>\n<td>278<\/td>\n<td>23.5<\/td>\n<td>\u2013<\/td>\n<td>6.5<\/td>\n<td>37.5<\/td>\n<td>4.5<\/td>\n<\/tr>\n<tr>\n<td>288<\/td>\n<td>24.5<\/td>\n<td>6.5<\/td>\n<td>7.5<\/td>\n<td>39<\/td>\n<td>5.5<\/td>\n<\/tr>\n<tr>\n<td>298<\/td>\n<td>25.5<\/td>\n<td>7.5<\/td>\n<td>8.5<\/td>\n<td>40<\/td>\n<td>6.5<\/td>\n<\/tr>\n<tr>\n<td>308<\/td>\n<td>26.5<\/td>\n<td>8.5<\/td>\n<td>9.5<\/td>\n<td>41.5<\/td>\n<td>7.5<\/td>\n<\/tr>\n<tr>\n<td>318<\/td>\n<td>27.5<\/td>\n<td>9.5<\/td>\n<td>10.5<\/td>\n<td>42.5<\/td>\n<td>8.5<\/td>\n<\/tr>\n<tr>\n<td>328<\/td>\n<td>28.5<\/td>\n<td>10.5<\/td>\n<td>\u2013<\/td>\n<td>44<\/td>\n<td>9.5<\/td>\n<\/tr>\n<tr>\n<td>338<\/td>\n<td>29.5<\/td>\n<td>11.5<\/td>\n<td>\u2013<\/td>\n<td>45.5<\/td>\n<td>10.5<\/td>\n<\/tr>\n<tr>\n<td>348<\/td>\n<td>30.5<\/td>\n<td>12.5<\/td>\n<td>\u2013<\/td>\n<td>47.5<\/td>\n<td>11.5<\/td>\n<\/tr>\n<\/tbody>\n<\/table>\n<p>&nbsp;<\/p>","protected":false},"excerpt":{"rendered":"<p>Ski boots Dalbello Veloce 100 MV black\/anthracite<\/p>","protected":false},"featured_media":20528,"template":"","meta":{"_acf_changed":false,"inline_featured_image":false,"_monsterinsights_skip_tracking":false,"_monsterinsights_sitenote_active":false,"_monsterinsights_sitenote_note":"","_monsterinsights_sitenote_category":0},"product_brand":[1191],"product_cat":[512],"product_tag":[2170,2169,2171],"class_list":{"0":"post-13275","1":"product","2":"type-product","3":"status-publish","4":"has-post-thumbnail","6":"product_brand-dalbello","7":"product_cat-moski-smucarski-cevlji","8":"product_tag-dalbello-veloce-100-mv","9":"product_tag-moski-smucarski-cevlji","10":"product_tag-smucarski-cevlji-100","11":"pa_velikost-29-29-5","13":"first","14":"instock","15":"sale","16":"taxable","17":"shipping-taxable","18":"purchasable","19":"product-type-variable"},"acf":[],"aioseo_notices":[],"_links":{"self":[{"href":"https:\/\/ritosa.click.si\/en\/wp-json\/wp\/v2\/product\/13275","targetHints":{"allow":["GET"]}}],"collection":[{"href":"https:\/\/ritosa.click.si\/en\/wp-json\/wp\/v2\/product"}],"about":[{"href":"https:\/\/ritosa.click.si\/en\/wp-json\/wp\/v2\/types\/product"}],"wp:featuredmedia":[{"embeddable":true,"href":"https:\/\/ritosa.click.si\/en\/wp-json\/wp\/v2\/media\/20528"}],"wp:attachment":[{"href":"https:\/\/ritosa.click.si\/en\/wp-json\/wp\/v2\/media?parent=13275"}],"wp:term":[{"taxonomy":"product_brand","embeddable":true,"href":"https:\/\/ritosa.click.si\/en\/wp-json\/wp\/v2\/product_brand?post=13275"},{"taxonomy":"product_cat","embeddable":true,"href":"https:\/\/ritosa.click.si\/en\/wp-json\/wp\/v2\/product_cat?post=13275"},{"taxonomy":"product_tag","embeddable":true,"href":"https:\/\/ritosa.click.si\/en\/wp-json\/wp\/v2\/product_tag?post=13275"}],"curies":[{"name":"wp","href":"https:\/\/api.w.org\/{rel}","templated":true}]}}