{"id":13265,"date":"2024-11-18T11:24:47","date_gmt":"2024-11-18T11:24:47","guid":{"rendered":"https:\/\/ritosa.click.si\/?post_type=product&#038;p=13265"},"modified":"2026-03-05T10:31:00","modified_gmt":"2026-03-05T09:31:00","slug":"dalbello-veloce-110-mv-2025","status":"publish","type":"product","link":"https:\/\/ritosa.click.si\/en\/trgovina\/skiing\/smucarska-oprema\/smucarski-cevlji\/moski-smucarski-cevlji\/dalbello-veloce-110-mv-2025\/","title":{"rendered":"Dalbello Veloce 110 MV 2026"},"content":{"rendered":"<p>Dalbello Veloce 110 MV je visokozmogljiv smu\u010darski \u010develj za rekreativne in napredne smu\u010darje, ki \u017eelijo popolno ravnovesje med zmogljivostjo, udobjem in natan\u010dnim nadzorom na urejenih progah. S \u0161irino 100 mm in fleks indeksom 110 zagotavlja odli\u010den prenos mo\u010di, stabilnost in celodnevno udobje.<\/p>\n<p>His\u00a0<strong>overlap construction<\/strong>\u00a0with a double-layer shell made of\u00a0<strong>PU material<\/strong>\u00a0and a cuff made of\u00a0<strong>DB Hyperlite<\/strong>\u00a0omogo\u010da popolno kombinacijo togosti in pro\u017enosti, kar zagotavlja natan\u010den nadzor in odzivnost pri vi\u0161jih hitrostih.<br \/>\n<strong>Contour 5 tehnologija<\/strong>\u00a0prilagodi \u0161koljko in notranji \u010develj obliki stopala v petih klju\u010dnih to\u010dkah, kar prepre\u010duje to\u010dke pritiska in pove\u010duje udobje.<br \/>\nZahvaljujo\u010d sistemu\u00a0<strong>MyFit<\/strong>, se lahko \u0161koljka in notranji \u010develj segrejeta lo\u010deno za popolno individualno prileganje.<\/p>\n<hr \/>\n<h4><strong>Main features:<\/strong><\/h4>\n<ul>\n<li><strong>Contour 5 Fit Concept:<\/strong>\u00a0dodatno oblikovana \u0161koljka in notranji \u010develj zagotavljata ve\u010d prostora v klju\u010dnih conah (nart, gle\u017enji, \u0161esti prst) za ve\u010dje udobje in natan\u010dno prileganje.<\/li>\n<li><strong>Notranji \u010develj IF (SPACE IF):<\/strong>\u00a0anatomsko oblikovan notranji \u010develj z optimalnim oblazinjenjem za enakomeren pritisk in stabilnost pete.<\/li>\n<li><strong>Primaloft\u00ae insulation:<\/strong>\u00a0retains heat inside even in very cold conditions.<\/li>\n<li><strong>Micro-Adjustable Buckles:<\/strong>\u00a0omogo\u010dajo natan\u010dno nastavitev napetosti za popolno zapiranje.<\/li>\n<li><strong>GripWalk soles:<\/strong>\u00a0bolj\u0161i oprijem in udobnej\u0161a hoja; kompatibilni z GripWalk vezmi (ISO 23223) in turnimi vezmi (ISO 13992).<\/li>\n<\/ul>\n<hr \/>\n<h4><strong>Technical specifications:<\/strong><\/h4>\n<ul>\n<li><strong>Flex:<\/strong>\u00a0110<\/li>\n<li><strong>\u0160irina (pri velikosti 265mm):<\/strong>\u00a0100mm<\/li>\n<li><strong>Shell material:<\/strong>\u00a0PU<\/li>\n<li><strong>Material man\u0161ete:<\/strong>\u00a0DB Hyperlite<\/li>\n<li><strong>Fastening:<\/strong>\u00a04 mikro nastavljive zaponke + Power Strap<\/li>\n<li><strong>Power Strap:<\/strong>\u00a040 mm<\/li>\n<li><strong>Sistem prileganja:<\/strong>\u00a0MyFit<\/li>\n<li><strong>Notranji \u010develj:<\/strong>\u00a0SPACE IF<\/li>\n<li>Added inserts for size adjustment<\/li>\n<li><strong>Gender:<\/strong>\u00a0Mo\u0161ki \/ Unisex<\/li>\n<li><strong>Raven znanja:<\/strong>\u00a0Srednji \u2013 Napredni<\/li>\n<li><strong>Color:<\/strong>\u00a0Black \/ Dove Grey<\/li>\n<li><strong>Velikosti (MP):<\/strong>\u00a024.5 \u2013 30.5<\/li>\n<\/ul>\n<h4><strong>Tabela Velikosti<\/strong><\/h4>\n<table class=\"w-fit min-w-(--thread-content-width)\">\n<thead>\n<tr>\n<th>Sole length (mm)<\/th>\n<th>Mondo Point<\/th>\n<th>US \u2013 Men<\/th>\n<th>US \u2013 Women<\/th>\n<th>EU<\/th>\n<th>UK<\/th>\n<\/tr>\n<\/thead>\n<tbody>\n<tr>\n<td>278<\/td>\n<td>23.5<\/td>\n<td>\u2013<\/td>\n<td>6.5<\/td>\n<td>37.5<\/td>\n<td>4.5<\/td>\n<\/tr>\n<tr>\n<td>288<\/td>\n<td>24.5<\/td>\n<td>6.5<\/td>\n<td>7.5<\/td>\n<td>39<\/td>\n<td>5.5<\/td>\n<\/tr>\n<tr>\n<td>298<\/td>\n<td>25.5<\/td>\n<td>7.5<\/td>\n<td>8.5<\/td>\n<td>40<\/td>\n<td>6.5<\/td>\n<\/tr>\n<tr>\n<td>308<\/td>\n<td>26.5<\/td>\n<td>8.5<\/td>\n<td>9.5<\/td>\n<td>41.5<\/td>\n<td>7.5<\/td>\n<\/tr>\n<tr>\n<td>318<\/td>\n<td>27.5<\/td>\n<td>9.5<\/td>\n<td>10.5<\/td>\n<td>42.5<\/td>\n<td>8.5<\/td>\n<\/tr>\n<tr>\n<td>328<\/td>\n<td>28.5<\/td>\n<td>10.5<\/td>\n<td>\u2013<\/td>\n<td>44<\/td>\n<td>9.5<\/td>\n<\/tr>\n<tr>\n<td>338<\/td>\n<td>29.5<\/td>\n<td>11.5<\/td>\n<td>\u2013<\/td>\n<td>45.5<\/td>\n<td>10.5<\/td>\n<\/tr>\n<tr>\n<td>348<\/td>\n<td>30.5<\/td>\n<td>12.5<\/td>\n<td>\u2013<\/td>\n<td>47.5<\/td>\n<td>11.5<\/td>\n<\/tr>\n<\/tbody>\n<\/table>\n<p>&nbsp;<\/p>","protected":false},"excerpt":{"rendered":"<p>Ski boots Dalbello Veloce 110 MV black\/dove grey<\/p>","protected":false},"featured_media":20526,"template":"","meta":{"_acf_changed":false,"inline_featured_image":false,"_monsterinsights_skip_tracking":false,"_monsterinsights_sitenote_active":false,"_monsterinsights_sitenote_note":"","_monsterinsights_sitenote_category":0},"product_brand":[1191],"product_cat":[512],"product_tag":[],"class_list":{"0":"post-13265","1":"product","2":"type-product","3":"status-publish","4":"has-post-thumbnail","6":"product_brand-dalbello","7":"product_cat-moski-smucarski-cevlji","8":"pa_velikost-27-27-5","9":"pa_velikost-28-28-5","10":"pa_velikost-29-29-5","12":"first","13":"instock","14":"sale","15":"taxable","16":"shipping-taxable","17":"purchasable","18":"product-type-variable"},"acf":[],"aioseo_notices":[],"_links":{"self":[{"href":"https:\/\/ritosa.click.si\/en\/wp-json\/wp\/v2\/product\/13265","targetHints":{"allow":["GET"]}}],"collection":[{"href":"https:\/\/ritosa.click.si\/en\/wp-json\/wp\/v2\/product"}],"about":[{"href":"https:\/\/ritosa.click.si\/en\/wp-json\/wp\/v2\/types\/product"}],"wp:featuredmedia":[{"embeddable":true,"href":"https:\/\/ritosa.click.si\/en\/wp-json\/wp\/v2\/media\/20526"}],"wp:attachment":[{"href":"https:\/\/ritosa.click.si\/en\/wp-json\/wp\/v2\/media?parent=13265"}],"wp:term":[{"taxonomy":"product_brand","embeddable":true,"href":"https:\/\/ritosa.click.si\/en\/wp-json\/wp\/v2\/product_brand?post=13265"},{"taxonomy":"product_cat","embeddable":true,"href":"https:\/\/ritosa.click.si\/en\/wp-json\/wp\/v2\/product_cat?post=13265"},{"taxonomy":"product_tag","embeddable":true,"href":"https:\/\/ritosa.click.si\/en\/wp-json\/wp\/v2\/product_tag?post=13265"}],"curies":[{"name":"wp","href":"https:\/\/api.w.org\/{rel}","templated":true}]}}