{"id":13259,"date":"2024-11-18T10:40:00","date_gmt":"2024-11-18T10:40:00","guid":{"rendered":"https:\/\/ritosa.click.si\/?post_type=product&#038;p=13259"},"modified":"2026-03-07T09:53:21","modified_gmt":"2026-03-07T08:53:21","slug":"volkl-speedstick-jr-yellow-2025","status":"publish","type":"product","link":"https:\/\/ritosa.click.si\/en\/trgovina\/skiing\/smucarska-oprema\/smucarske-palice\/otroske-smucarske-palice\/volkl-speedstick-jr-yellow-2025\/","title":{"rendered":"V\u00f6lkl Speedstick JR Yellow"},"content":{"rendered":"<p>Features:<\/p>\n<p>\u2013 Material: Aluminum 5083<br \/>\n\u2013 Pipe diameter: 16 mm<br \/>\n\u2013 Bar grip: JR Racing Grip<br \/>\n\u2013 Comfortable strap<br \/>\n\u2013 Crown Tip steel tip<\/p>\n<p><!--StartFragment--><!--EndFragment--><\/p>","protected":false},"excerpt":{"rendered":"<p>Otro\u0161ke smu\u010darske palice V\u00f6lkl Speedstick<\/p>","protected":false},"featured_media":20963,"template":"","meta":{"_acf_changed":false,"inline_featured_image":false},"product_brand":[1190],"product_cat":[596],"product_tag":[1198],"class_list":{"0":"post-13259","1":"product","2":"type-product","3":"status-publish","4":"has-post-thumbnail","6":"product_brand-volkl","7":"product_cat-otroske-smucarske-palice","8":"product_tag-otroci","9":"pa_velikost-95-2","11":"first","12":"instock","13":"sale","14":"taxable","15":"shipping-taxable","16":"purchasable","17":"product-type-variable"},"acf":[],"_links":{"self":[{"href":"https:\/\/ritosa.click.si\/en\/wp-json\/wp\/v2\/product\/13259","targetHints":{"allow":["GET"]}}],"collection":[{"href":"https:\/\/ritosa.click.si\/en\/wp-json\/wp\/v2\/product"}],"about":[{"href":"https:\/\/ritosa.click.si\/en\/wp-json\/wp\/v2\/types\/product"}],"wp:featuredmedia":[{"embeddable":true,"href":"https:\/\/ritosa.click.si\/en\/wp-json\/wp\/v2\/media\/20963"}],"wp:attachment":[{"href":"https:\/\/ritosa.click.si\/en\/wp-json\/wp\/v2\/media?parent=13259"}],"wp:term":[{"taxonomy":"product_brand","embeddable":true,"href":"https:\/\/ritosa.click.si\/en\/wp-json\/wp\/v2\/product_brand?post=13259"},{"taxonomy":"product_cat","embeddable":true,"href":"https:\/\/ritosa.click.si\/en\/wp-json\/wp\/v2\/product_cat?post=13259"},{"taxonomy":"product_tag","embeddable":true,"href":"https:\/\/ritosa.click.si\/en\/wp-json\/wp\/v2\/product_tag?post=13259"}],"curies":[{"name":"wp","href":"https:\/\/api.w.org\/{rel}","templated":true}]}}