{"id":13185,"date":"2024-11-14T16:06:32","date_gmt":"2024-11-14T16:06:32","guid":{"rendered":"https:\/\/ritosa.click.si\/?post_type=product&#038;p=13185"},"modified":"2026-03-06T12:06:53","modified_gmt":"2026-03-06T11:06:53","slug":"volkl-flair-72-lady-vmotion-9-2025","status":"publish","type":"product","link":"https:\/\/ritosa.click.si\/en\/trgovina\/skiing\/smuci\/zenske-smuci\/volkl-flair-72-lady-vmotion-9-2025\/","title":{"rendered":"V\u00f6lkl Flair 72 Lady vMotion 9 2025"},"content":{"rendered":"<div class=\"rte\">\n<p><strong>V\u00f6lkl Flair 72 skis + vMotion 9 bindings <\/strong>are designed for beginners looking for a ski that is suitable for both on and off-piste skiing. The Tip Rocker profile allows for easy transition into turns, allowing for smooth gliding, sliding and better turning without losing control. The Composite Core provides a soft, compliant flex, while the Center Sidewall increases stability and reduces weight in the middle part of the ski.<\/p>\n<p>The vMotion bindings provide a comfortable connection to the skis and are compatible with GripWalk soles for increased comfort and slip resistance. The Flair 72 is ideal for beginners looking to start their skiing adventure.<\/p>\n<p><strong>Features:<\/strong><\/p>\n<ul>\n<li>Sizes: 137 \u2013 144 \u2013 151 \u2013 158 \u2013 165<\/li>\n<li>Skill level: Beginners<\/li>\n<li>Category: All-Mountain skiing<\/li>\n<li>Profile: Rocker Type<\/li>\n<li>Core: Composite Core<\/li>\n<li>Sliding surface: P-Tex 2100<\/li>\n<li>Attached links: vMotion 9<\/li>\n<\/ul>\n<\/div>","protected":false},"excerpt":{"rendered":"<p>\u017denske smu\u010di V\u00f6lkl Flair 72 Lady vMotion 9<\/p>","protected":false},"featured_media":20814,"template":"","meta":{"_acf_changed":false,"inline_featured_image":false,"_monsterinsights_skip_tracking":false,"_monsterinsights_sitenote_active":false,"_monsterinsights_sitenote_note":"","_monsterinsights_sitenote_category":0},"product_brand":[1190],"product_cat":[567],"product_tag":[],"class_list":{"0":"post-13185","1":"product","2":"type-product","3":"status-publish","4":"has-post-thumbnail","6":"product_brand-volkl","7":"product_cat-zenske-smuci","8":"pa_velikost-2214","10":"first","11":"instock","12":"sale","13":"taxable","14":"shipping-taxable","15":"purchasable","16":"product-type-variable"},"acf":[],"aioseo_notices":[],"_links":{"self":[{"href":"https:\/\/ritosa.click.si\/en\/wp-json\/wp\/v2\/product\/13185","targetHints":{"allow":["GET"]}}],"collection":[{"href":"https:\/\/ritosa.click.si\/en\/wp-json\/wp\/v2\/product"}],"about":[{"href":"https:\/\/ritosa.click.si\/en\/wp-json\/wp\/v2\/types\/product"}],"wp:featuredmedia":[{"embeddable":true,"href":"https:\/\/ritosa.click.si\/en\/wp-json\/wp\/v2\/media\/20814"}],"wp:attachment":[{"href":"https:\/\/ritosa.click.si\/en\/wp-json\/wp\/v2\/media?parent=13185"}],"wp:term":[{"taxonomy":"product_brand","embeddable":true,"href":"https:\/\/ritosa.click.si\/en\/wp-json\/wp\/v2\/product_brand?post=13185"},{"taxonomy":"product_cat","embeddable":true,"href":"https:\/\/ritosa.click.si\/en\/wp-json\/wp\/v2\/product_cat?post=13185"},{"taxonomy":"product_tag","embeddable":true,"href":"https:\/\/ritosa.click.si\/en\/wp-json\/wp\/v2\/product_tag?post=13185"}],"curies":[{"name":"wp","href":"https:\/\/api.w.org\/{rel}","templated":true}]}}