{"id":13155,"date":"2024-11-14T13:28:34","date_gmt":"2024-11-14T13:28:34","guid":{"rendered":"https:\/\/ritosa.click.si\/?post_type=product&#038;p=13155"},"modified":"2026-03-06T09:14:23","modified_gmt":"2026-03-06T08:14:23","slug":"volkl-racetiger-sc-yellow-2025","status":"publish","type":"product","link":"https:\/\/ritosa.click.si\/en\/trgovina\/skiing\/smuci\/moske-smuci\/volkl-racetiger-sc-yellow-2025\/","title":{"rendered":"V\u00f6lkl Racetiger SC Yellow 2025"},"content":{"rendered":"<div class=\"group w-full text-token-text-primary border-b border-black\/10 gizmo:border-0 dark:border-gray-900\/50 gizmo:dark:border-0 bg-gray-50 gizmo:bg-transparent dark:bg-[#444654] gizmo:dark:bg-transparent\">\n<div class=\"p-4 gizmo:py-2 justify-center text-base md:gap-6 md:py-6 m-auto\">\n<div class=\"flex flex-1 gap-4 text-base mx-auto md:gap-6 gizmo:gap-3 gizmo:md:px-5 gizmo:lg:px-1 gizmo:xl:px-5 md:max-w-2xl lg:max-w-[38rem] gizmo:md:max-w-3xl gizmo:lg:max-w-[40rem] gizmo:xl:max-w-[48rem] xl:max-w-3xl }\">\n<div class=\"relative flex w-[calc(100%-50px)] flex-col gizmo:w-full lg:w-[calc(100%-115px)] agent-turn\">\n<div class=\"flex-col gap-1 md:gap-3\">\n<div class=\"flex flex-grow flex-col max-w-full gap-3 gizmo:gap-0\">\n<div class=\"min-h-[20px] text-message peer flex flex-col items-start gap-3 whitespace-pre-wrap break-words peer-[.text-message]:mt-5 overflow-x-auto\">\n<div class=\"markdown prose w-full break-words dark:prose-invert light\">\n<p>Imate radi ostre zavoje, v svojem tempu, najraje na robu? Ko pogledate nazaj, je va\u0161a linija videti tesna do sredine radijev. Najve\u010d u\u017eitka do\u017eivite na urejenih smu\u010di\u0161\u010dih, saj je to mesto, kjer se sprostite. Divje in hitro. Potem je to va\u0161a smu\u010dka!<\/p>\n<p>Racetiger SC s titanovim trakom in prilagojeno, nekoliko \u0161ir\u0161o karbonsko lopato, navdu\u0161uje s svojo izjemno sposobnostjo obra\u010danja, vendar \u0161e vedno lahko izjemno gladko in uravnote\u017eeno smu\u010date. Seveda Racetiger SC zahteva dolo\u010deno raven izku\u0161enj, vendar je slalom smu\u010dka z \u0161irokim obsegom uporabe in presenetljivo enostavna za smu\u010danje za \u0161portne smu\u010darje. Ponuja veliko nadzora na meji, vendar se lahko prav tako enostavno upo\u010dasni, kadar \u017eelite smu\u010dati malo bolj spro\u0161\u010deno. U\u017eitek smu\u010danja v najbolj\u0161i obliki!<\/p>\n<p>Prilagojene karbonske konice na modelih Racetiger zmanj\u0161ujejo potrebno silo, \u0161e posebej pri vstopu v zavoj. Dodatno integrirani ogljikovi trakovi usmerjajo mo\u010d natan\u010dno tja, kjer je potrebna. To zagotavlja stalno okretnost in lastnosti drsenja. Poleg tega titanov trak zagotavlja potrebno gladkost. Skratka, novi Racetiger je postal \u0161portnej\u0161i. Nova oblika je bolj uravnote\u017eena, toda o\u017eja sredinska \u0161irina v primerjavi z modelom prej\u0161njega leta omogo\u010da hitrej\u0161e spreminjanje robov in na splo\u0161no bolj dinami\u010den slog vo\u017enje.<\/p>\n<table>\n<tbody>\n<tr>\n<td><strong>Rocker<\/strong><\/td>\n<td>Tip Rocker<\/td>\n<\/tr>\n<tr>\n<td><strong>Jedro<\/strong><\/td>\n<td>Multilayer Woodcore<\/td>\n<\/tr>\n<tr>\n<td><b>Drsna ploskev<\/b><\/td>\n<td>P-Tex 2100<\/td>\n<\/tr>\n<tr>\n<td><b>Vez<\/b><\/td>\n<td>vMotion 10 GW<\/td>\n<\/tr>\n<tr>\n<td><strong>Nivo smu\u010danja<\/strong><\/td>\n<td>Ambitious, Advanced<\/td>\n<\/tr>\n<\/tbody>\n<\/table>\n<p>&nbsp;<\/p>\n<table>\n<tbody>\n<tr>\n<td><b>Dol\u017eina<\/b><\/td>\n<td><strong>Radij<\/strong><\/td>\n<td><b>\u0160irina<\/b><\/td>\n<td><b>Te\u017ea<\/b><\/td>\n<\/tr>\n<tr>\n<td>148<\/td>\n<td>10.2<\/td>\n<td>123-68-102<\/td>\n<td>2658g<\/td>\n<\/tr>\n<tr>\n<td>153<\/td>\n<td>11.0<\/td>\n<td>123-68-102<\/td>\n<td>2508g<\/td>\n<\/tr>\n<tr>\n<td>158<\/td>\n<td>11.8<\/td>\n<td>123-68-102<\/td>\n<td>2765g<\/td>\n<\/tr>\n<tr>\n<td>165<\/td>\n<td>13.1<\/td>\n<td>123-68-102<\/td>\n<td>2850g<\/td>\n<\/tr>\n<tr>\n<td>172<\/td>\n<td>15.3<\/td>\n<td>121.5-69-100<\/td>\n<td>2965g<\/td>\n<\/tr>\n<\/tbody>\n<\/table>\n<\/div>\n<\/div>\n<\/div>\n<\/div>\n<\/div>\n<\/div>\n<\/div>\n<\/div>\n","protected":false},"excerpt":{"rendered":"<p>Skis V\u00f6lkl Racetiger SC Yellow + vMotion 10 GW BLK<\/p>","protected":false},"featured_media":20723,"template":"","meta":{"_acf_changed":false,"inline_featured_image":false},"product_brand":[1190],"product_cat":[508,567],"product_tag":[],"class_list":{"0":"post-13155","1":"product","2":"type-product","3":"status-publish","4":"has-post-thumbnail","6":"product_brand-volkl","7":"product_cat-moske-smuci","8":"product_cat-zenske-smuci","9":"pa_velikost-784","11":"first","12":"instock","13":"sale","14":"taxable","15":"shipping-taxable","16":"purchasable","17":"product-type-variable"},"acf":[],"_links":{"self":[{"href":"https:\/\/ritosa.click.si\/en\/wp-json\/wp\/v2\/product\/13155","targetHints":{"allow":["GET"]}}],"collection":[{"href":"https:\/\/ritosa.click.si\/en\/wp-json\/wp\/v2\/product"}],"about":[{"href":"https:\/\/ritosa.click.si\/en\/wp-json\/wp\/v2\/types\/product"}],"wp:featuredmedia":[{"embeddable":true,"href":"https:\/\/ritosa.click.si\/en\/wp-json\/wp\/v2\/media\/20723"}],"wp:attachment":[{"href":"https:\/\/ritosa.click.si\/en\/wp-json\/wp\/v2\/media?parent=13155"}],"wp:term":[{"taxonomy":"product_brand","embeddable":true,"href":"https:\/\/ritosa.click.si\/en\/wp-json\/wp\/v2\/product_brand?post=13155"},{"taxonomy":"product_cat","embeddable":true,"href":"https:\/\/ritosa.click.si\/en\/wp-json\/wp\/v2\/product_cat?post=13155"},{"taxonomy":"product_tag","embeddable":true,"href":"https:\/\/ritosa.click.si\/en\/wp-json\/wp\/v2\/product_tag?post=13155"}],"curies":[{"name":"wp","href":"https:\/\/api.w.org\/{rel}","templated":true}]}}