{"id":13057,"date":"2024-10-10T11:10:58","date_gmt":"2024-10-10T11:10:58","guid":{"rendered":"https:\/\/ritosa.click.si\/?post_type=product&#038;p=13057"},"modified":"2026-03-27T17:36:56","modified_gmt":"2026-03-27T16:36:56","slug":"enske-force-fame-hlace","status":"publish","type":"product","link":"https:\/\/ritosa.click.si\/en\/trgovina\/cycling\/kolesarska-oprema\/kolesarska-oblacila\/enska-oblacila\/zenske-hlace\/enske-force-fame-hlace\/","title":{"rendered":"Women&#039;s Force Fame pants"},"content":{"rendered":"<ul>\n<li>air strips, flat seams<\/li>\n<li>wide silicone strips at the end of the pant leg for better fixation<\/li>\n<li>material: 85% nylon, 15% spandex<span class=\"morecontent\"><br \/>\n<\/span><\/li>\n<\/ul>","protected":false},"excerpt":{"rendered":"<p>\u017denske Force Fame hla\u010de z naramnicami in udobnim vlo\u017ekom.<\/p>","protected":false},"featured_media":13059,"template":"","meta":{"_acf_changed":false,"inline_featured_image":false},"product_brand":[],"product_cat":[633],"product_tag":[1199],"class_list":{"0":"post-13057","1":"product","2":"type-product","3":"status-publish","4":"has-post-thumbnail","6":"product_cat-zenske-hlace","7":"product_tag-zenske","8":"pa_velikost-l","9":"pa_velikost-s","11":"first","12":"instock","13":"sale","14":"taxable","15":"shipping-taxable","16":"purchasable","17":"product-type-variable"},"acf":[],"_links":{"self":[{"href":"https:\/\/ritosa.click.si\/en\/wp-json\/wp\/v2\/product\/13057","targetHints":{"allow":["GET"]}}],"collection":[{"href":"https:\/\/ritosa.click.si\/en\/wp-json\/wp\/v2\/product"}],"about":[{"href":"https:\/\/ritosa.click.si\/en\/wp-json\/wp\/v2\/types\/product"}],"wp:featuredmedia":[{"embeddable":true,"href":"https:\/\/ritosa.click.si\/en\/wp-json\/wp\/v2\/media\/13059"}],"wp:attachment":[{"href":"https:\/\/ritosa.click.si\/en\/wp-json\/wp\/v2\/media?parent=13057"}],"wp:term":[{"taxonomy":"product_brand","embeddable":true,"href":"https:\/\/ritosa.click.si\/en\/wp-json\/wp\/v2\/product_brand?post=13057"},{"taxonomy":"product_cat","embeddable":true,"href":"https:\/\/ritosa.click.si\/en\/wp-json\/wp\/v2\/product_cat?post=13057"},{"taxonomy":"product_tag","embeddable":true,"href":"https:\/\/ritosa.click.si\/en\/wp-json\/wp\/v2\/product_tag?post=13057"}],"curies":[{"name":"wp","href":"https:\/\/api.w.org\/{rel}","templated":true}]}}