{"id":12969,"date":"2024-07-19T12:54:18","date_gmt":"2024-07-19T12:54:18","guid":{"rendered":"https:\/\/ritosa.click.si\/?post_type=product&#038;p=12969"},"modified":"2026-03-22T12:21:52","modified_gmt":"2026-03-22T11:21:52","slug":"cube-reaction-hybrid-pro-800-2025","status":"publish","type":"product","link":"https:\/\/ritosa.click.si\/en\/trgovina\/cycling\/kolesa\/elektricna-kolesa\/gorska-elektricna-kolesa\/cube-reaction-hybrid-pro-800-2025\/","title":{"rendered":"CUBE REACTION HYBRID PRO 600"},"content":{"rendered":"<p><strong>CUBE REACTION HYBRID PRO 600<\/strong><\/p>\n<p>Specializirani smo za vrhunsko oblikovanje okvirjev in Reaction Hybrid ni izjema. Z diskretno integrirano PowerTube baterijo z zmogljivostjo 600 Wh in \u010dvrsto vgrajenim Bosch CX motorjem njegove elegantne linije skrivajo \u0161tevilne pametne funkcije. Pripravljen je na sistem PowerMore, ki omogo\u010da enostavno raz\u0161iritev z do 250 Wh dodatne kapacitete.<\/p>\n<p>An integrated seat clamp and internal cable routing enhance the clean, aesthetic look, while a UDH derailleur hanger prepares the bike for future upgrades. An integrated chain guide mount and ACID mudguard compatibility make it even more practical. Thanks to the Size Split system, it&#039;s easy to find the perfect size for every rider. We&#039;ve thought of everything - so you can just enjoy the ride.<\/p>\n<p><em>Maximum permitted total weight (including bike): 140 kg<\/em><\/p>\n<p><em>Size Split:<\/em><\/p>\n<ul>\n<li><em> S = 27.5\u201d<\/em><\/li>\n<li><em> M, L, XL, XXL = 29\u201d<\/em><\/li>\n<\/ul>\n<h3><strong>Specifications<\/strong><\/h3>\n<p><strong>Engine:<\/strong> Bosch Performance Line CX 85 Nm (BDU38), Smart System<br \/>\n<strong>Battery:<\/strong> Bosch PowerTube 600<br \/>\n<strong>Charger:<\/strong> Bosch 2A<br \/>\n<strong>Display:<\/strong> Bosch Purion 200 with integrated display<br \/>\n<strong>Frame:<\/strong> Aluminum Superlite, Gravity Casting, Agile Ride Geometry, Boost 148, UDH\u2122, fully integrated battery, internal cable routing, kickstand\/mudguard\/rack mounts, integrated seat clamp<br \/>\n<strong>Fork:<\/strong> SR Suntour X1-32 LO-R Air, tapered, 15x110 mm, 120 mm (27.5: 100 mm)<br \/>\n<strong>Headset:<\/strong> ACROS AZF-1034, ICR, Zero-Stack 1 1\/2\u2033 (top and bottom)<br \/>\n<strong>Handlebar bracket:<\/strong> CUBE Performance Stem E-MTB 35, FPI-Link<br \/>\n<strong>Handlebar:<\/strong> CUBE Rise Trail Bar 35<br \/>\n<strong>Grips:<\/strong> ACID React Pro<br \/>\n<strong>Rear derailleur:<\/strong> Shimano XT RD-M8100-SGS, ShadowPlus, 12 speeds<br \/>\n<strong>Gear lever:<\/strong> Shimano Deore SL-M6100-R, Rapidfire Plus<br \/>\n<strong>Brakes:<\/strong> Shimano BR-MT200, hydraulic disc brakes (180 mm)<br \/>\n<strong>Drive:<\/strong> ACID MTB Hybrid Pro, 38T<br \/>\n<strong>Pedals:<\/strong> ACID PP MTB<br \/>\n<strong>Chain guide:<\/strong> Reverse Flip-Guide E-Chain Guide, Direct Mount, I-Plate<br \/>\n<strong>Cassette:<\/strong> Shimano Deore CS-M6100, 10-51T<br \/>\n<strong>Front hub:<\/strong> CUBE by Newmen, 15 mm, Boost, Centerlock<br \/>\n<strong>Rear hub:<\/strong> CUBE by Newmen, 12 mm, Boost, Centerlock<br \/>\n<strong>Rims:<\/strong> CUBE EX30, 32 hole, disc, tubeless ready<br \/>\n<strong>Tires:<\/strong> Schwalbe Smart Sam, Active, 2.6<br \/>\n<strong>Saddle:<\/strong> ACID Sequence Pro 160<br \/>\n<strong>Seat post:<\/strong> CUBE Dropper Post, handlebar control, internal routing, 31.6 mm<br \/>\n<strong>Weight:<\/strong> 24,3 kg<\/p>","protected":false},"excerpt":{"rendered":"<p>Elektri\u010dno gorsko kolo Cube Reaction Hybrid Pro 600 Metallicgrey &#8216;n&#8217; Black<\/p>","protected":false},"featured_media":12974,"template":"","meta":{"_acf_changed":false,"inline_featured_image":false,"_monsterinsights_skip_tracking":false,"_monsterinsights_sitenote_active":false,"_monsterinsights_sitenote_note":"","_monsterinsights_sitenote_category":0},"product_brand":[1192],"product_cat":[629],"product_tag":[],"class_list":{"0":"post-12969","1":"product","2":"type-product","3":"status-publish","4":"has-post-thumbnail","6":"product_brand-cube","7":"product_cat-gorska-elektricna-kolesa","8":"pa_velikost-m","10":"first","11":"instock","12":"sale","13":"taxable","14":"shipping-taxable","15":"purchasable","16":"product-type-variable"},"acf":[],"aioseo_notices":[],"_links":{"self":[{"href":"https:\/\/ritosa.click.si\/en\/wp-json\/wp\/v2\/product\/12969","targetHints":{"allow":["GET"]}}],"collection":[{"href":"https:\/\/ritosa.click.si\/en\/wp-json\/wp\/v2\/product"}],"about":[{"href":"https:\/\/ritosa.click.si\/en\/wp-json\/wp\/v2\/types\/product"}],"wp:featuredmedia":[{"embeddable":true,"href":"https:\/\/ritosa.click.si\/en\/wp-json\/wp\/v2\/media\/12974"}],"wp:attachment":[{"href":"https:\/\/ritosa.click.si\/en\/wp-json\/wp\/v2\/media?parent=12969"}],"wp:term":[{"taxonomy":"product_brand","embeddable":true,"href":"https:\/\/ritosa.click.si\/en\/wp-json\/wp\/v2\/product_brand?post=12969"},{"taxonomy":"product_cat","embeddable":true,"href":"https:\/\/ritosa.click.si\/en\/wp-json\/wp\/v2\/product_cat?post=12969"},{"taxonomy":"product_tag","embeddable":true,"href":"https:\/\/ritosa.click.si\/en\/wp-json\/wp\/v2\/product_tag?post=12969"}],"curies":[{"name":"wp","href":"https:\/\/api.w.org\/{rel}","templated":true}]}}