{"id":12669,"date":"2024-02-28T10:39:15","date_gmt":"2024-02-28T10:39:15","guid":{"rendered":"https:\/\/ritosa.click.si\/?post_type=product&#038;p=12669"},"modified":"2026-03-06T18:36:42","modified_gmt":"2026-03-06T17:36:42","slug":"marker-squad-jr-3","status":"publish","type":"product","link":"https:\/\/ritosa.click.si\/en\/trgovina\/skiing\/smucarska-oprema\/smucarske-celade\/otroske-smucarske-celade\/marker-squad-jr-3\/","title":{"rendered":"Marker Squad JR"},"content":{"rendered":"<p><span class=\"HwtZe\" lang=\"sl\" xml:lang=\"sl\"><span class=\"jCAhz ChMk0b\"><span class=\"ryNqvb\">The highly durable SQUAD JUNIOR helmet is made for all those fearless children who diligently do their part in testing the laws of gravity.<\/span><\/span> With<span class=\"jCAhz ChMk0b\"><span class=\"ryNqvb\">The elo rigid construction with an impact-absorbing EPS core and a lightweight yet strong ABS shell provides increased protection, function and style.<\/span><\/span> <span class=\"jCAhz ChMk0b\"><span class=\"ryNqvb\">The MarkAIR CHANNEL SYSTEM and RTS WHEEL for size adjustment allow for easy adjustment, a perfect fit and excellent heat control.<\/span><\/span> <span class=\"jCAhz ChMk0b\"><span class=\"ryNqvb\">If you prefer to wear a cap under your helmet: the Xdry Performance liner can be removed in a flash.<\/span><\/span><\/span><\/p>\n<table>\n<tbody>\n<tr>\n<td>Safety certificate<\/td>\n<td>CE-EN-1077-2007-Class-B<\/td>\n<\/tr>\n<tr>\n<td>Protection<\/td>\n<td><span class=\"array-item\">EPS Edge Protection<\/span><\/td>\n<\/tr>\n<tr>\n<td>Comfort<\/td>\n<td><span class=\"array-item\">FIXED Earpads <span class=\"comma\">,<\/span><\/span><span class=\"array-item\"> Xdry Liner <\/span><\/td>\n<\/tr>\n<tr>\n<td>Special features<\/td>\n<td><span class=\"array-item\">Beanie Ready<\/span><\/td>\n<\/tr>\n<tr>\n<td>Construction<\/td>\n<td>ABS Hard Shell<\/td>\n<\/tr>\n<\/tbody>\n<\/table>","protected":false},"excerpt":{"rendered":"<p>Otro\u0161ka smu\u010darska \u010delada Marker Squad JR<\/p>","protected":false},"featured_media":12671,"template":"","meta":{"_acf_changed":false,"inline_featured_image":false,"_monsterinsights_skip_tracking":false,"_monsterinsights_sitenote_active":false,"_monsterinsights_sitenote_note":"","_monsterinsights_sitenote_category":0},"product_brand":[2242],"product_cat":[569],"product_tag":[1198],"class_list":{"0":"post-12669","1":"product","2":"type-product","3":"status-publish","4":"has-post-thumbnail","6":"product_brand-marker","7":"product_cat-otroske-smucarske-celade","8":"product_tag-otroci","9":"pa_velikost-51-56","11":"first","12":"instock","13":"sale","14":"taxable","15":"shipping-taxable","16":"purchasable","17":"product-type-variable"},"acf":[],"aioseo_notices":[],"_links":{"self":[{"href":"https:\/\/ritosa.click.si\/en\/wp-json\/wp\/v2\/product\/12669","targetHints":{"allow":["GET"]}}],"collection":[{"href":"https:\/\/ritosa.click.si\/en\/wp-json\/wp\/v2\/product"}],"about":[{"href":"https:\/\/ritosa.click.si\/en\/wp-json\/wp\/v2\/types\/product"}],"wp:featuredmedia":[{"embeddable":true,"href":"https:\/\/ritosa.click.si\/en\/wp-json\/wp\/v2\/media\/12671"}],"wp:attachment":[{"href":"https:\/\/ritosa.click.si\/en\/wp-json\/wp\/v2\/media?parent=12669"}],"wp:term":[{"taxonomy":"product_brand","embeddable":true,"href":"https:\/\/ritosa.click.si\/en\/wp-json\/wp\/v2\/product_brand?post=12669"},{"taxonomy":"product_cat","embeddable":true,"href":"https:\/\/ritosa.click.si\/en\/wp-json\/wp\/v2\/product_cat?post=12669"},{"taxonomy":"product_tag","embeddable":true,"href":"https:\/\/ritosa.click.si\/en\/wp-json\/wp\/v2\/product_tag?post=12669"}],"curies":[{"name":"wp","href":"https:\/\/api.w.org\/{rel}","templated":true}]}}