{"id":12126,"date":"2023-10-21T09:45:37","date_gmt":"2023-10-21T09:45:37","guid":{"rendered":"https:\/\/ritosa.click.si\/?post_type=product&#038;p=12126"},"modified":"2026-03-22T22:34:41","modified_gmt":"2026-03-22T21:34:41","slug":"neom-letric-20-ls-integra","status":"publish","type":"product","link":"https:\/\/ritosa.click.si\/en\/trgovina\/cycling\/kolesa\/elektricna-kolesa\/zlozljiva-elektricna-kolesa\/neom-letric-20-ls-integra\/","title":{"rendered":"NEOM Letric 20\u2033 LS Integra"},"content":{"rendered":"<div id=\"tab6\" class=\"tab-pane active\">\n<div class=\"podrobno_podrobniopis\">\n<p>Elektri\u010dno zlo\u017eljivo kolo Neom Letric 20 LS Integra<\/p>\n<p>NEOM zlo\u017eljivo elektri\u010dno kolo je eno najbolj uporabnih elektri\u010dnih koles na trgu. S kolesom ki ima pomo\u017eni elektri\u010dni motor boste zlahka pri\u0161li do cilja. Pri kolesu se zlo\u017ei okvir, krmilo in pedala, da ga boste brez te\u017eav preva\u017eali z avtomobilom. Za no\u010dno vo\u017enjo ima led lu\u010di. Zadnji prtlja\u017enik pa boste lahko uporabili, ko boste \u0161li po nakupih. Integrirana baterija izbolj\u0161a razporeditev te\u017ee in udobnej\u0161o vo\u017enjo.<\/p>\n<p>Specification:<br \/>\nFrame: 6061 ALU, foldable, LS \u2013 Low Step<br \/>\nForks: Suspension<br \/>\nGear: Shimano, Tourney, 7P<br \/>\nBrakes: Tektro, Mechanical disc<br \/>\nTires: Kenda, 20\u00d72.25<br \/>\nMotor: Bafang, 36V, 250W<br \/>\nBaterija: Integrirana 10,4 Ah<br \/>\nDisplay: AP7, LCD 450U<br \/>\nFlashlight: LED<br \/>\nAdditional equipment: mudguards, luggage rack, side stand<br \/>\nDomet: Do 60km<\/p>\n<\/div>\n<\/div>","protected":false},"excerpt":{"rendered":"<p>Zlo\u017eljivo elektri\u010dno kolo NEOM Letric 20&#8243; LS Integra<\/p>\n<ul>\n<li>Nizek okvir za enostaven vstop in sestop<\/li>\n<li>Skrita integrirana baterija<\/li>\n<\/ul>\n<p><span style=\"color: #00ccff\">POSSIBILITY OF APPLYING FOR ADDITIONAL SUBSIDIES -25%<\/span><\/p>","protected":false},"featured_media":12127,"template":"","meta":{"_acf_changed":false,"inline_featured_image":false},"product_brand":[],"product_cat":[642],"product_tag":[],"class_list":{"0":"post-12126","1":"product","2":"type-product","3":"status-publish","4":"has-post-thumbnail","6":"product_cat-zlozljiva-elektricna-kolesa","8":"first","9":"onbackorder","10":"sale","11":"taxable","12":"shipping-taxable","13":"purchasable","14":"product-type-simple"},"acf":[],"_links":{"self":[{"href":"https:\/\/ritosa.click.si\/en\/wp-json\/wp\/v2\/product\/12126","targetHints":{"allow":["GET"]}}],"collection":[{"href":"https:\/\/ritosa.click.si\/en\/wp-json\/wp\/v2\/product"}],"about":[{"href":"https:\/\/ritosa.click.si\/en\/wp-json\/wp\/v2\/types\/product"}],"wp:featuredmedia":[{"embeddable":true,"href":"https:\/\/ritosa.click.si\/en\/wp-json\/wp\/v2\/media\/12127"}],"wp:attachment":[{"href":"https:\/\/ritosa.click.si\/en\/wp-json\/wp\/v2\/media?parent=12126"}],"wp:term":[{"taxonomy":"product_brand","embeddable":true,"href":"https:\/\/ritosa.click.si\/en\/wp-json\/wp\/v2\/product_brand?post=12126"},{"taxonomy":"product_cat","embeddable":true,"href":"https:\/\/ritosa.click.si\/en\/wp-json\/wp\/v2\/product_cat?post=12126"},{"taxonomy":"product_tag","embeddable":true,"href":"https:\/\/ritosa.click.si\/en\/wp-json\/wp\/v2\/product_tag?post=12126"}],"curies":[{"name":"wp","href":"https:\/\/api.w.org\/{rel}","templated":true}]}}