{"id":11839,"date":"2023-02-06T14:45:22","date_gmt":"2023-02-06T14:45:22","guid":{"rendered":"https:\/\/ritosa.click.si\/?post_type=product&#038;p=11839"},"modified":"2026-03-07T19:15:46","modified_gmt":"2026-03-07T18:15:46","slug":"otroske-rokavice-reusch-ben-4","status":"publish","type":"product","link":"https:\/\/ritosa.click.si\/en\/trgovina\/skiing\/smucarska-oprema\/smucarske-rokavice\/otroske-smucarske-rokavice\/otroske-rokavice-reusch-ben-4\/","title":{"rendered":"Reusch Ben ski gloves"},"content":{"rendered":"<p>Fantovske smu\u010darske rokavice <strong data-start=\"29\" data-end=\"43\">Reusch Ben<\/strong> na dva prsta (lobster oziroma mitten dizajn) so zasnovane za <strong data-start=\"105\" data-end=\"124\">mlaj\u0161e smu\u010darje<\/strong>, ki potrebujejo toploto in udobje na snegu. Posebna zasnova z <strong data-start=\"187\" data-end=\"204\">dvema prstoma<\/strong> omogo\u010da bolj\u0161e zadr\u017eevanje toplote kot klasi\u010dne rokavice, hkrati pa \u0161e vedno nudi dovolj gibljivosti. Za toploto skrbi <strong data-start=\"324\" data-end=\"345\">R-LOFT\u2122 izolacija<\/strong>, ki u\u010dinkovito zadr\u017euje toploto tudi v hladnih zimskih razmerah. Notranja <strong data-start=\"420\" data-end=\"443\">MicroActive podloga<\/strong> odvaja vlago in poskrbi za prijeten ob\u010dutek med no\u0161enjem. Rokavice imajo tudi <strong data-start=\"522\" data-end=\"556\">dolgo zadrgo na zgornji strani<\/strong>, ki omogo\u010da zelo enostavno obla\u010denje in sla\u010denje rokavic.<\/p>","protected":false},"excerpt":{"rendered":"<p>Fantovske smu\u010darske rokavice Reusch Ben<\/p>","protected":false},"featured_media":11841,"template":"","meta":{"_acf_changed":false,"inline_featured_image":false},"product_brand":[683],"product_cat":[605],"product_tag":[1198],"class_list":{"0":"post-11839","1":"product","2":"type-product","3":"status-publish","4":"has-post-thumbnail","6":"product_brand-reusch","7":"product_cat-otroske-smucarske-rokavice","8":"product_tag-otroci","9":"pa_velikost-ii","10":"pa_velikost-iv","12":"first","13":"instock","14":"sale","15":"taxable","16":"shipping-taxable","17":"purchasable","18":"product-type-variable"},"acf":[],"_links":{"self":[{"href":"https:\/\/ritosa.click.si\/en\/wp-json\/wp\/v2\/product\/11839","targetHints":{"allow":["GET"]}}],"collection":[{"href":"https:\/\/ritosa.click.si\/en\/wp-json\/wp\/v2\/product"}],"about":[{"href":"https:\/\/ritosa.click.si\/en\/wp-json\/wp\/v2\/types\/product"}],"wp:featuredmedia":[{"embeddable":true,"href":"https:\/\/ritosa.click.si\/en\/wp-json\/wp\/v2\/media\/11841"}],"wp:attachment":[{"href":"https:\/\/ritosa.click.si\/en\/wp-json\/wp\/v2\/media?parent=11839"}],"wp:term":[{"taxonomy":"product_brand","embeddable":true,"href":"https:\/\/ritosa.click.si\/en\/wp-json\/wp\/v2\/product_brand?post=11839"},{"taxonomy":"product_cat","embeddable":true,"href":"https:\/\/ritosa.click.si\/en\/wp-json\/wp\/v2\/product_cat?post=11839"},{"taxonomy":"product_tag","embeddable":true,"href":"https:\/\/ritosa.click.si\/en\/wp-json\/wp\/v2\/product_tag?post=11839"}],"curies":[{"name":"wp","href":"https:\/\/api.w.org\/{rel}","templated":true}]}}