{"id":11707,"date":"2022-11-25T14:01:32","date_gmt":"2022-11-25T14:01:32","guid":{"rendered":"https:\/\/ritosa.click.si\/?post_type=product&#038;p=11707"},"modified":"2026-03-06T13:13:49","modified_gmt":"2026-03-06T12:13:49","slug":"volkl-racetiger-jr-vmotion-4-5-100-120","status":"publish","type":"product","link":"https:\/\/ritosa.click.si\/en\/trgovina\/skiing\/smuci\/otroske-smuci\/volkl-racetiger-jr-vmotion-4-5-100-120\/","title":{"rendered":"V\u00f6lkl Racetiger JR vMotion 4.5 (100)"},"content":{"rendered":"<p><span class=\"HwtZe\" lang=\"sl\" xml:lang=\"sl\"><span class=\"jCAhz ChMk0b\"><span class=\"ryNqvb\">For the youngest competitors and better skiers who aren&#039;t ready for the harder models, the Racetiger JR features a GripWalk-compatible Motion binding in sizes 80 to 160 with an easy-to-use composite core and Light Tip Rocker system.<\/span><\/span> The Racetiger JR ski offers <span class=\"jCAhz ChMk0b\"><span class=\"ryNqvb\">a pleasant, soft ride for children as they learn to compete.<\/span><\/span><\/span><\/p>\n<p><span class=\"HwtZe\" lang=\"sl\" xml:lang=\"sl\"><span class=\"jCAhz ChMk0b\"><span class=\"ryNqvb\"><span class=\"HwtZe\" lang=\"sl\" xml:lang=\"sl\"><span class=\"jCAhz ChMk0b\"><span class=\"ryNqvb\">Traditional binding systems usually reinforce the part of the ski where the binding is.<\/span><\/span> <span class=\"jCAhz ChMk0b\"><span class=\"ryNqvb\">On longer skis, this is only a small obstacle to properly executing a carving turn.<\/span><\/span> <span class=\"jCAhz ChMk0b\"><span class=\"ryNqvb\">In children&#039;s ski models, however, this stiffness represents a major limitation to the overall functionality of the ski.<\/span><\/span> The Voelkls<span class=\"jCAhz ChMk0b\"><span class=\"ryNqvb\"> The developers recognized the problem and premiered the Junior version of the 3Motion binding system for shorter skis.<\/span><\/span> <span class=\"jCAhz ChMk0b\"><span class=\"ryNqvb\">Advantage: by separating the attachment rails into two parts, the Junior version no longer interferes with the ski&#039;s bending during turns.<\/span><\/span> <span class=\"jCAhz ChMk0b\"><span class=\"ryNqvb\">When the ski is placed on the edge, it makes a perfect curve and makes skiing even easier for children.<\/span><\/span> <span class=\"jCAhz ChMk0b\"><span class=\"ryNqvb\">At the same time, the 7.0 vMotion Jr. R also meets all technical requirements for maximum safety.<\/span><\/span> <span class=\"jCAhz ChMk0b\"><span class=\"ryNqvb\">DIN-ISO: 2.0-7.0<\/span><\/span><\/span><\/span><\/span><\/span><\/p>\n<div class=\"specs-item row\">\n<div class=\"specs-item-label\">\n<p><strong>Rocker<\/strong><\/p>\n<\/div>\n<div class=\"specs-item-value\">\n<p>Type Rocker<\/p>\n<\/div>\n<\/div>\n<div class=\"specs-item row\">\n<div class=\"specs-item-label\">\n<p><strong>Core<\/strong><\/p>\n<\/div>\n<div class=\"specs-item-value\">\n<p>Composite Core<\/p>\n<\/div>\n<\/div>\n<div class=\"specs-item row\">\n<div class=\"specs-item-label\">\n<p><strong>Base<\/strong><\/p>\n<\/div>\n<div class=\"specs-item-value\">\n<p>CAP V2 \/ P-Tex 2100<\/p>\n<\/div>\n<\/div>","protected":false},"excerpt":{"rendered":"<p>Otro\u0161ke smu\u010di V\u00f6lkl Racetiger JR vMotion 4.5 (100)<\/p>","protected":false},"featured_media":11709,"template":"","meta":{"_acf_changed":false,"inline_featured_image":false,"_monsterinsights_skip_tracking":false,"_monsterinsights_sitenote_active":false,"_monsterinsights_sitenote_note":"","_monsterinsights_sitenote_category":0},"product_brand":[1190],"product_cat":[592],"product_tag":[1198],"class_list":{"0":"post-11707","1":"product","2":"type-product","3":"status-publish","4":"has-post-thumbnail","6":"product_brand-volkl","7":"product_cat-otroske-smuci","8":"product_tag-otroci","9":"pa_velikost-1056","11":"first","12":"instock","13":"sale","14":"taxable","15":"shipping-taxable","16":"purchasable","17":"product-type-variable"},"acf":[],"aioseo_notices":[],"_links":{"self":[{"href":"https:\/\/ritosa.click.si\/en\/wp-json\/wp\/v2\/product\/11707","targetHints":{"allow":["GET"]}}],"collection":[{"href":"https:\/\/ritosa.click.si\/en\/wp-json\/wp\/v2\/product"}],"about":[{"href":"https:\/\/ritosa.click.si\/en\/wp-json\/wp\/v2\/types\/product"}],"wp:featuredmedia":[{"embeddable":true,"href":"https:\/\/ritosa.click.si\/en\/wp-json\/wp\/v2\/media\/11709"}],"wp:attachment":[{"href":"https:\/\/ritosa.click.si\/en\/wp-json\/wp\/v2\/media?parent=11707"}],"wp:term":[{"taxonomy":"product_brand","embeddable":true,"href":"https:\/\/ritosa.click.si\/en\/wp-json\/wp\/v2\/product_brand?post=11707"},{"taxonomy":"product_cat","embeddable":true,"href":"https:\/\/ritosa.click.si\/en\/wp-json\/wp\/v2\/product_cat?post=11707"},{"taxonomy":"product_tag","embeddable":true,"href":"https:\/\/ritosa.click.si\/en\/wp-json\/wp\/v2\/product_tag?post=11707"}],"curies":[{"name":"wp","href":"https:\/\/api.w.org\/{rel}","templated":true}]}}