{"id":11692,"date":"2022-11-16T16:45:45","date_gmt":"2022-11-16T16:45:45","guid":{"rendered":"https:\/\/ritosa.click.si\/?post_type=product&#038;p=11692"},"modified":"2026-03-05T15:31:16","modified_gmt":"2026-03-05T14:31:16","slug":"dalbello-cxr-3-0-jr","status":"publish","type":"product","link":"https:\/\/ritosa.click.si\/en\/trgovina\/skiing\/smucarska-oprema\/smucarski-cevlji\/otroski-smucarski-cevlji\/dalbello-cxr-3-0-jr\/","title":{"rendered":"Dalbello CXR 3.0 JR"},"content":{"rendered":"<p>Dalbello CXR 3.0 Junior are <strong>great children&#039;s ski boots<\/strong>, which are intended for lighter and smaller skiers. Uncompromising performance for the youngest skiers of the future! They are made for sporty kids who want to ski all day on all slopes. They have <strong>just the right flex<\/strong>, to provide good support for children&#039;s feet, while also being easy to put on and take off.<\/p>\n<p><strong>Warm, comfortable and powerful<\/strong>!<\/p>\n<p><strong>Features:<\/strong><\/p>\n<ul>\n<li><strong>Flex index: 25 JR<\/strong><\/li>\n<li>Convertible three-piece shell design increases flexibility and fits snugly to the foot<\/li>\n<li>Very comfortable interior<\/li>\n<li>Technological material on the insole keeps feet warm and dry<\/li>\n<li>Three-buckle aluminum lock<\/li>\n<li>Flex index for lighter skiers<\/li>\n<li>Replaceable toe and heel caps made of durable polyurethane<\/li>\n<li>Easy to put on and take off<\/li>\n<\/ul>","protected":false},"excerpt":{"rendered":"<p>Otro\u0161ki smu\u010darski \u010devlji Dalbello CXR 3.0 JR<\/p>","protected":false},"featured_media":11694,"template":"","meta":{"_acf_changed":false,"inline_featured_image":false,"_monsterinsights_skip_tracking":false,"_monsterinsights_sitenote_active":false,"_monsterinsights_sitenote_note":"","_monsterinsights_sitenote_category":0},"product_brand":[1191],"product_cat":[568],"product_tag":[1198],"class_list":{"0":"post-11692","1":"product","2":"type-product","3":"status-publish","4":"has-post-thumbnail","6":"product_brand-dalbello","7":"product_cat-otroski-smucarski-cevlji","8":"product_tag-otroci","9":"pa_velikost-1079","11":"first","12":"instock","13":"sale","14":"taxable","15":"shipping-taxable","16":"purchasable","17":"product-type-variable"},"acf":[],"aioseo_notices":[],"_links":{"self":[{"href":"https:\/\/ritosa.click.si\/en\/wp-json\/wp\/v2\/product\/11692","targetHints":{"allow":["GET"]}}],"collection":[{"href":"https:\/\/ritosa.click.si\/en\/wp-json\/wp\/v2\/product"}],"about":[{"href":"https:\/\/ritosa.click.si\/en\/wp-json\/wp\/v2\/types\/product"}],"wp:featuredmedia":[{"embeddable":true,"href":"https:\/\/ritosa.click.si\/en\/wp-json\/wp\/v2\/media\/11694"}],"wp:attachment":[{"href":"https:\/\/ritosa.click.si\/en\/wp-json\/wp\/v2\/media?parent=11692"}],"wp:term":[{"taxonomy":"product_brand","embeddable":true,"href":"https:\/\/ritosa.click.si\/en\/wp-json\/wp\/v2\/product_brand?post=11692"},{"taxonomy":"product_cat","embeddable":true,"href":"https:\/\/ritosa.click.si\/en\/wp-json\/wp\/v2\/product_cat?post=11692"},{"taxonomy":"product_tag","embeddable":true,"href":"https:\/\/ritosa.click.si\/en\/wp-json\/wp\/v2\/product_tag?post=11692"}],"curies":[{"name":"wp","href":"https:\/\/api.w.org\/{rel}","templated":true}]}}