{"id":11680,"date":"2022-11-16T16:22:16","date_gmt":"2022-11-16T16:22:16","guid":{"rendered":"https:\/\/ritosa.click.si\/?post_type=product&#038;p=11680"},"modified":"2026-03-05T15:28:05","modified_gmt":"2026-03-05T14:28:05","slug":"dalbello-green-gaia-2-0-gw","status":"publish","type":"product","link":"https:\/\/ritosa.click.si\/en\/trgovina\/skiing\/smucarska-oprema\/smucarski-cevlji\/otroski-smucarski-cevlji\/dalbello-green-gaia-2-0-gw\/","title":{"rendered":"Dalbello Green Gaia 2.0 GW"},"content":{"rendered":"<p><span class=\"HwtZe\" lang=\"sl\" xml:lang=\"sl\"><span class=\"jCAhz ChMk0b\"><span class=\"ryNqvb\">Dalbello set a trend with the Reboot project by launching one of the most sustainable ski boots.<\/span><\/span> <span class=\"HwtZe\" lang=\"sl\" xml:lang=\"sl\"><span class=\"jCAhz ChMk0b\"><span class=\"ryNqvb\">The revolutionary Green Gaia 2.0 GW is a very lightweight, environmentally friendly girls&#039; ski boot, whose shell is made entirely from recycled material.<\/span><\/span> <span class=\"jCAhz ChMk0b\"><span class=\"ryNqvb\">The fabrics and foams in the lining are also made from 100% recycled materials, meaning the entire boot can be fully recycled later.<\/span><\/span> <\/span><\/span><\/p>\n<p><span class=\"HwtZe\" lang=\"sl\" xml:lang=\"sl\"><span class=\"HwtZe\" lang=\"sl\" xml:lang=\"sl\"><span class=\"jCAhz ChMk0b\"><span class=\"ryNqvb\">Two aluminum buckles and a solid construction provide great stability, good power transfer and solid foot support.<\/span><\/span> <span class=\"jCAhz ChMk0b\"><span class=\"ryNqvb\">An optimized fit and comfortable, thermally insulated lining mean girls can hit the slopes all day long.<\/span><\/span> <span class=\"jCAhz ChMk0b\"><span class=\"ryNqvb\">Pre-installed GripWalk soles allow young skiers to walk more safely and comfortably.<\/span><\/span><\/span><\/span><\/p>\n<table>\n<tbody>\n<tr>\n<td>Sizes<\/td>\n<td>195 \u2013 215<\/td>\n<\/tr>\n<tr>\n<td>Construction<\/td>\n<td>Overlap<\/td>\n<\/tr>\n<tr>\n<td>Flex<\/td>\n<td>25<\/td>\n<\/tr>\n<tr>\n<td>Hoof width<\/td>\n<td>Junior<\/td>\n<\/tr>\n<tr>\n<td>Material<\/td>\n<td>RECYCLED DB HYPERLITE<\/td>\n<\/tr>\n<tr>\n<td>Inner boot<\/td>\n<td>Supercomfort Jr<\/td>\n<\/tr>\n<tr>\n<td>Buckles<\/td>\n<td>PJ 9 Macro<\/td>\n<\/tr>\n<tr>\n<td>Foot width<\/td>\n<td>For medium-wide feet<\/td>\n<\/tr>\n<\/tbody>\n<\/table>","protected":false},"excerpt":{"rendered":"<p>Otro\u0161ki smu\u010darski \u010devlji Dalbello Green Gaia 2.0 GW<\/p>","protected":false},"featured_media":11683,"template":"","meta":{"_acf_changed":false,"inline_featured_image":false},"product_brand":[1191],"product_cat":[568],"product_tag":[1198],"class_list":{"0":"post-11680","1":"product","2":"type-product","3":"status-publish","4":"has-post-thumbnail","6":"product_brand-dalbello","7":"product_cat-otroski-smucarski-cevlji","8":"product_tag-otroci","9":"pa_velikost-1075","10":"pa_velikost-793","12":"first","13":"instock","14":"sale","15":"taxable","16":"shipping-taxable","17":"purchasable","18":"product-type-variable"},"acf":[],"_links":{"self":[{"href":"https:\/\/ritosa.click.si\/en\/wp-json\/wp\/v2\/product\/11680","targetHints":{"allow":["GET"]}}],"collection":[{"href":"https:\/\/ritosa.click.si\/en\/wp-json\/wp\/v2\/product"}],"about":[{"href":"https:\/\/ritosa.click.si\/en\/wp-json\/wp\/v2\/types\/product"}],"wp:featuredmedia":[{"embeddable":true,"href":"https:\/\/ritosa.click.si\/en\/wp-json\/wp\/v2\/media\/11683"}],"wp:attachment":[{"href":"https:\/\/ritosa.click.si\/en\/wp-json\/wp\/v2\/media?parent=11680"}],"wp:term":[{"taxonomy":"product_brand","embeddable":true,"href":"https:\/\/ritosa.click.si\/en\/wp-json\/wp\/v2\/product_brand?post=11680"},{"taxonomy":"product_cat","embeddable":true,"href":"https:\/\/ritosa.click.si\/en\/wp-json\/wp\/v2\/product_cat?post=11680"},{"taxonomy":"product_tag","embeddable":true,"href":"https:\/\/ritosa.click.si\/en\/wp-json\/wp\/v2\/product_tag?post=11680"}],"curies":[{"name":"wp","href":"https:\/\/api.w.org\/{rel}","templated":true}]}}