{"id":11496,"date":"2022-09-23T11:14:28","date_gmt":"2022-09-23T11:14:28","guid":{"rendered":"https:\/\/ritosa.click.si\/?post_type=product&#038;p=11496"},"modified":"2026-03-06T16:35:57","modified_gmt":"2026-03-06T15:35:57","slug":"rolerji-tempish-wox","status":"publish","type":"product","link":"https:\/\/ritosa.click.si\/en\/trgovina\/rolerji\/odrasli-rolerji\/rolerji-tempish-wox\/","title":{"rendered":"Roller skates TEMPISH WOX"},"content":{"rendered":"<p>WOX inline skates are classic fitness inline skates designed for both beginners and advanced skaters.<\/p>\n<p>The medium-high construction provides skaters with solid foot anchoring in the skeleton and a certain amount of skate control.<\/p>\n<p>The double construction of the mat with a removable entire inner liner is very comfortable and allows for quick drying after riding and cleaning when necessary. (The mat can be washed in clean lukewarm water.)<\/p>\n<p>The lining is softer in the Achilles tendon area for more comfortable skating.<\/p>\n<p>Tightening the skates with classic laces and a Velcro instep strap to firmly secure the foot to the skeleton. The upper part of the skeleton is tightened by a strap with a micro buckle.<\/p>\n<p>Men&#039;s inline skates designed for recreational fitness and conditioning skating. CATCH series wheels show standard wear during riding, depending on the quality of the surface, riding style and user weight.<\/p>","protected":false},"excerpt":{"rendered":"<p>Rolerji WOX so klasi\u010dni rolerji za fitnes rolanje, zasnovani tako za za\u010detnike kot za napredne rolera\u0161e. Srednje visoka konstrukcija zagotavlja rolarjem trdno sidranje stopala v okostje in dolo\u010den nadzor rolerjev. Dvojna konstrukcija podloge z odstranljivim celotnim notranjim prtlja\u017enikom je zelo udobna in omogo\u010da hitro su\u0161enje po vo\u017enji in \u010di\u0161\u010denje po potrebi. (Podlogo lahko sperete v [&hellip;]<\/p>\n","protected":false},"featured_media":11498,"template":"","meta":{"_acf_changed":false,"inline_featured_image":false},"product_brand":[1219],"product_cat":[584],"product_tag":[1200,1218,1220],"class_list":{"0":"post-11496","1":"product","2":"type-product","3":"status-publish","4":"has-post-thumbnail","6":"product_brand-tempish","7":"product_cat-odrasli-rolerji","8":"product_tag-moski","9":"product_tag-rolerji-tempish","10":"product_tag-rolerji-tempish-wox","11":"pa_velikost-43-2","13":"first","14":"instock","15":"sale","16":"taxable","17":"shipping-taxable","18":"purchasable","19":"product-type-variable"},"acf":[],"_links":{"self":[{"href":"https:\/\/ritosa.click.si\/en\/wp-json\/wp\/v2\/product\/11496","targetHints":{"allow":["GET"]}}],"collection":[{"href":"https:\/\/ritosa.click.si\/en\/wp-json\/wp\/v2\/product"}],"about":[{"href":"https:\/\/ritosa.click.si\/en\/wp-json\/wp\/v2\/types\/product"}],"wp:featuredmedia":[{"embeddable":true,"href":"https:\/\/ritosa.click.si\/en\/wp-json\/wp\/v2\/media\/11498"}],"wp:attachment":[{"href":"https:\/\/ritosa.click.si\/en\/wp-json\/wp\/v2\/media?parent=11496"}],"wp:term":[{"taxonomy":"product_brand","embeddable":true,"href":"https:\/\/ritosa.click.si\/en\/wp-json\/wp\/v2\/product_brand?post=11496"},{"taxonomy":"product_cat","embeddable":true,"href":"https:\/\/ritosa.click.si\/en\/wp-json\/wp\/v2\/product_cat?post=11496"},{"taxonomy":"product_tag","embeddable":true,"href":"https:\/\/ritosa.click.si\/en\/wp-json\/wp\/v2\/product_tag?post=11496"}],"curies":[{"name":"wp","href":"https:\/\/api.w.org\/{rel}","templated":true}]}}