{"id":10785,"date":"2022-01-18T10:03:42","date_gmt":"2022-01-18T10:03:42","guid":{"rendered":"https:\/\/ritosa.click.si\/?post_type=product&#038;p=10785"},"modified":"2026-03-06T15:46:54","modified_gmt":"2026-03-06T14:46:54","slug":"volkl-classic-boot-helmet-bag","status":"publish","type":"product","link":"https:\/\/ritosa.click.si\/en\/trgovina\/skiing\/smucarska-oprema\/smucarske-torbe\/volkl-classic-boot-helmet-bag\/","title":{"rendered":"Volkl Classic Boot + Helmet Bag"},"content":{"rendered":"<p>Classic Boot + Helmet Bag Black znamke V\u00f6lkl East je idealna torba za va\u0161e smu\u010darske ali deskarske \u010devlje ter \u010delado.<\/p>\n<p>S prostornino 46 litrov torba omogo\u010da shranjevanje para smu\u010darskih ali deskarskih \u010devljev v prvem, zra\u010dnem predalu, ter \u010delade v drugem. Preprosta in u\u010dinkovita torba je enostavna za no\u0161enje zahvaljujo\u010d naramnemu traku in oja\u010danim ro\u010dajem.<\/p>\n<ul>\n<li><strong>Volume (liters):<\/strong>\u00a046<\/li>\n<li><strong>Weight (g):<\/strong>\u00a0800<\/li>\n<li><strong>Dimensions:<\/strong>\u00a040,5 \u00d7 27 \u00d7 42 cm<\/li>\n<\/ul>\n<p>Other features:<\/p>\n<ul>\n<li>Predal za smu\u010darske\/deskaske \u010devlje<\/li>\n<li>Predal za \u010delado<\/li>\n<li>Side mesh ventilation<\/li>\n<li>Oja\u010dani ro\u010daji<\/li>\n<li>Adjustable straps<\/li>\n<\/ul>","protected":false},"excerpt":{"rendered":"<p>Torba za smu\u010darsko \u010delado in smu\u010darske \u010devlje \u2013 Classic Boot + Helmet Bag \u2013 V\u00f6lkl<\/p>","protected":false},"featured_media":10786,"template":"","meta":{"_acf_changed":false,"inline_featured_image":false,"_monsterinsights_skip_tracking":false,"_monsterinsights_sitenote_active":false,"_monsterinsights_sitenote_note":"","_monsterinsights_sitenote_category":0},"product_brand":[1190],"product_cat":[570],"product_tag":[],"class_list":{"0":"post-10785","1":"product","2":"type-product","3":"status-publish","4":"has-post-thumbnail","6":"product_brand-volkl","7":"product_cat-smucarske-torbe","9":"first","10":"instock","11":"sale","12":"taxable","13":"shipping-taxable","14":"purchasable","15":"product-type-simple"},"acf":[],"aioseo_notices":[],"_links":{"self":[{"href":"https:\/\/ritosa.click.si\/en\/wp-json\/wp\/v2\/product\/10785","targetHints":{"allow":["GET"]}}],"collection":[{"href":"https:\/\/ritosa.click.si\/en\/wp-json\/wp\/v2\/product"}],"about":[{"href":"https:\/\/ritosa.click.si\/en\/wp-json\/wp\/v2\/types\/product"}],"wp:featuredmedia":[{"embeddable":true,"href":"https:\/\/ritosa.click.si\/en\/wp-json\/wp\/v2\/media\/10786"}],"wp:attachment":[{"href":"https:\/\/ritosa.click.si\/en\/wp-json\/wp\/v2\/media?parent=10785"}],"wp:term":[{"taxonomy":"product_brand","embeddable":true,"href":"https:\/\/ritosa.click.si\/en\/wp-json\/wp\/v2\/product_brand?post=10785"},{"taxonomy":"product_cat","embeddable":true,"href":"https:\/\/ritosa.click.si\/en\/wp-json\/wp\/v2\/product_cat?post=10785"},{"taxonomy":"product_tag","embeddable":true,"href":"https:\/\/ritosa.click.si\/en\/wp-json\/wp\/v2\/product_tag?post=10785"}],"curies":[{"name":"wp","href":"https:\/\/api.w.org\/{rel}","templated":true}]}}