{"id":10537,"date":"2005-10-05T14:32:13","date_gmt":"2005-10-05T12:32:13","guid":{"rendered":"https:\/\/ritosa.click.si\/?post_type=product&#038;p=10537"},"modified":"2025-08-28T13:18:41","modified_gmt":"2025-08-28T11:18:41","slug":"stojalo-za-kolo-peruzzo-lybra","status":"publish","type":"product","link":"https:\/\/ritosa.click.si\/en\/trgovina\/cycling\/nosilci-koles\/za-dom\/stojalo-za-kolo-peruzzo-lybra\/","title":{"rendered":"Peruzzo Lybra bike stand"},"content":{"rendered":"<p><span class=\"VIiyi\" lang=\"sl\" xml:lang=\"sl\"><span class=\"JLqJ4b ChMk0b\">The Lybra bike stand is patented and folds to take up little space.<\/span> <span class=\"JLqJ4b ChMk0b\">Equipped with holes for mounting to the floor, suitable for all types of bikes.<\/span>\u00a0Also suitable for + tires - maximum width is 8cm. Firm enough to easily hold even heavier, electric bikes. With a patented system that compresses the bike in the stand so that the rim and frame do not touch the stand.<\/span><\/p>","protected":false},"excerpt":{"rendered":"<p>Stojalo za kolesa Lybra je patentirano in se zlo\u017ei, da zavzame malo prostora. Opremljeno z luknjami za pritrditev na tla, primeren za vse vrste koles.\u00a0Primeren tudi za + pla\u0161\u010de &#8211; maksimalna \u0161irina je 8cm. Dovolj \u010dvrsto da brez te\u017eav dr\u017ei tudi te\u017eja, elektri\u010dna kolesa. S patentiranim sistemom, ki stisne kolo v stojalu, tako da se [&hellip;]<\/p>\n","protected":false},"featured_media":10538,"template":"","meta":{"_acf_changed":false,"inline_featured_image":false},"product_brand":[685],"product_cat":[528],"product_tag":[1267,1266,1264,1265],"class_list":{"0":"post-10537","1":"product","2":"type-product","3":"status-publish","4":"has-post-thumbnail","6":"product_brand-peruzzo","7":"product_cat-za-dom","8":"product_tag-lybra-peruzzo","9":"product_tag-stojalo-za-kolo-lybra","10":"product_tag-stojalo-za-kolo-peruzzo","11":"product_tag-stojalo-za-kolo-za-dom","13":"first","14":"instock","15":"sale","16":"taxable","17":"shipping-taxable","18":"purchasable","19":"product-type-simple"},"acf":[],"_links":{"self":[{"href":"https:\/\/ritosa.click.si\/en\/wp-json\/wp\/v2\/product\/10537","targetHints":{"allow":["GET"]}}],"collection":[{"href":"https:\/\/ritosa.click.si\/en\/wp-json\/wp\/v2\/product"}],"about":[{"href":"https:\/\/ritosa.click.si\/en\/wp-json\/wp\/v2\/types\/product"}],"wp:featuredmedia":[{"embeddable":true,"href":"https:\/\/ritosa.click.si\/en\/wp-json\/wp\/v2\/media\/10538"}],"wp:attachment":[{"href":"https:\/\/ritosa.click.si\/en\/wp-json\/wp\/v2\/media?parent=10537"}],"wp:term":[{"taxonomy":"product_brand","embeddable":true,"href":"https:\/\/ritosa.click.si\/en\/wp-json\/wp\/v2\/product_brand?post=10537"},{"taxonomy":"product_cat","embeddable":true,"href":"https:\/\/ritosa.click.si\/en\/wp-json\/wp\/v2\/product_cat?post=10537"},{"taxonomy":"product_tag","embeddable":true,"href":"https:\/\/ritosa.click.si\/en\/wp-json\/wp\/v2\/product_tag?post=10537"}],"curies":[{"name":"wp","href":"https:\/\/api.w.org\/{rel}","templated":true}]}}