{"id":10518,"date":"2021-09-24T14:22:15","date_gmt":"2021-09-24T14:22:15","guid":{"rendered":"https:\/\/ritosa.click.si\/?post_type=product&#038;p=10518"},"modified":"2026-03-27T18:02:28","modified_gmt":"2026-03-27T17:02:28","slug":"hudora-big-wheel-205-3","status":"publish","type":"product","link":"https:\/\/ritosa.click.si\/en\/trgovina\/skiroji\/klasicni-skiroji\/hudora-big-wheel-205-3\/","title":{"rendered":"Scooter Hudora UP 200"},"content":{"rendered":"<div id=\"product.info.description\" class=\"data item content\">\n<div class=\"product attribute description\">\n<div class=\"value\">\n<div id=\"quickTab-description\" class=\"ui-tabs-panel ui-corner-bottom ui-widget-content\" role=\"tabpanel\" aria-labelledby=\"ui-id-1\" aria-hidden=\"false\">\n<div class=\"full-description\">\n<p>Ta skiro navdu\u0161uje \u017ee najmlaj\u0161e s svojim kul izgledom. In prepri\u010da star\u0161e kot raste\u010di model za za\u010detnike. Vi\u0161insko nastavljivo in ekstra \u0161iroko krmilo omogo\u010da dolgoletno prijateljsko ob\u010dutje na vseh avanturah. Zaradi lahke aluminijaste konstrukcije ter edinstvenega barvnega in oblikovalskega stila ima skiro vse, kar potrebuje za prve uspehe pri vo\u017enji: izjemno kul izgled in lahkotno u\u017eivanje v vo\u017enji. Za to poskrbijo kolesa v elegantni dvobarvni zasnovi ter visoko-elasti\u010dna kolesa, ki omogo\u010dajo otrokom, da se zlahka premikajo po vsakem terenu.<\/p>\n<p>Additional safety is provided by reflectors on both sides of the wheels, which flash elegantly so that young drivers will not be overlooked in the dark.<\/p>\n<p>The technical data of the scooter are:<\/p>\n<ul>\n<li>from 4 years old<\/li>\n<li>Anti-slip handles, reflective prints on tires<\/li>\n<li>Pnevmatike: Optimizirane PU pnevmatike (absorpcija udarcev)<\/li>\n<li>Zavorni sistem: Zavorna plo\u0161\u010dica na zadnjem kolesu<\/li>\n<li>Dimenzije deske (cm): 33 x 11,5<\/li>\n<li>Zlo\u017eljiv: Da<\/li>\n<li>Barva: Rumena<\/li>\n<li>Nastavljiva vi\u0161ina: 77 &#8211; 103 cm<\/li>\n<li>Vi\u0161ina krmila: Pribli\u017eno 78 &#8211; 103 cm<\/li>\n<li>Maksimalna te\u017ea uporabnika: 100 kg<\/li>\n<li>Material koles: PU<\/li>\n<li>Serija: UP 200<\/li>\n<li>Dimenzije zlo\u017eenega skiroja (cm): 79 x 11,5 x 32<\/li>\n<\/ul>\n<\/div>\n<\/div>\n<p><strong>Warning!<\/strong> When using it, protective equipment (helmet, shields, gloves) must be worn.<br \/>\n\u2013 The product is a toy and is not intended for use in public transport because it is not adapted for public transport.<br \/>\n\u2013<strong> Warning!<\/strong> Izdelka naj ne uporabljajo otroci, mlaj\u0161i od 36 mesecev, ker izdelek vsebuje majhne delce in lahko pride do zadu\u0161itve<\/p>\n<p>Declared load capacity: 100 kg.<\/p>\n<\/div>\n<\/div>\n<\/div>","protected":false},"excerpt":{"rendered":"<p>Folding scooter Hudora UP 200<\/p>","protected":false},"featured_media":19321,"template":"","meta":{"_acf_changed":false,"inline_featured_image":false,"_monsterinsights_skip_tracking":false,"_monsterinsights_sitenote_active":false,"_monsterinsights_sitenote_note":"","_monsterinsights_sitenote_category":0},"product_brand":[687],"product_cat":[651,495],"product_tag":[1405,1375,1404],"class_list":{"0":"post-10518","1":"product","2":"type-product","3":"status-publish","4":"has-post-thumbnail","6":"product_brand-hudora","7":"product_cat-klasicni-skiroji","8":"product_cat-skiroji","9":"product_tag-otroski-skiro-hudora","10":"product_tag-skiro-hudora","11":"product_tag-skiro-hudora-up-200","13":"first","14":"instock","15":"taxable","16":"shipping-taxable","17":"purchasable","18":"product-type-simple"},"acf":[],"aioseo_notices":[],"_links":{"self":[{"href":"https:\/\/ritosa.click.si\/en\/wp-json\/wp\/v2\/product\/10518","targetHints":{"allow":["GET"]}}],"collection":[{"href":"https:\/\/ritosa.click.si\/en\/wp-json\/wp\/v2\/product"}],"about":[{"href":"https:\/\/ritosa.click.si\/en\/wp-json\/wp\/v2\/types\/product"}],"wp:featuredmedia":[{"embeddable":true,"href":"https:\/\/ritosa.click.si\/en\/wp-json\/wp\/v2\/media\/19321"}],"wp:attachment":[{"href":"https:\/\/ritosa.click.si\/en\/wp-json\/wp\/v2\/media?parent=10518"}],"wp:term":[{"taxonomy":"product_brand","embeddable":true,"href":"https:\/\/ritosa.click.si\/en\/wp-json\/wp\/v2\/product_brand?post=10518"},{"taxonomy":"product_cat","embeddable":true,"href":"https:\/\/ritosa.click.si\/en\/wp-json\/wp\/v2\/product_cat?post=10518"},{"taxonomy":"product_tag","embeddable":true,"href":"https:\/\/ritosa.click.si\/en\/wp-json\/wp\/v2\/product_tag?post=10518"}],"curies":[{"name":"wp","href":"https:\/\/api.w.org\/{rel}","templated":true}]}}