{"id":10511,"date":"2021-09-24T14:09:16","date_gmt":"2021-09-24T14:09:16","guid":{"rendered":"https:\/\/ritosa.click.si\/?post_type=product&#038;p=10511"},"modified":"2026-03-27T18:09:29","modified_gmt":"2026-03-27T17:09:29","slug":"skiro-hudora-fitmotiv","status":"publish","type":"product","link":"https:\/\/ritosa.click.si\/en\/trgovina\/skiroji\/klasicni-skiroji\/skiro-hudora-fitmotiv\/","title":{"rendered":"Scooter Hudora FITMOTIV"},"content":{"rendered":"<div id=\"product.info.description\" class=\"data item content\">\n<div class=\"product attribute description\">\n<div class=\"value\">\n<p>Skiro Fitmotiv 200\u00a0je lahek ter ima stabilno konstrukcijo. Je zlo\u017eljiv, prav tako pa se z lahkoto nastavi tudi vi\u0161ina krmila. Ima velika 200 mm kolesa, s katerimi je mo\u010d dose\u010di vi\u0161jo hitrost. Posebnost skiroja je nizka deska za bolj ugodno vo\u017enjo. Ima kvalitetne le\u017eaje ABEC 7. Nosilnost 100 kg. Garancija 1 leto.<\/p>\n<p>The scooter has a foot brake on the rear wheel, which allows for safe riding. A footrest makes it easier to set up the scooter.<\/p>\n<p>The scooter is suitable for ages 5 and up.<\/p>\n<p>Features:<\/p>\n<ul>\n<li>Aluminum\/steel frame,<\/li>\n<li>foldable,<\/li>\n<li>stable aluminum handlebar with anti-slip grip,<\/li>\n<li>PU 200 mm wheels,<\/li>\n<li>ABEC 7 carbon bearings,<\/li>\n<li>maximum load capacity: 100 kg.<\/li>\n<\/ul>\n<p><b>Warning!<\/b>\u00a0When using it, protective equipment (helmet, shields, gloves) must be worn.<br \/>\n\u2013 The product is a toy and is not intended for use in public transport because it is not adapted for public transport.<br \/>\n<strong>&#8211; Opozorilo!<\/strong> The product should not be used by children under 36 months because the product contains small parts and may pose a choking hazard.<\/p>\n<p>Declared load capacity: 100 kg.<\/p>\n<\/div>\n<\/div>\n<\/div>","protected":false},"excerpt":{"rendered":"<p>Scooter Hudora FITMOTIV<\/p>","protected":false},"featured_media":22566,"template":"","meta":{"_acf_changed":false,"inline_featured_image":false,"_monsterinsights_skip_tracking":false,"_monsterinsights_sitenote_active":false,"_monsterinsights_sitenote_note":"","_monsterinsights_sitenote_category":0},"product_brand":[687],"product_cat":[651,495],"product_tag":[1005,1396],"class_list":{"0":"post-10511","1":"product","2":"type-product","3":"status-publish","4":"has-post-thumbnail","6":"product_brand-hudora","7":"product_cat-klasicni-skiroji","8":"product_cat-skiroji","9":"product_tag-otroski-skiro","10":"product_tag-skiro-hudora-fitmotive","12":"first","13":"instock","14":"sale","15":"taxable","16":"shipping-taxable","17":"purchasable","18":"product-type-simple"},"acf":[],"aioseo_notices":[],"_links":{"self":[{"href":"https:\/\/ritosa.click.si\/en\/wp-json\/wp\/v2\/product\/10511","targetHints":{"allow":["GET"]}}],"collection":[{"href":"https:\/\/ritosa.click.si\/en\/wp-json\/wp\/v2\/product"}],"about":[{"href":"https:\/\/ritosa.click.si\/en\/wp-json\/wp\/v2\/types\/product"}],"wp:featuredmedia":[{"embeddable":true,"href":"https:\/\/ritosa.click.si\/en\/wp-json\/wp\/v2\/media\/22566"}],"wp:attachment":[{"href":"https:\/\/ritosa.click.si\/en\/wp-json\/wp\/v2\/media?parent=10511"}],"wp:term":[{"taxonomy":"product_brand","embeddable":true,"href":"https:\/\/ritosa.click.si\/en\/wp-json\/wp\/v2\/product_brand?post=10511"},{"taxonomy":"product_cat","embeddable":true,"href":"https:\/\/ritosa.click.si\/en\/wp-json\/wp\/v2\/product_cat?post=10511"},{"taxonomy":"product_tag","embeddable":true,"href":"https:\/\/ritosa.click.si\/en\/wp-json\/wp\/v2\/product_tag?post=10511"}],"curies":[{"name":"wp","href":"https:\/\/api.w.org\/{rel}","templated":true}]}}