{"id":10509,"date":"2021-09-24T14:07:04","date_gmt":"2021-09-24T14:07:04","guid":{"rendered":"https:\/\/ritosa.click.si\/?post_type=product&#038;p=10509"},"modified":"2026-03-27T18:15:05","modified_gmt":"2026-03-27T17:15:05","slug":"skiro-hudora-stunt-kids-zelen","status":"publish","type":"product","link":"https:\/\/ritosa.click.si\/en\/trgovina\/skiroji\/freestyle-skiroji\/skiro-hudora-stunt-kids-zelen\/","title":{"rendered":"Hudora STUNT KIDS scooter \u2013 green"},"content":{"rendered":"<div id=\"product.info.description\" class=\"data item content\">\n<div class=\"product attribute description\">\n<div class=\"value\">\n<p>Ideal conditions for dynamic driving!<\/p>\n<p>HUDORA skiro za trike Stunt Kids je o\u010ditni favorit med\u00a0kaskaderskimi skiroji. Skiro je sestavljen iz izredni\u00a0vzdr\u017eljivega aluminija, ki se pona\u0161a z izjemno lahko te\u017eo\u00a03,5 kg.\u00a0Perfektni predpogoji za vo\u017enjo po skate-parku.<\/p>\n<p>Kolesa so namensko zelo majhna, z zgolj\u00a0100 mm premera. Name\u0161\u010dena so na\u00a0oja\u010dana najlonska plati\u0161\u010da, ki se vrtijo na\u00a0ABEC 9 krogli\u010dnih le\u017eajih. Prednost teh, je da se kolesca hitro vrtijo in so o\u010ditno\u00a0namenjena trikom in manj dalj\u0161im potem. Skiro krmilite preko oja\u010danega\u00a0BMX krmila (57 x 50 cm)\u00a0z gumijastimi ro\u010daji in ekstremno mo\u010dnega\u00a0NECO 360o\u00a0krmilnega sistema. Vse skupaj je pri\u010dvr\u0161\u010deno s\u00a0trojno objemko.<\/p>\n<p>Features:<\/p>\n<ul>\n<li>T5 aluminij, s te\u017eo le\u00a03,5 kg.<\/li>\n<li>Majhna\u00a0100 mm\u00a0kolesca, na vzdr\u017eljivih najlonskih plati\u0161\u010dih.<\/li>\n<li>ABEC 9 bearings.<\/li>\n<li>BMX krmilo\u00a0(vi\u0161ina 75 cm), z NECO 360o krmilnim sistemom.<\/li>\n<li>Triple clamp.<\/li>\n<li>Color combination: light blue<\/li>\n<li>Primerno za starost od:\u00a04. leta naprej<\/li>\n<li>number of wheels: 2<\/li>\n<li>Declared load capacity: 100 kg<\/li>\n<li>Composition: Metal, Plastic<\/li>\n<\/ul>\n<p><strong>Warning!<\/strong>\u00a0When using it, protective equipment (helmet, shields, gloves) must be worn.<br \/>\n\u2013 The product is a toy and is not intended for use in public transport because it is not adapted for public transport.<br \/>\n<strong>Warning!<\/strong> The product should not be used by children under 36 months because the product contains small parts and may pose a choking hazard.<\/p>\n<\/div>\n<\/div>\n<\/div>","protected":false},"excerpt":{"rendered":"<p>Hudora Stunt kids scooter for dynamic riding.<\/p>","protected":false},"featured_media":22573,"template":"","meta":{"_acf_changed":false,"inline_featured_image":false},"product_brand":[687],"product_cat":[652,495],"product_tag":[1353,1375,1377,1376,1012],"class_list":{"0":"post-10509","1":"product","2":"type-product","3":"status-publish","4":"has-post-thumbnail","6":"product_brand-hudora","7":"product_cat-freestyle-skiroji","8":"product_cat-skiroji","9":"product_tag-freestyle-skiro","10":"product_tag-skiro-hudora","11":"product_tag-skiro-hudora-stunt-kids","12":"product_tag-skiro-za-skakanje","13":"product_tag-skiro-za-trike","15":"first","16":"instock","17":"sale","18":"taxable","19":"shipping-taxable","20":"purchasable","21":"product-type-simple"},"acf":[],"_links":{"self":[{"href":"https:\/\/ritosa.click.si\/en\/wp-json\/wp\/v2\/product\/10509","targetHints":{"allow":["GET"]}}],"collection":[{"href":"https:\/\/ritosa.click.si\/en\/wp-json\/wp\/v2\/product"}],"about":[{"href":"https:\/\/ritosa.click.si\/en\/wp-json\/wp\/v2\/types\/product"}],"wp:featuredmedia":[{"embeddable":true,"href":"https:\/\/ritosa.click.si\/en\/wp-json\/wp\/v2\/media\/22573"}],"wp:attachment":[{"href":"https:\/\/ritosa.click.si\/en\/wp-json\/wp\/v2\/media?parent=10509"}],"wp:term":[{"taxonomy":"product_brand","embeddable":true,"href":"https:\/\/ritosa.click.si\/en\/wp-json\/wp\/v2\/product_brand?post=10509"},{"taxonomy":"product_cat","embeddable":true,"href":"https:\/\/ritosa.click.si\/en\/wp-json\/wp\/v2\/product_cat?post=10509"},{"taxonomy":"product_tag","embeddable":true,"href":"https:\/\/ritosa.click.si\/en\/wp-json\/wp\/v2\/product_tag?post=10509"}],"curies":[{"name":"wp","href":"https:\/\/api.w.org\/{rel}","templated":true}]}}