{"id":10455,"date":"2021-08-25T13:02:03","date_gmt":"2021-08-25T13:02:03","guid":{"rendered":"https:\/\/ritosa.click.si\/?post_type=product&#038;p=10455"},"modified":"2025-06-23T15:13:36","modified_gmt":"2025-06-23T13:13:36","slug":"look-keo-2-max","status":"publish","type":"product","link":"https:\/\/ritosa.click.si\/en\/trgovina\/cycling\/kolesarska-oprema\/dodatna-oprema-in-rezervni-deli\/pedala\/look-keo-2-max\/","title":{"rendered":"Look Keo 2 MAX"},"content":{"rendered":"<p>Look Keo 2 Max are pedals of the proven Keo system, which has a 12% larger pedal surface. This allows for more comfort, better stability and easier power transfer to the pedal. The durability of the pedal is also improved. The pedal contact surface is made of stainless steel and cast into the pedal body itself. The pedal axle has industrial bearings and double sealing. <\/p>\n<p>Features: <br \/>\u2013 Contents: pair of pedals, pedal pads <br \/>\u2013 Purpose: road, triathlon, time trial <br \/>\u2013 Color: black <br \/>\u2013 Weight: 130g\/pedal <br \/>\u2013 Axle material: Cr-Mo <br \/>\u2013 Housing material: composite <br \/>\u2013 Spring hardness: Adjustable, from 9 to 15Nm<\/p>","protected":false},"excerpt":{"rendered":"<p>Look Keo 2 Max so pedala preizku\u0161enega Keo sistema, ki ima 12% ve\u010djo povr\u0161ino pedala. To ki omogo\u010da ve\u010d udobja, bolj\u0161o stabilnost in la\u017eji prenos mo\u010di na pedalo. Izbolj\u0161ana je tudi obstojnost pedala. Sti\u010dna povr\u0161ina pedala je izdelana iz nerjave\u010dega jekla in vlita v samo ohi\u0161je pedala. Os pedala ima industrijske le\u017eaje in dvojno zatesnitev. [&hellip;]<\/p>\n","protected":false},"featured_media":10456,"template":"","meta":{"_acf_changed":false,"inline_featured_image":false,"_monsterinsights_skip_tracking":false,"_monsterinsights_sitenote_active":false,"_monsterinsights_sitenote_note":"","_monsterinsights_sitenote_category":0},"product_brand":[],"product_cat":[531],"product_tag":[],"class_list":{"0":"post-10455","1":"product","2":"type-product","3":"status-publish","4":"has-post-thumbnail","6":"product_cat-pedala","8":"first","9":"onbackorder","10":"taxable","11":"shipping-taxable","12":"purchasable","13":"product-type-simple"},"acf":[],"aioseo_notices":[],"_links":{"self":[{"href":"https:\/\/ritosa.click.si\/en\/wp-json\/wp\/v2\/product\/10455","targetHints":{"allow":["GET"]}}],"collection":[{"href":"https:\/\/ritosa.click.si\/en\/wp-json\/wp\/v2\/product"}],"about":[{"href":"https:\/\/ritosa.click.si\/en\/wp-json\/wp\/v2\/types\/product"}],"wp:featuredmedia":[{"embeddable":true,"href":"https:\/\/ritosa.click.si\/en\/wp-json\/wp\/v2\/media\/10456"}],"wp:attachment":[{"href":"https:\/\/ritosa.click.si\/en\/wp-json\/wp\/v2\/media?parent=10455"}],"wp:term":[{"taxonomy":"product_brand","embeddable":true,"href":"https:\/\/ritosa.click.si\/en\/wp-json\/wp\/v2\/product_brand?post=10455"},{"taxonomy":"product_cat","embeddable":true,"href":"https:\/\/ritosa.click.si\/en\/wp-json\/wp\/v2\/product_cat?post=10455"},{"taxonomy":"product_tag","embeddable":true,"href":"https:\/\/ritosa.click.si\/en\/wp-json\/wp\/v2\/product_tag?post=10455"}],"curies":[{"name":"wp","href":"https:\/\/api.w.org\/{rel}","templated":true}]}}