{"id":8,"date":"2025-03-21T09:25:55","date_gmt":"2025-03-21T09:25:55","guid":{"rendered":"https:\/\/ritosa.click.si\/cart\/"},"modified":"2025-06-04T12:30:44","modified_gmt":"2025-06-04T10:30:44","slug":"kosarica","status":"publish","type":"page","link":"https:\/\/ritosa.click.si\/en\/kosarica\/","title":{"rendered":"Cart"},"content":{"rendered":"<div data-elementor-type=\"wp-page\" data-elementor-id=\"8\" class=\"elementor elementor-8\" wpc-filter-elementor-widget=\"1\" data-elementor-post-type=\"page\">\n\t\t\t\t<div class=\"elementor-element elementor-element-26e774b e-flex e-con-boxed e-con e-parent\" data-id=\"26e774b\" data-element_type=\"container\" data-e-type=\"container\">\n\t\t\t\t\t<div class=\"e-con-inner\">\n\t\t\t\t\t<\/div>\n\t\t\t\t<\/div>\n\t\t<div class=\"elementor-element elementor-element-322931de e-flex e-con-boxed e-con e-parent\" data-id=\"322931de\" data-element_type=\"container\" data-e-type=\"container\">\n\t\t\t\t\t<div class=\"e-con-inner\">\n\t\t\t\t\t<\/div>\n\t\t\t\t<\/div>\n\t\t\t\t<\/div>","protected":false},"excerpt":{"rendered":"<p>Odstrani predmet Predogledna sli\u010dica Izdelek Cena Koli\u010dina Delni znesek &times; Look Keo 2 MAX Carbon 129,80&nbsp;&euro; Look Keo 2 MAX Carbon koli\u010dina 129,80&nbsp;&euro; Uporabi Znesek Delni znesek 129,80&nbsp;&euro; Dostava Free shipping Mo\u017enosti dostave bodo posodobljene ob zaklju\u010dku nakupa. Izra\u010dunajte dostavo Country \/ region Izberi dr\u017eavo \/ regijo&hellip;Afganistan\u00c5land IslandsAlbanijaAl\u017eirijaAmeri\u0161ka SamoaAndoraAngolaAngvilaAntarktikaAntigva in BarbudaArgentinaArmenijaArubaAvstralijaAvstrijaAzerbajd\u017eanBahamiBahrajnBanglade\u0161BarbadosBelauBelgijaBelizeBelorusijaBeninBermudiBocvanaBolgarijaBolivijaBonaire, Saint Eustatius in SabaBosna [&hellip;]<\/p>\n","protected":false},"author":1,"featured_media":0,"parent":0,"menu_order":0,"comment_status":"closed","ping_status":"closed","template":"","meta":{"_acf_changed":false,"inline_featured_image":false,"footnotes":""},"class_list":["post-8","page","type-page","status-publish","hentry"],"acf":[],"_links":{"self":[{"href":"https:\/\/ritosa.click.si\/en\/wp-json\/wp\/v2\/pages\/8","targetHints":{"allow":["GET"]}}],"collection":[{"href":"https:\/\/ritosa.click.si\/en\/wp-json\/wp\/v2\/pages"}],"about":[{"href":"https:\/\/ritosa.click.si\/en\/wp-json\/wp\/v2\/types\/page"}],"author":[{"embeddable":true,"href":"https:\/\/ritosa.click.si\/en\/wp-json\/wp\/v2\/users\/1"}],"replies":[{"embeddable":true,"href":"https:\/\/ritosa.click.si\/en\/wp-json\/wp\/v2\/comments?post=8"}],"version-history":[{"count":16,"href":"https:\/\/ritosa.click.si\/en\/wp-json\/wp\/v2\/pages\/8\/revisions"}],"predecessor-version":[{"id":5522,"href":"https:\/\/ritosa.click.si\/en\/wp-json\/wp\/v2\/pages\/8\/revisions\/5522"}],"wp:attachment":[{"href":"https:\/\/ritosa.click.si\/en\/wp-json\/wp\/v2\/media?parent=8"}],"curies":[{"name":"wp","href":"https:\/\/api.w.org\/{rel}","templated":true}]}}