{"id":5194,"date":"2025-05-15T15:15:47","date_gmt":"2025-05-15T13:15:47","guid":{"rendered":"https:\/\/ritosa.click.si\/?page_id=5194"},"modified":"2026-04-04T10:16:33","modified_gmt":"2026-04-04T08:16:33","slug":"servis","status":"publish","type":"page","link":"https:\/\/ritosa.click.si\/en\/servis\/","title":{"rendered":"Service"},"content":{"rendered":"<div data-elementor-type=\"wp-page\" data-elementor-id=\"5194\" class=\"elementor elementor-5194\" wpc-filter-elementor-widget=\"1\" data-elementor-post-type=\"page\">\n\t\t\t\t<div class=\"elementor-element elementor-element-01ffdb3 e-flex e-con-boxed e-con e-parent\" data-id=\"01ffdb3\" data-element_type=\"container\" data-e-type=\"container\">\n\t\t\t\t\t<div class=\"e-con-inner\">\n\t\t\t\t\t<\/div>\n\t\t\t\t<\/div>\n\t\t<div class=\"elementor-element elementor-element-6b56169 e-flex e-con-boxed e-con e-parent\" data-id=\"6b56169\" data-element_type=\"container\" data-e-type=\"container\">\n\t\t\t\t\t<div class=\"e-con-inner\">\n\t\t<div class=\"elementor-element elementor-element-9dd7cc7 e-con-full e-flex e-con e-child\" data-id=\"9dd7cc7\" data-element_type=\"container\" data-e-type=\"container\">\n\t\t\t\t<div class=\"elementor-element elementor-element-eeaa2e3 elementor-widget elementor-widget-heading\" data-id=\"eeaa2e3\" data-element_type=\"widget\" data-e-type=\"widget\" data-widget_type=\"heading.default\">\n\t\t\t\t<div class=\"elementor-widget-container\">\n\t\t\t\t\t<h2 class=\"elementor-heading-title elementor-size-default\">About the Service<\/h2>\t\t\t\t<\/div>\n\t\t\t\t<\/div>\n\t\t\t\t<div class=\"elementor-element elementor-element-9d2701d elementor-widget elementor-widget-text-editor\" data-id=\"9d2701d\" data-element_type=\"widget\" data-e-type=\"widget\" data-widget_type=\"text-editor.default\">\n\t\t\t\t<div class=\"elementor-widget-container\">\n\t\t\t\t\t\t\t\t\t<div id=\"lipsum\"><p>Rito\u0161a Bicycle Service has been operating since 1986. We are an authorized service provider for brands such as Cube, Head, Specialized, Author, GT, Rog, SpeedCross\u2026<\/p><p>We service all types of bicycles \u2013 children\u2019s, city, mountain, and electric bikes. We also service roller skates, scooters, and wheelchairs.<\/p><\/div>\t\t\t\t\t\t\t\t<\/div>\n\t\t\t\t<\/div>\n\t\t\t\t<\/div>\n\t\t<div class=\"elementor-element elementor-element-1905a0d e-con-full e-flex e-con e-child\" data-id=\"1905a0d\" data-element_type=\"container\" data-e-type=\"container\">\n\t\t\t\t<div class=\"elementor-element elementor-element-24414e7 elementor-widget elementor-widget-image\" data-id=\"24414e7\" data-element_type=\"widget\" data-e-type=\"widget\" data-widget_type=\"image.default\">\n\t\t\t\t<div class=\"elementor-widget-container\">\n\t\t\t\t\t\t\t\t\t\t\t\t\t\t\t<img fetchpriority=\"high\" decoding=\"async\" width=\"800\" height=\"533\" src=\"https:\/\/ritosa.click.si\/wp-content\/uploads\/2026\/04\/mazanje-verige-servis-koles.jpg\" class=\"attachment-large size-large wp-image-22712\" alt=\"\" srcset=\"https:\/\/ritosa.click.si\/wp-content\/uploads\/2026\/04\/mazanje-verige-servis-koles.jpg 900w, https:\/\/ritosa.click.si\/wp-content\/uploads\/2026\/04\/mazanje-verige-servis-koles-300x200.jpg 300w, https:\/\/ritosa.click.si\/wp-content\/uploads\/2026\/04\/mazanje-verige-servis-koles-150x100.jpg 150w, https:\/\/ritosa.click.si\/wp-content\/uploads\/2026\/04\/mazanje-verige-servis-koles-768x512.jpg 768w, https:\/\/ritosa.click.si\/wp-content\/uploads\/2026\/04\/mazanje-verige-servis-koles-18x12.jpg 18w, https:\/\/ritosa.click.si\/wp-content\/uploads\/2026\/04\/mazanje-verige-servis-koles-600x400.jpg 600w\" sizes=\"(max-width: 800px) 100vw, 800px\" \/>\t\t\t\t\t\t\t\t\t\t\t\t\t\t\t<\/div>\n\t\t\t\t<\/div>\n\t\t\t\t<\/div>\n\t\t\t\t\t<\/div>\n\t\t\t\t<\/div>\n\t\t<div class=\"elementor-element elementor-element-5b76327 e-flex e-con-boxed e-con e-parent\" data-id=\"5b76327\" data-element_type=\"container\" data-e-type=\"container\">\n\t\t\t\t\t<div class=\"e-con-inner\">\n\t\t\t\t<div class=\"elementor-element elementor-element-112c122 elementor-widget elementor-widget-heading\" data-id=\"112c122\" data-element_type=\"widget\" data-e-type=\"widget\" data-widget_type=\"heading.default\">\n\t\t\t\t<div class=\"elementor-widget-container\">\n\t\t\t\t\t<h2 class=\"elementor-heading-title elementor-size-default\">Price List of Services (prices include VAT)<\/h2>\t\t\t\t<\/div>\n\t\t\t\t<\/div>\n\t\t\t\t<div class=\"elementor-element elementor-element-0b0bfb0 elementor-widget__width-initial elementor-widget elementor-widget-text-editor\" data-id=\"0b0bfb0\" data-element_type=\"widget\" data-e-type=\"widget\" data-widget_type=\"text-editor.default\">\n\t\t\t\t<div class=\"elementor-widget-container\">\n\t\t\t\t\t\t\t\t\t<table><tbody><tr><td width=\"489\">(9) \u2013 MINI SERVIS &#8211; KONTORLA KOLESA<\/td><td width=\"175\">35,00 \u20ac<\/td><\/tr><tr><td width=\"489\">(10) \u2013 MINI SERVIS + PRANJE KOLESA<\/td><td width=\"175\">40,00 \u20ac<\/td><\/tr><tr><td width=\"489\">(9E) \u2013 MINI SERVIS &#8211; KONTORLA EL. KOLESA<\/td><td width=\"175\">40,00 \u20ac<\/td><\/tr><tr><td width=\"489\">(4) \u2013 SERVIS KOLESA<\/td><td width=\"175\">60,00 &#8211; 120,00 \u20ac<\/td><\/tr><tr><td width=\"489\">(3) \u2013 PREMONTA\u017dA ZRA\u010cNICE<\/td><td width=\"175\">8,00 &#8211; 15,00 \u20ac<\/td><\/tr><tr><td width=\"489\">(3E) \u2013 PREMONTA\u017dA ZRA\u010cNICE\u00a0 EL.KOLESA<\/td><td width=\"175\">12,00 \u20ac<\/td><\/tr><tr><td width=\"489\">(3S) \u2013 PREMONTA\u017dA GUME NA EL. SKIROJU<\/td><td width=\"175\">20,00 \u20ac<\/td><\/tr><tr><td width=\"489\">(5) \u2013 CENTRIRANJE KOLESA<\/td><td width=\"175\">18,00 \u20ac<\/td><\/tr><tr><td width=\"489\">(6) \u2013 PREMONTA\u017dA OBRO\u010cA<\/td><td width=\"175\">35,00 \u20ac<\/td><\/tr><tr><td width=\"489\">(7) \u2013 PREMONTA\u017dA PESTA<\/td><td width=\"175\">40,00 \u20ac<\/td><\/tr><tr><td width=\"489\">(13) \u2013 NASTAVITEV ZAVOR<\/td><td width=\"175\">18,00 \u20ac<\/td><\/tr><tr><td width=\"489\">(27) \u2013 NASTAVITEV DISK ZAVOR<\/td><td width=\"175\">20,00 \u20ac<\/td><\/tr><tr><td width=\"489\">(14) \u2013 NASTAVITEV PRESTAV<\/td><td width=\"175\">18,00 \u20ac<\/td><\/tr><tr><td width=\"489\">(27A) \u2013 MONTA\u017dA \u0160TEVCA<\/td><td width=\"175\">10,00 \u20ac<\/td><\/tr><tr><td width=\"489\">(28A) \u2013 MONTA\u017dA OTRO\u0160KEGA SEDE\u017dA<\/td><td width=\"175\">10,00 \u20ac<\/td><\/tr><tr><td width=\"489\">(10A) \u2013 PRANJE KOLESA IN \u010cI\u0160\u010cENJE<\/td><td width=\"175\">12,00 \u20ac<\/td><\/tr><tr><td width=\"489\">(29A) \u2013 URA DELA \u2013 POPRAVILO KOLESA<\/td><td width=\"175\">30,00 \u20ac<\/td><\/tr><tr><td width=\"489\">(29E) \u2013 URA DELA \u2013 POPRAVILO EL.KOLESA<\/td><td width=\"175\">45,00 \u20ac<\/td><\/tr><tr><td width=\"489\">(26) \u2013 PREVOZ KOLESA PO OBALI<\/td><td width=\"175\">15,00 \u20ac<\/td><\/tr><\/tbody><\/table><p>HITRA POPRAVILA \u2013 <u>DOPLA\u010cILO 50%<\/u><\/p>\t\t\t\t\t\t\t\t<\/div>\n\t\t\t\t<\/div>\n\t\t\t\t<div class=\"elementor-element elementor-element-e85550c elementor-widget elementor-widget-button\" data-id=\"e85550c\" data-element_type=\"widget\" data-e-type=\"widget\" data-widget_type=\"button.default\">\n\t\t\t\t<div class=\"elementor-widget-container\">\n\t\t\t\t\t\t\t\t\t<div class=\"elementor-button-wrapper\">\n\t\t\t\t\t<a class=\"elementor-button elementor-button-link elementor-size-sm\" href=\"\/wp-content\/uploads\/2026\/04\/cenik-storitev-2026-kolesa-.pdf\" target=\"_blank\">\n\t\t\t\t\t\t<span class=\"elementor-button-content-wrapper\">\n\t\t\t\t\t\t\t\t\t<span class=\"elementor-button-text\">Prenesi cenik v  PDF obliki<\/span>\n\t\t\t\t\t<\/span>\n\t\t\t\t\t<\/a>\n\t\t\t\t<\/div>\n\t\t\t\t\t\t\t\t<\/div>\n\t\t\t\t<\/div>\n\t\t\t\t\t<\/div>\n\t\t\t\t<\/div>\n\t\t<div class=\"elementor-element elementor-element-f4ec89e elementor-hidden-desktop elementor-hidden-tablet elementor-hidden-mobile e-flex e-con-boxed e-con e-parent\" data-id=\"f4ec89e\" data-element_type=\"container\" data-e-type=\"container\">\n\t\t\t\t\t<div class=\"e-con-inner\">\n\t\t<div class=\"elementor-element elementor-element-3940e25 e-con-full e-flex e-con e-child\" data-id=\"3940e25\" data-element_type=\"container\" data-e-type=\"container\">\n\t\t\t\t<div class=\"elementor-element elementor-element-ceed380 elementor-widget elementor-widget-heading\" data-id=\"ceed380\" data-element_type=\"widget\" data-e-type=\"widget\" data-widget_type=\"heading.default\">\n\t\t\t\t<div class=\"elementor-widget-container\">\n\t\t\t\t\t<h2 class=\"elementor-heading-title elementor-size-default\">Service form<\/h2>\t\t\t\t<\/div>\n\t\t\t\t<\/div>\n\t\t\t\t<div class=\"elementor-element elementor-element-461acd6 elementor-widget elementor-widget-shortcode\" data-id=\"461acd6\" data-element_type=\"widget\" data-e-type=\"widget\" data-widget_type=\"shortcode.default\">\n\t\t\t\t<div class=\"elementor-widget-container\">\n\t\t\t\t\t\t\t<div class=\"elementor-shortcode\"><div class=\"forminator-ui forminator-custom-form forminator-custom-form-18746 forminator-design--default forminator-enclosed forminator_ajax\" data-forminator-render=\"0\" data-form=\"forminator-module-18746\" data-uid=\"69d5f50279c60\"><br\/><\/div><form\n\t\t\t\tid=\"forminator-module-18746\"\n\t\t\t\tclass=\"forminator-ui forminator-custom-form forminator-custom-form-18746 forminator-design--default forminator-enclosed forminator_ajax\"\n\t\t\t\tmethod=\"post\"\n\t\t\t\tdata-forminator-render=\"0\"\n\t\t\t\tdata-form-id=\"18746\"\n\t\t\t\t data-color-option=\"theme\" data-design=\"default\" data-grid=\"enclosed\" style=\"display: none;\"\n\t\t\t\tdata-uid=\"69d5f50279c60\" action=\"\"\n\t\t\t><div role=\"alert\" aria-live=\"polite\" class=\"forminator-response-message forminator-error\" aria-hidden=\"true\"><\/div><div class=\"forminator-row\"><div id=\"name-1\" class=\"forminator-field-name forminator-col forminator-col-12\"><div class=\"forminator-field\"><label for=\"forminator-field-name-1_69d5f50279c60\" id=\"forminator-field-name-1_69d5f50279c60-label\" class=\"forminator-label\">First and last name <span class=\"forminator-required\">*<\/span><\/label><input type=\"text\" name=\"name-1\" value=\"\" placeholder=\"First and last name\" id=\"forminator-field-name-1_69d5f50279c60\" class=\"forminator-input forminator-name--field\" aria-required=\"true\" autocomplete=\"name\" \/><\/div><\/div><\/div><div class=\"forminator-row\"><div id=\"email-1\" class=\"forminator-field-email forminator-col forminator-col-6\"><div class=\"forminator-field\"><label for=\"forminator-field-email-1_69d5f50279c60\" id=\"forminator-field-email-1_69d5f50279c60-label\" class=\"forminator-label\">Email address <span class=\"forminator-required\">*<\/span><\/label><input type=\"email\" name=\"email-1\" value=\"\" placeholder=\"Email address\" id=\"forminator-field-email-1_69d5f50279c60\" class=\"forminator-input forminator-email--field\" data-required=\"true\" aria-required=\"true\" autocomplete=\"email\" \/><\/div><\/div><div id=\"phone-1\" class=\"forminator-field-phone forminator-col forminator-col-6\"><div class=\"forminator-field\"><label for=\"forminator-field-phone-1_69d5f50279c60\" id=\"forminator-field-phone-1_69d5f50279c60-label\" class=\"forminator-label\">Phone number<\/label><input type=\"text\" name=\"phone-1\" value=\"\" placeholder=\"Phone number\" id=\"forminator-field-phone-1_69d5f50279c60\" class=\"forminator-input forminator-field--phone\" data-required=\"\" aria-required=\"false\" autocomplete=\"off\" data-national_mode=\"disabled\" data-country=\"si\" data-validation=\"international\" \/><\/div><\/div><\/div><div class=\"forminator-row\"><div id=\"select-1\" class=\"forminator-field-select forminator-col forminator-col-12\"><div class=\"forminator-field\"><label for=\"forminator-form-18746__field--select-1_69d5f50279c60\" id=\"forminator-form-18746__field--select-1_69d5f50279c60-label\" class=\"forminator-label\">What do you need? <span class=\"forminator-required\">*<\/span><\/label><select multiple id=\"forminator-form-18746__field--select-1_69d5f50279c60\" class=\"forminator-select--field forminator-select2 forminator-select2-multiple\" data-required=\"1\" name=\"select-1[]\" data-default-value=\"\" data-hidden-behavior=\"zero\" data-placeholder=\"--Kaj potrebujete?--\" data-search=\"false\" data-search-placeholder=\"Search\" data-checkbox=\"false\" data-allow-clear=\"true\" aria-labelledby=\"forminator-form-18746__field--select-1_69d5f50279c60-label\"><option value=\"Servis kolesa\"  data-calculation=\"0\">Bicycle service<\/option><option value=\"Servis-smu\u010di-ali-snowborarda\"  data-calculation=\"0\">Ski or snowboard service<\/option><option value=\"Drugo\"  data-calculation=\"0\">Other<\/option><\/select><\/div><\/div><\/div><div class=\"forminator-row\"><div id=\"date-1\" class=\"forminator-field-date forminator-col forminator-col-12\"><div class=\"forminator-field\"><label for=\"forminator-field-date-1-picker_69d5f50279c60\" id=\"forminator-field-date-1-picker_69d5f50279c60-label\" class=\"forminator-label\">Desired service date<\/label><input autocomplete=\"off\" type=\"text\" size=\"1\" name=\"date-1\" value=\"\" placeholder=\"Desired service date\" id=\"forminator-field-date-1-picker_69d5f50279c60\" class=\"forminator-input forminator-datepicker\" data-required=\"\" data-format=\"dd-mm-yy\" data-restrict-type=\"week\" data-restrict=\"0,6\" data-start-year=\"1926\" data-end-year=\"2126\" data-past-dates=\"enable\" data-start-of-week=\"1\" data-start-date=\"\" data-end-date=\"\" data-start-field=\"\" data-end-field=\"\" data-start-offset=\"\" data-end-offset=\"\" data-disable-date=\"\" data-disable-range=\"\" \/><\/div><\/div><\/div><div class=\"forminator-row\"><div id=\"radio-1\" class=\"forminator-field-radio forminator-col forminator-col-12\"><div role=\"radiogroup\" class=\"forminator-field\" aria-labelledby=\"forminator-radiogroup-radio-1-69d5f50279c60-label\" aria-describedby=\"forminator-radiogroup-radio-1-69d5f50279c60-description\"><span id=\"forminator-radiogroup-radio-1-69d5f50279c60-label\" class=\"forminator-label\">Arrival time<\/span><span id=\"forminator-radiogroup-radio-1-69d5f50279c60-description\" class=\"forminator-description\">Arrival time<\/span><label id=\"forminator-field-radio-1-label-1\" for=\"forminator-field-radio-1-1-69d5f50279c60\" class=\"forminator-radio forminator-radio-inline\" title=\"morning (9:00-13:00)\"><input type=\"radio\" name=\"radio-1\" value=\"one\" id=\"forminator-field-radio-1-1-69d5f50279c60\" aria-labelledby=\"forminator-field-radio-1-label-1\" data-calculation=\"0\"   data-hidden-behavior=\"zero\" aria-describedby=\"forminator-field-radio-1-69d5f50279c60-description\"\/><span class=\"forminator-radio-bullet\" aria-hidden=\"true\"><\/span><span class=\"forminator-radio-label\">morning (9:00-13:00)<\/span><\/label><label id=\"forminator-field-radio-1-label-2\" for=\"forminator-field-radio-1-2-69d5f50279c60\" class=\"forminator-radio forminator-radio-inline\" title=\"afternoon (3:00 PM-6:00 PM)\"><input type=\"radio\" name=\"radio-1\" value=\"two\" id=\"forminator-field-radio-1-2-69d5f50279c60\" aria-labelledby=\"forminator-field-radio-1-label-2\" data-calculation=\"0\"   data-hidden-behavior=\"zero\" aria-describedby=\"forminator-field-radio-1-69d5f50279c60-description\"\/><span class=\"forminator-radio-bullet\" aria-hidden=\"true\"><\/span><span class=\"forminator-radio-label\">afternoon (3:00 PM-6:00 PM)<\/span><\/label><\/div><\/div><\/div><div class=\"forminator-row\"><div id=\"textarea-1\" class=\"forminator-field-textarea forminator-col forminator-col-12\"><div class=\"forminator-field\"><label for=\"forminator-field-textarea-1_69d5f50279c60\" id=\"forminator-field-textarea-1_69d5f50279c60-label\" class=\"forminator-label\">Message <span class=\"forminator-required\">*<\/span><\/label><span id=\"forminator-field-textarea-1_69d5f50279c60-description\" class=\"forminator-description\"><span data-limit=\"180\" data-type=\"characters\" data-editor=\"\">0 \/ 180<\/span><\/span><textarea name=\"textarea-1\" placeholder=\"Describe the problem\" id=\"forminator-field-textarea-1_69d5f50279c60\" class=\"forminator-textarea\" rows=\"6\" style=\"min-height:140px;\" maxlength=\"180\" ><\/textarea><\/div><\/div><\/div><input type=\"hidden\" name=\"referer_url\" value=\"\" \/><div class=\"forminator-row forminator-row-last\"><div class=\"forminator-col\"><div class=\"forminator-field\"><button class=\"forminator-button forminator-button-submit\">Send<\/button><\/div><\/div><\/div><input type=\"hidden\" id=\"forminator_nonce\" name=\"forminator_nonce\" value=\"c6c929d61f\" \/><input type=\"hidden\" name=\"_wp_http_referer\" value=\"\/en\/wp-json\/wp\/v2\/pages\/5194\" \/><input type=\"hidden\" name=\"form_id\" value=\"18746\"><input type=\"hidden\" name=\"page_id\" value=\"5194\"><input type=\"hidden\" name=\"form_type\" value=\"default\"><input type=\"hidden\" name=\"current_url\" value=\"https:\/\/ritosa.click.si\/en\/servis\/\"><input type=\"hidden\" name=\"render_id\" value=\"0\"><input type=\"hidden\" name=\"action\" value=\"forminator_submit_form_custom-forms\"><input type=\"hidden\" name=\"trp-form-language\" value=\"en\"\/><\/form><\/div>\n\t\t\t\t\t\t<\/div>\n\t\t\t\t<\/div>\n\t\t\t\t<\/div>\n\t\t<div class=\"elementor-element elementor-element-f31232f e-con-full e-flex e-con e-child\" data-id=\"f31232f\" data-element_type=\"container\" data-e-type=\"container\">\n\t\t\t\t<div class=\"elementor-element elementor-element-1c67c75 elementor-widget elementor-widget-image\" data-id=\"1c67c75\" data-element_type=\"widget\" data-e-type=\"widget\" data-widget_type=\"image.default\">\n\t\t\t\t<div class=\"elementor-widget-container\">\n\t\t\t\t\t\t\t\t\t\t\t\t\t\t\t<img decoding=\"async\" width=\"726\" height=\"531\" src=\"https:\/\/ritosa.click.si\/wp-content\/uploads\/2025\/05\/trgovina-notri.jpg\" class=\"attachment-large size-large wp-image-5281\" alt=\"\" srcset=\"https:\/\/ritosa.click.si\/wp-content\/uploads\/2025\/05\/trgovina-notri.jpg 726w, https:\/\/ritosa.click.si\/wp-content\/uploads\/2025\/05\/trgovina-notri-300x219.jpg 300w, https:\/\/ritosa.click.si\/wp-content\/uploads\/2025\/05\/trgovina-notri-600x439.jpg 600w\" sizes=\"(max-width: 726px) 100vw, 726px\" \/>\t\t\t\t\t\t\t\t\t\t\t\t\t\t\t<\/div>\n\t\t\t\t<\/div>\n\t\t\t\t<\/div>\n\t\t\t\t\t<\/div>\n\t\t\t\t<\/div>\n\t\t\t\t<\/div>","protected":false},"excerpt":{"rendered":"<p>O servisu Servis koles Rito\u0161a deluje \u017ee od leta 1986. Smo uradni servis za znamke Cube, Head, Specialized, Author, GT, Rog, SpeedCross&#8230; Servisiramo vse vrste koles \u2013 otro\u0161ka, mestna, gorska in elektri\u010dna. Servisiramo tudi rolerje, skiroje in invalidske vozi\u010dke. Cenik storitev (cene z DDV) (9) \u2013 MINI SERVIS &#8211; KONTORLA KOLESA 35,00 \u20ac (10) \u2013 [&hellip;]<\/p>\n","protected":false},"author":1,"featured_media":0,"parent":0,"menu_order":0,"comment_status":"closed","ping_status":"closed","template":"","meta":{"_acf_changed":false,"inline_featured_image":false,"footnotes":""},"class_list":["post-5194","page","type-page","status-publish","hentry"],"acf":[],"_links":{"self":[{"href":"https:\/\/ritosa.click.si\/en\/wp-json\/wp\/v2\/pages\/5194","targetHints":{"allow":["GET"]}}],"collection":[{"href":"https:\/\/ritosa.click.si\/en\/wp-json\/wp\/v2\/pages"}],"about":[{"href":"https:\/\/ritosa.click.si\/en\/wp-json\/wp\/v2\/types\/page"}],"author":[{"embeddable":true,"href":"https:\/\/ritosa.click.si\/en\/wp-json\/wp\/v2\/users\/1"}],"replies":[{"embeddable":true,"href":"https:\/\/ritosa.click.si\/en\/wp-json\/wp\/v2\/comments?post=5194"}],"version-history":[{"count":22,"href":"https:\/\/ritosa.click.si\/en\/wp-json\/wp\/v2\/pages\/5194\/revisions"}],"predecessor-version":[{"id":22715,"href":"https:\/\/ritosa.click.si\/en\/wp-json\/wp\/v2\/pages\/5194\/revisions\/22715"}],"wp:attachment":[{"href":"https:\/\/ritosa.click.si\/en\/wp-json\/wp\/v2\/media?parent=5194"}],"curies":[{"name":"wp","href":"https:\/\/api.w.org\/{rel}","templated":true}]}}